{"id":8736,"date":"2016-11-24T18:01:01","date_gmt":"2016-11-24T18:01:01","guid":{"rendered":"http:\/\/terjebjornstad.com\/no\/?page_id=8736"},"modified":"2026-03-04T00:42:18","modified_gmt":"2026-03-03T23:42:18","slug":"opel-ampera-e","status":"publish","type":"page","link":"https:\/\/terjebjornstad.com\/no\/opel-ampera-e\/","title":{"rendered":""},"content":{"rendered":"<div class=\"copy_teb\"><center>Du blir automatisk omdirigert til:<\/p>\n<figure id=\"attachment_8698\" aria-describedby=\"caption-attachment-8698\" style=\"width: 297px\" class=\"wp-caption aligncenter\"><a href=\"https:\/\/terjebjornstad.com\/no\/2016\/11\/24\/opelen-alle-snakker-om\/\"><img data-recalc-dims=\"1\" loading=\"lazy\" decoding=\"async\" data-attachment-id=\"8698\" data-permalink=\"https:\/\/terjebjornstad.com\/no\/2016\/11\/24\/opelen-alle-snakker-om\/opel-ampera-e-5\/\" data-orig-file=\"https:\/\/i0.wp.com\/terjebjornstad.com\/no\/wp-content\/uploads\/2016\/11\/opel-ampera-e-5.png?fit=686%2C694&amp;ssl=1\" data-orig-size=\"686,694\" data-comments-opened=\"1\" data-image-meta=\"{&quot;aperture&quot;:&quot;0&quot;,&quot;credit&quot;:&quot;&quot;,&quot;camera&quot;:&quot;&quot;,&quot;caption&quot;:&quot;&quot;,&quot;created_timestamp&quot;:&quot;0&quot;,&quot;copyright&quot;:&quot;&quot;,&quot;focal_length&quot;:&quot;0&quot;,&quot;iso&quot;:&quot;0&quot;,&quot;shutter_speed&quot;:&quot;0&quot;,&quot;title&quot;:&quot;&quot;,&quot;orientation&quot;:&quot;0&quot;}\" data-image-title=\"opel-ampera-e-5\" data-image-description=\"\" data-image-caption=\"&lt;p&gt;Opel Ampera e&lt;\/p&gt;\n\" data-large-file=\"https:\/\/i0.wp.com\/terjebjornstad.com\/no\/wp-content\/uploads\/2016\/11\/opel-ampera-e-5.png?fit=686%2C694&amp;ssl=1\" src=\"https:\/\/i0.wp.com\/terjebjornstad.com\/no\/wp-content\/uploads\/2016\/11\/opel-ampera-e-5.png?resize=199%2C200&#038;ssl=1\" alt=\"opel\" width=\"199\" height=\"200\" class=\"size-medium wp-image-8698\" srcset=\"https:\/\/i0.wp.com\/terjebjornstad.com\/no\/wp-content\/uploads\/2016\/11\/opel-ampera-e-5.png?resize=297%2C300&amp;ssl=1 297w, https:\/\/i0.wp.com\/terjebjornstad.com\/no\/wp-content\/uploads\/2016\/11\/opel-ampera-e-5.png?resize=150%2C150&amp;ssl=1 150w, https:\/\/i0.wp.com\/terjebjornstad.com\/no\/wp-content\/uploads\/2016\/11\/opel-ampera-e-5.png?resize=50%2C50&amp;ssl=1 50w, https:\/\/i0.wp.com\/terjebjornstad.com\/no\/wp-content\/uploads\/2016\/11\/opel-ampera-e-5.png?w=686&amp;ssl=1 686w\" sizes=\"auto, (max-width: 199px) 100vw, 199px\" \/><\/a><figcaption id=\"caption-attachment-8698\" class=\"wp-caption-text\">Opelen alle snakker om<\/figcaption><\/figure>\n<h6><\/h6>\n<p>\t\t<meta http-equiv=\"refresh\" content=\"5; url=https:\/\/terjebjornstad.com\/no\/2016\/11\/24\/opelen-alle-snakker-om\/\">\n\t\tVent 5 sekunder - eller <a href=\"https:\/\/terjebjornstad.com\/no\/2016\/11\/24\/opelen-alle-snakker-om\/\">Klikk her<\/a> hvis du ikke vil vente.\n<br \/>\n<\/center><\/p>\n<h6><\/h6>\n<\/div>\n","protected":false},"excerpt":{"rendered":"<p>Du blir automatisk omdirigert til:<\/p>\n","protected":false},"author":1,"featured_media":0,"parent":0,"menu_order":0,"comment_status":"closed","ping_status":"closed","template":"","meta":{"_monsterinsights_skip_tracking":false,"_monsterinsights_sitenote_active":false,"_monsterinsights_sitenote_note":"","_monsterinsights_sitenote_category":0,"jetpack_post_was_ever_published":false,"footnotes":""},"class_list":["post-8736","page","type-page","status-publish","hentry"],"yoast_head":"<!-- This site is optimized with the Yoast SEO plugin v27.3 - https:\/\/yoast.com\/product\/yoast-seo-wordpress\/ -->\n<title>- Terjes biler<\/title>\n<meta name=\"robots\" content=\"index, follow, max-snippet:-1, max-image-preview:large, max-video-preview:-1\" \/>\n<link rel=\"canonical\" href=\"https:\/\/terjebjornstad.com\/no\/opel-ampera-e\/\" \/>\n<meta property=\"og:locale\" content=\"nb_NO\" \/>\n<meta property=\"og:type\" content=\"article\" \/>\n<meta property=\"og:title\" content=\"- Terjes biler\" \/>\n<meta property=\"og:description\" content=\"Du blir automatisk omdirigert til:\" \/>\n<meta property=\"og:url\" content=\"https:\/\/terjebjornstad.com\/no\/opel-ampera-e\/\" \/>\n<meta property=\"og:site_name\" content=\"Terjes biler\" \/>\n<meta property=\"article:publisher\" content=\"https:\/\/www.facebook.com\/terjesbiler\/\" \/>\n<meta property=\"article:modified_time\" content=\"2026-03-03T23:42:18+00:00\" \/>\n<meta property=\"og:image\" content=\"https:\/\/terjebjornstad.com\/no\/wp-content\/uploads\/2016\/11\/opel-ampera-e-5-297x300.png\" \/>\n<meta name=\"twitter:card\" content=\"summary_large_image\" \/>\n<meta name=\"twitter:label1\" content=\"Ansl. lesetid\" \/>\n\t<meta name=\"twitter:data1\" content=\"1 minutt\" \/>\n<script type=\"application\/ld+json\" class=\"yoast-schema-graph\">{\"@context\":\"https:\\\/\\\/schema.org\",\"@graph\":[{\"@type\":\"WebPage\",\"@id\":\"https:\\\/\\\/terjebjornstad.com\\\/no\\\/opel-ampera-e\\\/\",\"url\":\"https:\\\/\\\/terjebjornstad.com\\\/no\\\/opel-ampera-e\\\/\",\"name\":\"- Terjes biler\",\"isPartOf\":{\"@id\":\"https:\\\/\\\/terjebjornstad.com\\\/no\\\/#website\"},\"primaryImageOfPage\":{\"@id\":\"https:\\\/\\\/terjebjornstad.com\\\/no\\\/opel-ampera-e\\\/#primaryimage\"},\"image\":{\"@id\":\"https:\\\/\\\/terjebjornstad.com\\\/no\\\/opel-ampera-e\\\/#primaryimage\"},\"thumbnailUrl\":\"https:\\\/\\\/terjebjornstad.com\\\/no\\\/wp-content\\\/uploads\\\/2016\\\/11\\\/opel-ampera-e-5-297x300.png\",\"datePublished\":\"2016-11-24T18:01:01+00:00\",\"dateModified\":\"2026-03-03T23:42:18+00:00\",\"inLanguage\":\"nb-NO\",\"potentialAction\":[{\"@type\":\"ReadAction\",\"target\":[\"https:\\\/\\\/terjebjornstad.com\\\/no\\\/opel-ampera-e\\\/\"]}]},{\"@type\":\"ImageObject\",\"inLanguage\":\"nb-NO\",\"@id\":\"https:\\\/\\\/terjebjornstad.com\\\/no\\\/opel-ampera-e\\\/#primaryimage\",\"url\":\"https:\\\/\\\/i0.wp.com\\\/terjebjornstad.com\\\/no\\\/wp-content\\\/uploads\\\/2016\\\/11\\\/opel-ampera-e-5.png?fit=686%2C694&ssl=1\",\"contentUrl\":\"https:\\\/\\\/i0.wp.com\\\/terjebjornstad.com\\\/no\\\/wp-content\\\/uploads\\\/2016\\\/11\\\/opel-ampera-e-5.png?fit=686%2C694&ssl=1\",\"width\":686,\"height\":694,\"caption\":\"Opel Ampera e\"},{\"@type\":\"WebSite\",\"@id\":\"https:\\\/\\\/terjebjornstad.com\\\/no\\\/#website\",\"url\":\"https:\\\/\\\/terjebjornstad.com\\\/no\\\/\",\"name\":\"Terjes biler\",\"description\":\"HONEST ABOUT CARS\",\"publisher\":{\"@id\":\"https:\\\/\\\/terjebjornstad.com\\\/no\\\/#organization\"},\"alternateName\":\"Terjebjornstad.com\",\"potentialAction\":[{\"@type\":\"SearchAction\",\"target\":{\"@type\":\"EntryPoint\",\"urlTemplate\":\"https:\\\/\\\/terjebjornstad.com\\\/no\\\/?s={search_term_string}\"},\"query-input\":{\"@type\":\"PropertyValueSpecification\",\"valueRequired\":true,\"valueName\":\"search_term_string\"}}],\"inLanguage\":\"nb-NO\"},{\"@type\":\"Organization\",\"@id\":\"https:\\\/\\\/terjebjornstad.com\\\/no\\\/#organization\",\"name\":\"Terje Bj\u00f8rnstad ENK\",\"url\":\"https:\\\/\\\/terjebjornstad.com\\\/no\\\/\",\"logo\":{\"@type\":\"ImageObject\",\"inLanguage\":\"nb-NO\",\"@id\":\"https:\\\/\\\/terjebjornstad.com\\\/no\\\/#\\\/schema\\\/logo\\\/image\\\/\",\"url\":\"https:\\\/\\\/i0.wp.com\\\/terjebjornstad.com\\\/no\\\/wp-content\\\/uploads\\\/2026\\\/02\\\/terjesbiler2024-960x354-1.png?fit=960%2C354&ssl=1\",\"contentUrl\":\"https:\\\/\\\/i0.wp.com\\\/terjebjornstad.com\\\/no\\\/wp-content\\\/uploads\\\/2026\\\/02\\\/terjesbiler2024-960x354-1.png?fit=960%2C354&ssl=1\",\"width\":960,\"height\":354,\"caption\":\"Terje Bj\u00f8rnstad ENK\"},\"image\":{\"@id\":\"https:\\\/\\\/terjebjornstad.com\\\/no\\\/#\\\/schema\\\/logo\\\/image\\\/\"},\"sameAs\":[\"https:\\\/\\\/www.facebook.com\\\/terjesbiler\\\/\",\"https:\\\/\\\/www.instagram.com\\\/terjesbiler\\\/\",\"https:\\\/\\\/www.pinteres.com\\\/terjebjrnstad\\\/terjes-biler\\\/\"]}]}<\/script>\n<!-- \/ Yoast SEO plugin. -->","yoast_head_json":{"title":"- Terjes biler","robots":{"index":"index","follow":"follow","max-snippet":"max-snippet:-1","max-image-preview":"max-image-preview:large","max-video-preview":"max-video-preview:-1"},"canonical":"https:\/\/terjebjornstad.com\/no\/opel-ampera-e\/","og_locale":"nb_NO","og_type":"article","og_title":"- Terjes biler","og_description":"Du blir automatisk omdirigert til:","og_url":"https:\/\/terjebjornstad.com\/no\/opel-ampera-e\/","og_site_name":"Terjes biler","article_publisher":"https:\/\/www.facebook.com\/terjesbiler\/","article_modified_time":"2026-03-03T23:42:18+00:00","og_image":[{"url":"https:\/\/terjebjornstad.com\/no\/wp-content\/uploads\/2016\/11\/opel-ampera-e-5-297x300.png","type":"","width":"","height":""}],"twitter_card":"summary_large_image","twitter_misc":{"Ansl. lesetid":"1 minutt"},"schema":{"@context":"https:\/\/schema.org","@graph":[{"@type":"WebPage","@id":"https:\/\/terjebjornstad.com\/no\/opel-ampera-e\/","url":"https:\/\/terjebjornstad.com\/no\/opel-ampera-e\/","name":"- Terjes biler","isPartOf":{"@id":"https:\/\/terjebjornstad.com\/no\/#website"},"primaryImageOfPage":{"@id":"https:\/\/terjebjornstad.com\/no\/opel-ampera-e\/#primaryimage"},"image":{"@id":"https:\/\/terjebjornstad.com\/no\/opel-ampera-e\/#primaryimage"},"thumbnailUrl":"https:\/\/terjebjornstad.com\/no\/wp-content\/uploads\/2016\/11\/opel-ampera-e-5-297x300.png","datePublished":"2016-11-24T18:01:01+00:00","dateModified":"2026-03-03T23:42:18+00:00","inLanguage":"nb-NO","potentialAction":[{"@type":"ReadAction","target":["https:\/\/terjebjornstad.com\/no\/opel-ampera-e\/"]}]},{"@type":"ImageObject","inLanguage":"nb-NO","@id":"https:\/\/terjebjornstad.com\/no\/opel-ampera-e\/#primaryimage","url":"https:\/\/i0.wp.com\/terjebjornstad.com\/no\/wp-content\/uploads\/2016\/11\/opel-ampera-e-5.png?fit=686%2C694&ssl=1","contentUrl":"https:\/\/i0.wp.com\/terjebjornstad.com\/no\/wp-content\/uploads\/2016\/11\/opel-ampera-e-5.png?fit=686%2C694&ssl=1","width":686,"height":694,"caption":"Opel Ampera e"},{"@type":"WebSite","@id":"https:\/\/terjebjornstad.com\/no\/#website","url":"https:\/\/terjebjornstad.com\/no\/","name":"Terjes biler","description":"HONEST ABOUT CARS","publisher":{"@id":"https:\/\/terjebjornstad.com\/no\/#organization"},"alternateName":"Terjebjornstad.com","potentialAction":[{"@type":"SearchAction","target":{"@type":"EntryPoint","urlTemplate":"https:\/\/terjebjornstad.com\/no\/?s={search_term_string}"},"query-input":{"@type":"PropertyValueSpecification","valueRequired":true,"valueName":"search_term_string"}}],"inLanguage":"nb-NO"},{"@type":"Organization","@id":"https:\/\/terjebjornstad.com\/no\/#organization","name":"Terje Bj\u00f8rnstad ENK","url":"https:\/\/terjebjornstad.com\/no\/","logo":{"@type":"ImageObject","inLanguage":"nb-NO","@id":"https:\/\/terjebjornstad.com\/no\/#\/schema\/logo\/image\/","url":"https:\/\/i0.wp.com\/terjebjornstad.com\/no\/wp-content\/uploads\/2026\/02\/terjesbiler2024-960x354-1.png?fit=960%2C354&ssl=1","contentUrl":"https:\/\/i0.wp.com\/terjebjornstad.com\/no\/wp-content\/uploads\/2026\/02\/terjesbiler2024-960x354-1.png?fit=960%2C354&ssl=1","width":960,"height":354,"caption":"Terje Bj\u00f8rnstad ENK"},"image":{"@id":"https:\/\/terjebjornstad.com\/no\/#\/schema\/logo\/image\/"},"sameAs":["https:\/\/www.facebook.com\/terjesbiler\/","https:\/\/www.instagram.com\/terjesbiler\/","https:\/\/www.pinteres.com\/terjebjrnstad\/terjes-biler\/"]}]}},"jetpack_sharing_enabled":true,"jetpack_shortlink":"https:\/\/wp.me\/P48zYA-2gU","jetpack-related-posts":[{"id":5468,"url":"https:\/\/terjebjornstad.com\/no\/opel-2\/","url_meta":{"origin":8736,"position":0},"title":"Opel er en av verdens\u2026","author":"Terje Bj\u00f8rnstad","date":"22\/06\/2016","format":false,"excerpt":"Opel er en av verdens eldste bilprodusenter med historie helt tilbake til 1869 med produksjon av symaskier, sykler og biler. I 1929 ble Opel kj\u00f8pt opp av GM som utnyttet det beste fra amerikansk og europeisk bilindustri i tekologi og design. I 2017 trakk GM seg ut av Opel, og\u2026","rel":"","context":"Liknende innlegg","block_context":{"text":"Liknende innlegg","link":""},"img":{"alt_text":"opel","src":"https:\/\/i0.wp.com\/terjebjornstad.com\/no\/wp-content\/uploads\/2023\/01\/opel-300-200.gif?resize=350%2C200&ssl=1","width":350,"height":200},"classes":[]},{"id":72186,"url":"https:\/\/terjebjornstad.com\/no\/bilene-fra-1967\/","url_meta":{"origin":8736,"position":1},"title":"Bilene fra 1967","author":"Terje Bj\u00f8rnstad","date":"20\/05\/2024","format":false,"excerpt":"Sverige innf\u00f8rte h\u00f8yrekj\u00f8ring og sangen \"H\u00e5ll dig till h\u00f6ger, Svenson\" med Telstars kom p\u00e5 Svensktoppen. Seksdagerskrigen br\u00f8t ut i Midt-\u00d8sten. Popstjernen Twiggy kj\u00f8rte Mini og Beatles sang \"All You Need is Love\". Turer med bil, telt, camping-stoler og fiskestenger var typisk for 1967. Vi kj\u00f8rte lange turer i Moskvichen, ofte\u2026","rel":"","context":"Liknende innlegg","block_context":{"text":"Liknende innlegg","link":""},"img":{"alt_text":"1967 Mercedes-Benz LP0609","src":"https:\/\/i0.wp.com\/terjebjornstad.com\/no\/wp-content\/uploads\/2024\/05\/1967-mercedes-benz-lp-0609-1280x1280-1.jpg?resize=350%2C200&ssl=1","width":350,"height":200,"srcset":"https:\/\/i0.wp.com\/terjebjornstad.com\/no\/wp-content\/uploads\/2024\/05\/1967-mercedes-benz-lp-0609-1280x1280-1.jpg?resize=350%2C200&ssl=1 1x, https:\/\/i0.wp.com\/terjebjornstad.com\/no\/wp-content\/uploads\/2024\/05\/1967-mercedes-benz-lp-0609-1280x1280-1.jpg?resize=525%2C300&ssl=1 1.5x, https:\/\/i0.wp.com\/terjebjornstad.com\/no\/wp-content\/uploads\/2024\/05\/1967-mercedes-benz-lp-0609-1280x1280-1.jpg?resize=700%2C400&ssl=1 2x, https:\/\/i0.wp.com\/terjebjornstad.com\/no\/wp-content\/uploads\/2024\/05\/1967-mercedes-benz-lp-0609-1280x1280-1.jpg?resize=1050%2C600&ssl=1 3x"},"classes":[]},{"id":71695,"url":"https:\/\/terjebjornstad.com\/no\/seat-600\/","url_meta":{"origin":8736,"position":2},"title":"Seat 600","author":"Terje Bj\u00f8rnstad","date":"09\/05\/2024","format":false,"excerpt":"Seat 600 Jeg kjenner flere spanjoler. N\u00e5r de snakker om biler, kommer de nesten alltid inn p\u00e5 Seat 600 - enten det var familiens bil alle dro p\u00e5 ferie i, eller besteforeldrenes bil. Dette er Spanias virkelige folkevogn! Seat Seiscientos er biler som mange spanjoler har gode minner om, og\u2026","rel":"","context":"Liknende innlegg","block_context":{"text":"Liknende innlegg","link":""},"img":{"alt_text":"","src":"https:\/\/i0.wp.com\/terjebjornstad.com\/no\/wp-content\/uploads\/2019\/05\/seat-600.rallye-1080x720.png?fit=1080%2C720&ssl=1&resize=350%2C200","width":350,"height":200,"srcset":"https:\/\/i0.wp.com\/terjebjornstad.com\/no\/wp-content\/uploads\/2019\/05\/seat-600.rallye-1080x720.png?fit=1080%2C720&ssl=1&resize=350%2C200 1x, https:\/\/i0.wp.com\/terjebjornstad.com\/no\/wp-content\/uploads\/2019\/05\/seat-600.rallye-1080x720.png?fit=1080%2C720&ssl=1&resize=525%2C300 1.5x, https:\/\/i0.wp.com\/terjebjornstad.com\/no\/wp-content\/uploads\/2019\/05\/seat-600.rallye-1080x720.png?fit=1080%2C720&ssl=1&resize=700%2C400 2x, https:\/\/i0.wp.com\/terjebjornstad.com\/no\/wp-content\/uploads\/2019\/05\/seat-600.rallye-1080x720.png?fit=1080%2C720&ssl=1&resize=1050%2C600 3x"},"classes":[]},{"id":5481,"url":"https:\/\/terjebjornstad.com\/no\/seat\/","url_meta":{"origin":8736,"position":3},"title":"Seat ble stiftet i 1950\u2026","author":"Terje Bj\u00f8rnstad","date":"22\/06\/2016","format":false,"excerpt":"Seat ble stiftet i 1950 mellom den spanske stat og Fiat for \u00e5 produsere Fiat-modeller p\u00e5 lisens. Seat ble et popul\u00e6rt merke i Spania. I 1986 ble selskapet solgt til Volkswagen. Fabrikkanlegget i Martorell, Katalonia, produserer n\u00e5 biler for Volkswagen-gruppen. Tidligere publisert om Seat og Cupra Seat\/Cupra-modeller i tekst og\u2026","rel":"","context":"Liknende innlegg","block_context":{"text":"Liknende innlegg","link":""},"img":{"alt_text":"","src":"https:\/\/i0.wp.com\/terjebjornstad.com\/no\/wp-content\/uploads\/2023\/04\/seat-logo-300x200-1-1.jpg?resize=350%2C200&ssl=1","width":350,"height":200},"classes":[]},{"id":24181,"url":"https:\/\/terjebjornstad.com\/no\/ford-gt-mk2\/","url_meta":{"origin":8736,"position":4},"title":"Ford GT mkII","author":"Terje Bj\u00f8rnstad","date":"14\/06\/2019","format":false,"excerpt":"Med utseende og ytelser som en superbil men \"bare\" 6 sylindre. Ferrari-f\u00f8lelse N\u00e5r vi snakker nye Ford GT, befinner vi oss faktisk i Ferrari-klassen. Man kan jo sp\u00f8rre seg om EcoBoost duger? Motoren er vakker, der den ligger under bakvinduet med to separate, innfelte utbl\u00e5sningsr\u00f8r. Den 3,5-liters V6\u2019en ser faktisk\u2026","rel":"","context":"Liknende innlegg","block_context":{"text":"Liknende innlegg","link":""},"img":{"alt_text":"","src":"https:\/\/i0.wp.com\/terjebjornstad.com\/no\/wp-content\/uploads\/2019\/06\/ford-gt-0-1080x720.png?fit=1080%2C720&ssl=1&resize=350%2C200","width":350,"height":200,"srcset":"https:\/\/i0.wp.com\/terjebjornstad.com\/no\/wp-content\/uploads\/2019\/06\/ford-gt-0-1080x720.png?fit=1080%2C720&ssl=1&resize=350%2C200 1x, https:\/\/i0.wp.com\/terjebjornstad.com\/no\/wp-content\/uploads\/2019\/06\/ford-gt-0-1080x720.png?fit=1080%2C720&ssl=1&resize=525%2C300 1.5x, https:\/\/i0.wp.com\/terjebjornstad.com\/no\/wp-content\/uploads\/2019\/06\/ford-gt-0-1080x720.png?fit=1080%2C720&ssl=1&resize=700%2C400 2x, https:\/\/i0.wp.com\/terjebjornstad.com\/no\/wp-content\/uploads\/2019\/06\/ford-gt-0-1080x720.png?fit=1080%2C720&ssl=1&resize=1050%2C600 3x"},"classes":[]},{"id":5807,"url":"https:\/\/terjebjornstad.com\/no\/lancia\/","url_meta":{"origin":8736,"position":5},"title":"Lancia ble opprettet i 1906\u2026","author":"Terje Bj\u00f8rnstad","date":"23\/06\/2016","format":false,"excerpt":"Lancia ble opprettet i 1906 i Torino. Selskapet produserte biler i et h\u00f8yere prissjikt enn Fiat - og gjennom \u00e5rene innf\u00f8rte de flere nyvinninger som ble tatt opp av andre bilprodusenter. I 1969 ble Lancia overtatt av Fiat for \u00e5 redde selskapet fra massive tap. I etterf\u00f8lgende hevdet Lancia seg\u2026","rel":"","context":"Liknende innlegg","block_context":{"text":"Liknende innlegg","link":""},"img":{"alt_text":"","src":"https:\/\/i0.wp.com\/terjebjornstad.com\/no\/wp-content\/uploads\/2023\/03\/lancia-logo-300x200-1.jpg?resize=350%2C200&ssl=1","width":350,"height":200},"classes":[]}],"_links":{"self":[{"href":"https:\/\/terjebjornstad.com\/no\/wp-json\/wp\/v2\/pages\/8736","targetHints":{"allow":["GET"]}}],"collection":[{"href":"https:\/\/terjebjornstad.com\/no\/wp-json\/wp\/v2\/pages"}],"about":[{"href":"https:\/\/terjebjornstad.com\/no\/wp-json\/wp\/v2\/types\/page"}],"author":[{"embeddable":true,"href":"https:\/\/terjebjornstad.com\/no\/wp-json\/wp\/v2\/users\/1"}],"replies":[{"embeddable":true,"href":"https:\/\/terjebjornstad.com\/no\/wp-json\/wp\/v2\/comments?post=8736"}],"version-history":[{"count":4,"href":"https:\/\/terjebjornstad.com\/no\/wp-json\/wp\/v2\/pages\/8736\/revisions"}],"predecessor-version":[{"id":74809,"href":"https:\/\/terjebjornstad.com\/no\/wp-json\/wp\/v2\/pages\/8736\/revisions\/74809"}],"wp:attachment":[{"href":"https:\/\/terjebjornstad.com\/no\/wp-json\/wp\/v2\/media?parent=8736"}],"curies":[{"name":"wp","href":"https:\/\/api.w.org\/{rel}","templated":true}]}}