{"id":8029,"date":"2016-10-21T22:22:43","date_gmt":"2016-10-21T22:22:43","guid":{"rendered":"http:\/\/terjebjornstad.com\/no\/?page_id=8029"},"modified":"2026-03-04T01:09:34","modified_gmt":"2026-03-04T00:09:34","slug":"range-rover-evoque-cabriolet","status":"publish","type":"page","link":"https:\/\/terjebjornstad.com\/no\/range-rover-evoque-cabriolet\/","title":{"rendered":"Range Rover Evoque Cabriolet"},"content":{"rendered":"<div class=\"copy_teb\"><figure id=\"attachment_7000\" aria-describedby=\"caption-attachment-7000\" style=\"width: 686px\" class=\"wp-caption aligncenter\"><img data-recalc-dims=\"1\" loading=\"lazy\" decoding=\"async\" data-attachment-id=\"7000\" data-permalink=\"https:\/\/terjebjornstad.com\/no\/range-rover-evoque-cabriolet\/2016-landrover-evoque-cabriolet-1\/\" data-orig-file=\"https:\/\/i0.wp.com\/terjebjornstad.com\/no\/wp-content\/uploads\/2016\/08\/2016-landrover-evoque-cabriolet-1.png?fit=686%2C457&amp;ssl=1\" data-orig-size=\"686,457\" data-comments-opened=\"1\" data-image-meta=\"{&quot;aperture&quot;:&quot;0&quot;,&quot;credit&quot;:&quot;&quot;,&quot;camera&quot;:&quot;&quot;,&quot;caption&quot;:&quot;&quot;,&quot;created_timestamp&quot;:&quot;0&quot;,&quot;copyright&quot;:&quot;&quot;,&quot;focal_length&quot;:&quot;0&quot;,&quot;iso&quot;:&quot;0&quot;,&quot;shutter_speed&quot;:&quot;0&quot;,&quot;title&quot;:&quot;&quot;,&quot;orientation&quot;:&quot;0&quot;}\" data-image-title=\"2016-landrover-evoque-cabriolet-1\" data-image-description=\"\" data-image-caption=\"&lt;p&gt;Range Rover Evoque Cabriolet.&lt;\/p&gt;\n\" data-large-file=\"https:\/\/i0.wp.com\/terjebjornstad.com\/no\/wp-content\/uploads\/2016\/08\/2016-landrover-evoque-cabriolet-1.png?fit=686%2C457&amp;ssl=1\" src=\"https:\/\/i0.wp.com\/terjebjornstad.com\/no\/wp-content\/uploads\/2016\/08\/2016-landrover-evoque-cabriolet-1.png?resize=686%2C457&#038;ssl=1\" alt=\"Range Rover Evoque Cabriolet (Oslo NO, 2016).\" width=\"686\" height=\"457\" class=\"size-full wp-image-7000\" srcset=\"https:\/\/i0.wp.com\/terjebjornstad.com\/no\/wp-content\/uploads\/2016\/08\/2016-landrover-evoque-cabriolet-1.png?w=686&amp;ssl=1 686w, https:\/\/i0.wp.com\/terjebjornstad.com\/no\/wp-content\/uploads\/2016\/08\/2016-landrover-evoque-cabriolet-1.png?resize=300%2C200&amp;ssl=1 300w\" sizes=\"auto, (max-width: 686px) 100vw, 686px\" \/><figcaption id=\"caption-attachment-7000\" class=\"wp-caption-text\">Range Rover Evoque Cabriolet (Oslo NO, 2016).<\/figcaption><\/figure><\/p>\n<figure id=\"attachment_7001\" aria-describedby=\"caption-attachment-7001\" style=\"width: 686px\" class=\"wp-caption aligncenter\"><a href=\"https:\/\/i0.wp.com\/terjebjornstad.com\/no\/wp-content\/uploads\/2016\/08\/2016-landrover-evoque-cabriolet-3.png?ssl=1\"><img data-recalc-dims=\"1\" loading=\"lazy\" decoding=\"async\" data-attachment-id=\"7001\" data-permalink=\"https:\/\/terjebjornstad.com\/no\/range-rover-evoque-cabriolet\/2016-landrover-evoque-cabriolet-3\/\" data-orig-file=\"https:\/\/i0.wp.com\/terjebjornstad.com\/no\/wp-content\/uploads\/2016\/08\/2016-landrover-evoque-cabriolet-3.png?fit=686%2C457&amp;ssl=1\" data-orig-size=\"686,457\" data-comments-opened=\"1\" data-image-meta=\"{&quot;aperture&quot;:&quot;0&quot;,&quot;credit&quot;:&quot;&quot;,&quot;camera&quot;:&quot;&quot;,&quot;caption&quot;:&quot;&quot;,&quot;created_timestamp&quot;:&quot;0&quot;,&quot;copyright&quot;:&quot;&quot;,&quot;focal_length&quot;:&quot;0&quot;,&quot;iso&quot;:&quot;0&quot;,&quot;shutter_speed&quot;:&quot;0&quot;,&quot;title&quot;:&quot;&quot;,&quot;orientation&quot;:&quot;0&quot;}\" data-image-title=\"2016-landrover-evoque-cabriolet-3\" data-image-description=\"\" data-image-caption=\"&lt;p&gt;2016 Range Rover Evoque Cabriolet (Oslo NO, 2016).&lt;\/p&gt;\n\" data-large-file=\"https:\/\/i0.wp.com\/terjebjornstad.com\/no\/wp-content\/uploads\/2016\/08\/2016-landrover-evoque-cabriolet-3.png?fit=686%2C457&amp;ssl=1\" src=\"https:\/\/i0.wp.com\/terjebjornstad.com\/no\/wp-content\/uploads\/2016\/08\/2016-landrover-evoque-cabriolet-3.png?resize=686%2C457&#038;ssl=1\" alt=\"\" width=\"686\" height=\"457\" class=\"size-full wp-image-7001\" srcset=\"https:\/\/i0.wp.com\/terjebjornstad.com\/no\/wp-content\/uploads\/2016\/08\/2016-landrover-evoque-cabriolet-3.png?w=686&amp;ssl=1 686w, https:\/\/i0.wp.com\/terjebjornstad.com\/no\/wp-content\/uploads\/2016\/08\/2016-landrover-evoque-cabriolet-3.png?resize=300%2C200&amp;ssl=1 300w\" sizes=\"auto, (max-width: 686px) 100vw, 686px\" \/><\/a><figcaption id=\"caption-attachment-7001\" class=\"wp-caption-text\">2016 Range Rover Evoque Cabriolet (Oslo NO, 2016).<\/figcaption><\/figure>\n<figure id=\"attachment_7002\" aria-describedby=\"caption-attachment-7002\" style=\"width: 686px\" class=\"wp-caption aligncenter\"><a href=\"https:\/\/i0.wp.com\/terjebjornstad.com\/no\/wp-content\/uploads\/2016\/08\/2016-landrover-evoque-cabriolet-5.png?ssl=1\"><img data-recalc-dims=\"1\" loading=\"lazy\" decoding=\"async\" data-attachment-id=\"7002\" data-permalink=\"https:\/\/terjebjornstad.com\/no\/range-rover-evoque-cabriolet\/2016-landrover-evoque-cabriolet-5\/\" data-orig-file=\"https:\/\/i0.wp.com\/terjebjornstad.com\/no\/wp-content\/uploads\/2016\/08\/2016-landrover-evoque-cabriolet-5.png?fit=686%2C457&amp;ssl=1\" data-orig-size=\"686,457\" data-comments-opened=\"1\" data-image-meta=\"{&quot;aperture&quot;:&quot;0&quot;,&quot;credit&quot;:&quot;&quot;,&quot;camera&quot;:&quot;&quot;,&quot;caption&quot;:&quot;&quot;,&quot;created_timestamp&quot;:&quot;0&quot;,&quot;copyright&quot;:&quot;&quot;,&quot;focal_length&quot;:&quot;0&quot;,&quot;iso&quot;:&quot;0&quot;,&quot;shutter_speed&quot;:&quot;0&quot;,&quot;title&quot;:&quot;&quot;,&quot;orientation&quot;:&quot;0&quot;}\" data-image-title=\"2016-landrover-evoque-cabriolet-5\" data-image-description=\"\" data-image-caption=\"&lt;p&gt;2016 Range Rover Evoque Cabriolet (Oslo NO, 2016).&lt;\/p&gt;\n\" data-large-file=\"https:\/\/i0.wp.com\/terjebjornstad.com\/no\/wp-content\/uploads\/2016\/08\/2016-landrover-evoque-cabriolet-5.png?fit=686%2C457&amp;ssl=1\" src=\"https:\/\/i0.wp.com\/terjebjornstad.com\/no\/wp-content\/uploads\/2016\/08\/2016-landrover-evoque-cabriolet-5.png?resize=686%2C457&#038;ssl=1\" alt=\"\" width=\"686\" height=\"457\" class=\"size-full wp-image-7002\" srcset=\"https:\/\/i0.wp.com\/terjebjornstad.com\/no\/wp-content\/uploads\/2016\/08\/2016-landrover-evoque-cabriolet-5.png?w=686&amp;ssl=1 686w, https:\/\/i0.wp.com\/terjebjornstad.com\/no\/wp-content\/uploads\/2016\/08\/2016-landrover-evoque-cabriolet-5.png?resize=300%2C200&amp;ssl=1 300w\" sizes=\"auto, (max-width: 686px) 100vw, 686px\" \/><\/a><figcaption id=\"caption-attachment-7002\" class=\"wp-caption-text\">2016 Range Rover Evoque Cabriolet (Oslo NO, 2016).<\/figcaption><\/figure>\n<figure id=\"attachment_6999\" aria-describedby=\"caption-attachment-6999\" style=\"width: 686px\" class=\"wp-caption aligncenter\"><a href=\"https:\/\/i0.wp.com\/terjebjornstad.com\/no\/wp-content\/uploads\/2016\/08\/2016-landrover-evoque-7.png?ssl=1\"><img data-recalc-dims=\"1\" loading=\"lazy\" decoding=\"async\" data-attachment-id=\"6999\" data-permalink=\"https:\/\/terjebjornstad.com\/no\/range-rover-evoque-cabriolet\/2016-landrover-evoque-7\/\" data-orig-file=\"https:\/\/i0.wp.com\/terjebjornstad.com\/no\/wp-content\/uploads\/2016\/08\/2016-landrover-evoque-7.png?fit=686%2C546&amp;ssl=1\" data-orig-size=\"686,546\" data-comments-opened=\"1\" data-image-meta=\"{&quot;aperture&quot;:&quot;0&quot;,&quot;credit&quot;:&quot;&quot;,&quot;camera&quot;:&quot;&quot;,&quot;caption&quot;:&quot;&quot;,&quot;created_timestamp&quot;:&quot;0&quot;,&quot;copyright&quot;:&quot;&quot;,&quot;focal_length&quot;:&quot;0&quot;,&quot;iso&quot;:&quot;0&quot;,&quot;shutter_speed&quot;:&quot;0&quot;,&quot;title&quot;:&quot;&quot;,&quot;orientation&quot;:&quot;0&quot;}\" data-image-title=\"2016-landrover-evoque-7\" data-image-description=\"\" data-image-caption=\"&lt;p&gt;Range Rover Evoque Cabriolet (Oslo NO, 2016).&lt;\/p&gt;\n\" data-large-file=\"https:\/\/i0.wp.com\/terjebjornstad.com\/no\/wp-content\/uploads\/2016\/08\/2016-landrover-evoque-7.png?fit=686%2C546&amp;ssl=1\" src=\"https:\/\/i0.wp.com\/terjebjornstad.com\/no\/wp-content\/uploads\/2016\/08\/2016-landrover-evoque-7.png?resize=686%2C546&#038;ssl=1\" alt=\"\" width=\"686\" height=\"546\" class=\"size-full wp-image-6999\" srcset=\"https:\/\/i0.wp.com\/terjebjornstad.com\/no\/wp-content\/uploads\/2016\/08\/2016-landrover-evoque-7.png?w=686&amp;ssl=1 686w, https:\/\/i0.wp.com\/terjebjornstad.com\/no\/wp-content\/uploads\/2016\/08\/2016-landrover-evoque-7.png?resize=300%2C239&amp;ssl=1 300w\" sizes=\"auto, (max-width: 686px) 100vw, 686px\" \/><\/a><figcaption id=\"caption-attachment-6999\" class=\"wp-caption-text\">Range Rover Evoque Cabriolet (Oslo NO, 2016).<\/figcaption><\/figure>\n<p>&nbsp;<br \/>\n<br \/>\n&nbsp;<\/p>\n<h6><\/h6>\n<\/div>\n","protected":false},"excerpt":{"rendered":"<p>&nbsp; &nbsp;<\/p>\n","protected":false},"author":1,"featured_media":7000,"parent":0,"menu_order":0,"comment_status":"closed","ping_status":"closed","template":"","meta":{"_monsterinsights_skip_tracking":false,"_monsterinsights_sitenote_active":false,"_monsterinsights_sitenote_note":"","_monsterinsights_sitenote_category":0,"jetpack_post_was_ever_published":false,"footnotes":""},"class_list":["post-8029","page","type-page","status-publish","has-post-thumbnail","hentry"],"yoast_head":"<!-- This site is optimized with the Yoast SEO plugin v27.4 - https:\/\/yoast.com\/product\/yoast-seo-wordpress\/ -->\n<title>Range Rover Evoque Cabriolet - Terjes biler<\/title>\n<meta name=\"robots\" content=\"index, follow, max-snippet:-1, max-image-preview:large, max-video-preview:-1\" \/>\n<link rel=\"canonical\" href=\"https:\/\/terjebjornstad.com\/no\/range-rover-evoque-cabriolet\/\" \/>\n<meta property=\"og:locale\" content=\"nb_NO\" \/>\n<meta property=\"og:type\" content=\"article\" \/>\n<meta property=\"og:title\" content=\"Range Rover Evoque Cabriolet - Terjes biler\" \/>\n<meta property=\"og:description\" content=\"&nbsp; &nbsp;\" \/>\n<meta property=\"og:url\" content=\"https:\/\/terjebjornstad.com\/no\/range-rover-evoque-cabriolet\/\" \/>\n<meta property=\"og:site_name\" content=\"Terjes biler\" \/>\n<meta property=\"article:publisher\" content=\"https:\/\/www.facebook.com\/terjesbiler\/\" \/>\n<meta property=\"article:modified_time\" content=\"2026-03-04T00:09:34+00:00\" \/>\n<meta property=\"og:image\" content=\"https:\/\/terjebjornstad.com\/no\/wp-content\/uploads\/2016\/08\/2016-landrover-evoque-cabriolet-1.png\" \/>\n\t<meta property=\"og:image:width\" content=\"686\" \/>\n\t<meta property=\"og:image:height\" content=\"457\" \/>\n\t<meta property=\"og:image:type\" content=\"image\/png\" \/>\n<meta name=\"twitter:card\" content=\"summary_large_image\" \/>\n<meta name=\"twitter:label1\" content=\"Ansl. lesetid\" \/>\n\t<meta name=\"twitter:data1\" content=\"1 minutt\" \/>\n<script type=\"application\/ld+json\" class=\"yoast-schema-graph\">{\"@context\":\"https:\\\/\\\/schema.org\",\"@graph\":[{\"@type\":\"WebPage\",\"@id\":\"https:\\\/\\\/terjebjornstad.com\\\/no\\\/range-rover-evoque-cabriolet\\\/\",\"url\":\"https:\\\/\\\/terjebjornstad.com\\\/no\\\/range-rover-evoque-cabriolet\\\/\",\"name\":\"Range Rover Evoque Cabriolet - Terjes biler\",\"isPartOf\":{\"@id\":\"https:\\\/\\\/terjebjornstad.com\\\/no\\\/#website\"},\"primaryImageOfPage\":{\"@id\":\"https:\\\/\\\/terjebjornstad.com\\\/no\\\/range-rover-evoque-cabriolet\\\/#primaryimage\"},\"image\":{\"@id\":\"https:\\\/\\\/terjebjornstad.com\\\/no\\\/range-rover-evoque-cabriolet\\\/#primaryimage\"},\"thumbnailUrl\":\"https:\\\/\\\/i0.wp.com\\\/terjebjornstad.com\\\/no\\\/wp-content\\\/uploads\\\/2016\\\/08\\\/2016-landrover-evoque-cabriolet-1.png?fit=686%2C457&ssl=1\",\"datePublished\":\"2016-10-21T22:22:43+00:00\",\"dateModified\":\"2026-03-04T00:09:34+00:00\",\"breadcrumb\":{\"@id\":\"https:\\\/\\\/terjebjornstad.com\\\/no\\\/range-rover-evoque-cabriolet\\\/#breadcrumb\"},\"inLanguage\":\"nb-NO\",\"potentialAction\":[{\"@type\":\"ReadAction\",\"target\":[\"https:\\\/\\\/terjebjornstad.com\\\/no\\\/range-rover-evoque-cabriolet\\\/\"]}]},{\"@type\":\"ImageObject\",\"inLanguage\":\"nb-NO\",\"@id\":\"https:\\\/\\\/terjebjornstad.com\\\/no\\\/range-rover-evoque-cabriolet\\\/#primaryimage\",\"url\":\"https:\\\/\\\/i0.wp.com\\\/terjebjornstad.com\\\/no\\\/wp-content\\\/uploads\\\/2016\\\/08\\\/2016-landrover-evoque-cabriolet-1.png?fit=686%2C457&ssl=1\",\"contentUrl\":\"https:\\\/\\\/i0.wp.com\\\/terjebjornstad.com\\\/no\\\/wp-content\\\/uploads\\\/2016\\\/08\\\/2016-landrover-evoque-cabriolet-1.png?fit=686%2C457&ssl=1\",\"width\":686,\"height\":457,\"caption\":\"Range Rover Evoque Cabriolet.\"},{\"@type\":\"BreadcrumbList\",\"@id\":\"https:\\\/\\\/terjebjornstad.com\\\/no\\\/range-rover-evoque-cabriolet\\\/#breadcrumb\",\"itemListElement\":[{\"@type\":\"ListItem\",\"position\":1,\"name\":\"Hjem\",\"item\":\"https:\\\/\\\/terjebjornstad.com\\\/no\\\/\"},{\"@type\":\"ListItem\",\"position\":2,\"name\":\"Range Rover Evoque Cabriolet\"}]},{\"@type\":\"WebSite\",\"@id\":\"https:\\\/\\\/terjebjornstad.com\\\/no\\\/#website\",\"url\":\"https:\\\/\\\/terjebjornstad.com\\\/no\\\/\",\"name\":\"Terjes biler\",\"description\":\"HONEST ABOUT CARS\",\"publisher\":{\"@id\":\"https:\\\/\\\/terjebjornstad.com\\\/no\\\/#organization\"},\"alternateName\":\"Terjebjornstad.com\",\"potentialAction\":[{\"@type\":\"SearchAction\",\"target\":{\"@type\":\"EntryPoint\",\"urlTemplate\":\"https:\\\/\\\/terjebjornstad.com\\\/no\\\/?s={search_term_string}\"},\"query-input\":{\"@type\":\"PropertyValueSpecification\",\"valueRequired\":true,\"valueName\":\"search_term_string\"}}],\"inLanguage\":\"nb-NO\"},{\"@type\":\"Organization\",\"@id\":\"https:\\\/\\\/terjebjornstad.com\\\/no\\\/#organization\",\"name\":\"Terje Bj\u00f8rnstad ENK\",\"url\":\"https:\\\/\\\/terjebjornstad.com\\\/no\\\/\",\"logo\":{\"@type\":\"ImageObject\",\"inLanguage\":\"nb-NO\",\"@id\":\"https:\\\/\\\/terjebjornstad.com\\\/no\\\/#\\\/schema\\\/logo\\\/image\\\/\",\"url\":\"https:\\\/\\\/i0.wp.com\\\/terjebjornstad.com\\\/no\\\/wp-content\\\/uploads\\\/2026\\\/02\\\/terjesbiler2024-960x354-1.png?fit=960%2C354&ssl=1\",\"contentUrl\":\"https:\\\/\\\/i0.wp.com\\\/terjebjornstad.com\\\/no\\\/wp-content\\\/uploads\\\/2026\\\/02\\\/terjesbiler2024-960x354-1.png?fit=960%2C354&ssl=1\",\"width\":960,\"height\":354,\"caption\":\"Terje Bj\u00f8rnstad ENK\"},\"image\":{\"@id\":\"https:\\\/\\\/terjebjornstad.com\\\/no\\\/#\\\/schema\\\/logo\\\/image\\\/\"},\"sameAs\":[\"https:\\\/\\\/www.facebook.com\\\/terjesbiler\\\/\",\"https:\\\/\\\/www.instagram.com\\\/terjesbiler\\\/\",\"https:\\\/\\\/www.pinteres.com\\\/terjebjrnstad\\\/terjes-biler\\\/\"]}]}<\/script>\n<!-- \/ Yoast SEO plugin. -->","yoast_head_json":{"title":"Range Rover Evoque Cabriolet - Terjes biler","robots":{"index":"index","follow":"follow","max-snippet":"max-snippet:-1","max-image-preview":"max-image-preview:large","max-video-preview":"max-video-preview:-1"},"canonical":"https:\/\/terjebjornstad.com\/no\/range-rover-evoque-cabriolet\/","og_locale":"nb_NO","og_type":"article","og_title":"Range Rover Evoque Cabriolet - Terjes biler","og_description":"&nbsp; &nbsp;","og_url":"https:\/\/terjebjornstad.com\/no\/range-rover-evoque-cabriolet\/","og_site_name":"Terjes biler","article_publisher":"https:\/\/www.facebook.com\/terjesbiler\/","article_modified_time":"2026-03-04T00:09:34+00:00","og_image":[{"width":686,"height":457,"url":"https:\/\/terjebjornstad.com\/no\/wp-content\/uploads\/2016\/08\/2016-landrover-evoque-cabriolet-1.png","type":"image\/png"}],"twitter_card":"summary_large_image","twitter_misc":{"Ansl. lesetid":"1 minutt"},"schema":{"@context":"https:\/\/schema.org","@graph":[{"@type":"WebPage","@id":"https:\/\/terjebjornstad.com\/no\/range-rover-evoque-cabriolet\/","url":"https:\/\/terjebjornstad.com\/no\/range-rover-evoque-cabriolet\/","name":"Range Rover Evoque Cabriolet - Terjes biler","isPartOf":{"@id":"https:\/\/terjebjornstad.com\/no\/#website"},"primaryImageOfPage":{"@id":"https:\/\/terjebjornstad.com\/no\/range-rover-evoque-cabriolet\/#primaryimage"},"image":{"@id":"https:\/\/terjebjornstad.com\/no\/range-rover-evoque-cabriolet\/#primaryimage"},"thumbnailUrl":"https:\/\/i0.wp.com\/terjebjornstad.com\/no\/wp-content\/uploads\/2016\/08\/2016-landrover-evoque-cabriolet-1.png?fit=686%2C457&ssl=1","datePublished":"2016-10-21T22:22:43+00:00","dateModified":"2026-03-04T00:09:34+00:00","breadcrumb":{"@id":"https:\/\/terjebjornstad.com\/no\/range-rover-evoque-cabriolet\/#breadcrumb"},"inLanguage":"nb-NO","potentialAction":[{"@type":"ReadAction","target":["https:\/\/terjebjornstad.com\/no\/range-rover-evoque-cabriolet\/"]}]},{"@type":"ImageObject","inLanguage":"nb-NO","@id":"https:\/\/terjebjornstad.com\/no\/range-rover-evoque-cabriolet\/#primaryimage","url":"https:\/\/i0.wp.com\/terjebjornstad.com\/no\/wp-content\/uploads\/2016\/08\/2016-landrover-evoque-cabriolet-1.png?fit=686%2C457&ssl=1","contentUrl":"https:\/\/i0.wp.com\/terjebjornstad.com\/no\/wp-content\/uploads\/2016\/08\/2016-landrover-evoque-cabriolet-1.png?fit=686%2C457&ssl=1","width":686,"height":457,"caption":"Range Rover Evoque Cabriolet."},{"@type":"BreadcrumbList","@id":"https:\/\/terjebjornstad.com\/no\/range-rover-evoque-cabriolet\/#breadcrumb","itemListElement":[{"@type":"ListItem","position":1,"name":"Hjem","item":"https:\/\/terjebjornstad.com\/no\/"},{"@type":"ListItem","position":2,"name":"Range Rover Evoque Cabriolet"}]},{"@type":"WebSite","@id":"https:\/\/terjebjornstad.com\/no\/#website","url":"https:\/\/terjebjornstad.com\/no\/","name":"Terjes biler","description":"HONEST ABOUT CARS","publisher":{"@id":"https:\/\/terjebjornstad.com\/no\/#organization"},"alternateName":"Terjebjornstad.com","potentialAction":[{"@type":"SearchAction","target":{"@type":"EntryPoint","urlTemplate":"https:\/\/terjebjornstad.com\/no\/?s={search_term_string}"},"query-input":{"@type":"PropertyValueSpecification","valueRequired":true,"valueName":"search_term_string"}}],"inLanguage":"nb-NO"},{"@type":"Organization","@id":"https:\/\/terjebjornstad.com\/no\/#organization","name":"Terje Bj\u00f8rnstad ENK","url":"https:\/\/terjebjornstad.com\/no\/","logo":{"@type":"ImageObject","inLanguage":"nb-NO","@id":"https:\/\/terjebjornstad.com\/no\/#\/schema\/logo\/image\/","url":"https:\/\/i0.wp.com\/terjebjornstad.com\/no\/wp-content\/uploads\/2026\/02\/terjesbiler2024-960x354-1.png?fit=960%2C354&ssl=1","contentUrl":"https:\/\/i0.wp.com\/terjebjornstad.com\/no\/wp-content\/uploads\/2026\/02\/terjesbiler2024-960x354-1.png?fit=960%2C354&ssl=1","width":960,"height":354,"caption":"Terje Bj\u00f8rnstad ENK"},"image":{"@id":"https:\/\/terjebjornstad.com\/no\/#\/schema\/logo\/image\/"},"sameAs":["https:\/\/www.facebook.com\/terjesbiler\/","https:\/\/www.instagram.com\/terjesbiler\/","https:\/\/www.pinteres.com\/terjebjrnstad\/terjes-biler\/"]}]}},"jetpack_sharing_enabled":true,"jetpack_shortlink":"https:\/\/wp.me\/P48zYA-25v","jetpack-related-posts":[{"id":31371,"url":"https:\/\/terjebjornstad.com\/no\/range-rover-mk1\/","url_meta":{"origin":8029,"position":0},"title":"Range Rover Classic","author":"Terje Bj\u00f8rnstad","date":"02\/03\/2020","format":false,"excerpt":"I \u00e5r, 2020, fyller Range Rover 50 \u00e5r. Den f\u00f8rste generasjonen ble holdt i produksjon i hele 24 \u00e5r! I 1970 fantes det nesten ingen konkurrenter til Range Rovers konsept. Jeg tror n\u00e6rmeste konkurrent m\u00e5 ha v\u00e6rt Jeep Wagoneer. Jeep og Land Rover har jo hatt mange likhetstrekk, men Jeep\u2026","rel":"","context":"Liknende innlegg","block_context":{"text":"Liknende innlegg","link":""},"img":{"alt_text":"","src":"https:\/\/i0.wp.com\/terjebjornstad.com\/no\/wp-content\/uploads\/2020\/02\/1975-range-rover-1080x1080-1.png?fit=1080%2C1080&ssl=1&resize=350%2C200","width":350,"height":200,"srcset":"https:\/\/i0.wp.com\/terjebjornstad.com\/no\/wp-content\/uploads\/2020\/02\/1975-range-rover-1080x1080-1.png?fit=1080%2C1080&ssl=1&resize=350%2C200 1x, https:\/\/i0.wp.com\/terjebjornstad.com\/no\/wp-content\/uploads\/2020\/02\/1975-range-rover-1080x1080-1.png?fit=1080%2C1080&ssl=1&resize=525%2C300 1.5x, https:\/\/i0.wp.com\/terjebjornstad.com\/no\/wp-content\/uploads\/2020\/02\/1975-range-rover-1080x1080-1.png?fit=1080%2C1080&ssl=1&resize=700%2C400 2x, https:\/\/i0.wp.com\/terjebjornstad.com\/no\/wp-content\/uploads\/2020\/02\/1975-range-rover-1080x1080-1.png?fit=1080%2C1080&ssl=1&resize=1050%2C600 3x"},"classes":[]},{"id":8213,"url":"https:\/\/terjebjornstad.com\/no\/1987-bmw-m3\/","url_meta":{"origin":8029,"position":1},"title":"BMW E30","author":"Terje Bj\u00f8rnstad","date":"31\/10\/2016","format":false,"excerpt":"BMW 3-serie Den f\u00f8rste 3-serie kom som 1976-modell i kj\u00f8lvannet av 02-serien. Den neste 3-serie \u2013 med intern kode E30 \u2013 dukket opp som 1983-modell - snart 40 \u00e5r siden. Men n\u00e5r jeg ser en tidlig BMW E30, tenker jeg ikke p\u00e5 noe som er s\u00e5 gammelt. E30 har en\u2026","rel":"","context":"Liknende innlegg","block_context":{"text":"Liknende innlegg","link":""},"img":{"alt_text":"","src":"https:\/\/i0.wp.com\/terjebjornstad.com\/no\/wp-content\/uploads\/2016\/11\/bmw-3-series-m-21.png?fit=686%2C457&ssl=1&resize=350%2C200","width":350,"height":200,"srcset":"https:\/\/i0.wp.com\/terjebjornstad.com\/no\/wp-content\/uploads\/2016\/11\/bmw-3-series-m-21.png?fit=686%2C457&ssl=1&resize=350%2C200 1x, https:\/\/i0.wp.com\/terjebjornstad.com\/no\/wp-content\/uploads\/2016\/11\/bmw-3-series-m-21.png?fit=686%2C457&ssl=1&resize=525%2C300 1.5x"},"classes":[]},{"id":8031,"url":"https:\/\/terjebjornstad.com\/no\/land-rover\/","url_meta":{"origin":8029,"position":2},"title":"I likhet med Jeep var\u2026","author":"Terje Bj\u00f8rnstad","date":"21\/10\/2016","format":false,"excerpt":"I likhet med Jeep var Land Rover et milit\u00e6rkj\u00f8ret\u00f8y fra annen verdenskrig som fikk nytt liv etter krigen. Det var Rover som produserte dem. Rover Group ble som kjent innlemmet i British Leyland, og videre kj\u00f8pt opp BMW i 1998 som skilte ut og solgte Land Rover til Ford. Ford\u2026","rel":"","context":"Liknende innlegg","block_context":{"text":"Liknende innlegg","link":""},"img":{"alt_text":"","src":"https:\/\/i0.wp.com\/terjebjornstad.com\/no\/wp-content\/uploads\/2023\/03\/land-rover-logo-300x200-1.jpg?resize=350%2C200&ssl=1","width":350,"height":200},"classes":[]},{"id":5299,"url":"https:\/\/terjebjornstad.com\/no\/1998-2005-bmw-3-serie-e46\/","url_meta":{"origin":8029,"position":3},"title":"BMW E46","author":"Terje Bj\u00f8rnstad","date":"21\/06\/2016","format":false,"excerpt":"Modellhistorikk BMW's 3-serie E46 ble produsert mellom 1998-2006. Den omfatter 4-sylindrede og 6-sylindrede modeller i f\u00f8lgende varianter: 4 d\u00f8rer Sedan, 5 d\u00f8rer Touring (stasjonsvogn), 3 d\u00f8rer Compact, 2 d\u00f8rer Coup\u00e9 og Cabriolet. Det kom en midtlivs facelift i 2001 hvor Sedan og Touring fikk nye hovedlys, blinklys foran og baklys,\u2026","rel":"","context":"Liknende innlegg","block_context":{"text":"Liknende innlegg","link":""},"img":{"alt_text":"","src":"https:\/\/i0.wp.com\/terjebjornstad.com\/no\/wp-content\/uploads\/2023\/03\/bmw-cabrio-2207-1-1.jpg?fit=686%2C414&ssl=1&resize=350%2C200","width":350,"height":200,"srcset":"https:\/\/i0.wp.com\/terjebjornstad.com\/no\/wp-content\/uploads\/2023\/03\/bmw-cabrio-2207-1-1.jpg?fit=686%2C414&ssl=1&resize=350%2C200 1x, https:\/\/i0.wp.com\/terjebjornstad.com\/no\/wp-content\/uploads\/2023\/03\/bmw-cabrio-2207-1-1.jpg?fit=686%2C414&ssl=1&resize=525%2C300 1.5x"},"classes":[]},{"id":25980,"url":"https:\/\/terjebjornstad.com\/no\/tvr-chimaera\/","url_meta":{"origin":8029,"position":4},"title":"TVR Chimaera","author":"Terje Bj\u00f8rnstad","date":"08\/09\/2019","format":false,"excerpt":"Chimaera (uttales: kaj'mera) er en 2-seter med V8-motor fra Range Rover med glassfiber-karosseri p\u00e5 st\u00e5lr\u00f8rsramme. H\u00e5ndlaget - made in England. Om modellen Modellen ble produsert mellom 1992 og 2003. Den har glassfiber-karosseri p\u00e5 st\u00e5lr\u00f8rsramme, V8-motor fra Rover av samme typer som ble benyttet i Range Rover. Chimaera har gode ytelser,\u2026","rel":"","context":"Liknende innlegg","block_context":{"text":"Liknende innlegg","link":""},"img":{"alt_text":"","src":"https:\/\/i0.wp.com\/terjebjornstad.com\/no\/wp-content\/uploads\/2019\/09\/tvr-chimaera-2-1080x720.png?fit=1080%2C720&ssl=1&resize=350%2C200","width":350,"height":200,"srcset":"https:\/\/i0.wp.com\/terjebjornstad.com\/no\/wp-content\/uploads\/2019\/09\/tvr-chimaera-2-1080x720.png?fit=1080%2C720&ssl=1&resize=350%2C200 1x, https:\/\/i0.wp.com\/terjebjornstad.com\/no\/wp-content\/uploads\/2019\/09\/tvr-chimaera-2-1080x720.png?fit=1080%2C720&ssl=1&resize=525%2C300 1.5x, https:\/\/i0.wp.com\/terjebjornstad.com\/no\/wp-content\/uploads\/2019\/09\/tvr-chimaera-2-1080x720.png?fit=1080%2C720&ssl=1&resize=700%2C400 2x, https:\/\/i0.wp.com\/terjebjornstad.com\/no\/wp-content\/uploads\/2019\/09\/tvr-chimaera-2-1080x720.png?fit=1080%2C720&ssl=1&resize=1050%2C600 3x"},"classes":[]},{"id":9712,"url":"https:\/\/terjebjornstad.com\/no\/1990-1987-bmw-3-serie-e36\/","url_meta":{"origin":8029,"position":5},"title":"BMW E36","author":"Terje Bj\u00f8rnstad","date":"28\/03\/2017","format":false,"excerpt":"BMW E36 er - eller blir - utvilsomt en klassiker. Den aller vakreste modellen i E36-serien er utvilsomt cabriolet-utgaven. Det sl\u00e5r meg hvor godt designet p\u00e5 E36 har holdt seg. Omfatter Z3 Modellbetegnelsen E36 ble brukt om biler i 3-serien fra tidlig 1991 til og med 1997 for sedan-utgaven. Overgangen\u2026","rel":"","context":"Liknende innlegg","block_context":{"text":"Liknende innlegg","link":""},"img":{"alt_text":"","src":"https:\/\/i0.wp.com\/terjebjornstad.com\/no\/wp-content\/uploads\/2017\/03\/bmw-3-kensington.png?fit=686%2C457&ssl=1&resize=350%2C200","width":350,"height":200,"srcset":"https:\/\/i0.wp.com\/terjebjornstad.com\/no\/wp-content\/uploads\/2017\/03\/bmw-3-kensington.png?fit=686%2C457&ssl=1&resize=350%2C200 1x, https:\/\/i0.wp.com\/terjebjornstad.com\/no\/wp-content\/uploads\/2017\/03\/bmw-3-kensington.png?fit=686%2C457&ssl=1&resize=525%2C300 1.5x"},"classes":[]}],"_links":{"self":[{"href":"https:\/\/terjebjornstad.com\/no\/wp-json\/wp\/v2\/pages\/8029","targetHints":{"allow":["GET"]}}],"collection":[{"href":"https:\/\/terjebjornstad.com\/no\/wp-json\/wp\/v2\/pages"}],"about":[{"href":"https:\/\/terjebjornstad.com\/no\/wp-json\/wp\/v2\/types\/page"}],"author":[{"embeddable":true,"href":"https:\/\/terjebjornstad.com\/no\/wp-json\/wp\/v2\/users\/1"}],"replies":[{"embeddable":true,"href":"https:\/\/terjebjornstad.com\/no\/wp-json\/wp\/v2\/comments?post=8029"}],"version-history":[{"count":4,"href":"https:\/\/terjebjornstad.com\/no\/wp-json\/wp\/v2\/pages\/8029\/revisions"}],"predecessor-version":[{"id":90739,"href":"https:\/\/terjebjornstad.com\/no\/wp-json\/wp\/v2\/pages\/8029\/revisions\/90739"}],"wp:featuredmedia":[{"embeddable":true,"href":"https:\/\/terjebjornstad.com\/no\/wp-json\/wp\/v2\/media\/7000"}],"wp:attachment":[{"href":"https:\/\/terjebjornstad.com\/no\/wp-json\/wp\/v2\/media?parent=8029"}],"curies":[{"name":"wp","href":"https:\/\/api.w.org\/{rel}","templated":true}]}}