{"id":6967,"date":"2016-08-28T20:43:11","date_gmt":"2016-08-28T20:43:11","guid":{"rendered":"http:\/\/terjebjornstad.com\/no\/?page_id=6967"},"modified":"2026-03-03T22:31:43","modified_gmt":"2026-03-03T21:31:43","slug":"2017-hyundai-ioniq","status":"publish","type":"page","link":"https:\/\/terjebjornstad.com\/no\/2017-hyundai-ioniq\/","title":{"rendered":""},"content":{"rendered":"<div class=\"copy_teb\"><center>Du blir automatisk omdirigert til:<\/p>\n<figure id=\"attachment_22314\" aria-describedby=\"caption-attachment-22314\" style=\"width: 300px\" class=\"wp-caption aligncenter\"><a href=\"https:\/\/terjebjornstad.com\/no\/2019\/03\/12\/hyundai-ioniq-den-nye-folkebilen\/\"><img data-recalc-dims=\"1\" loading=\"lazy\" decoding=\"async\" src=\"https:\/\/i0.wp.com\/terjebjornstad.com\/no\/wp-content\/uploads\/2022\/03\/hyundai-ioniq-2-1080x1080-2.png?resize=200%2C200&#038;ssl=1\" alt=\"\" width=\"200\" height=\"200\" class=\"size-medium wp-image-22314\" \/><\/a><figcaption id=\"caption-attachment-22314\" class=\"wp-caption-text\">Hyndai Ioniq Electric<\/figcaption><\/figure>\n<h6><\/h6>\n<p>\t\t<meta http-equiv=\"refresh\" content=\"5; url=https:\/\/terjebjornstad.com\/no\/2019\/03\/12\/hyundai-ioniq-den-nye-folkebilen\/\">\n\t\tVent 5 sekunder - eller <a href=\"https:\/\/terjebjornstad.com\/no\/2019\/03\/12\/hyundai-ioniq-den-nye-folkebilen\/\">Klikk her<\/a> hvis du ikke vil vente.\n<br \/>\n<\/center><\/p>\n<h6><\/h6>\n<\/div>\n","protected":false},"excerpt":{"rendered":"<p>Du blir automatisk omdirigert til:<\/p>\n","protected":false},"author":1,"featured_media":7140,"parent":0,"menu_order":0,"comment_status":"closed","ping_status":"closed","template":"","meta":{"_monsterinsights_skip_tracking":false,"_monsterinsights_sitenote_active":false,"_monsterinsights_sitenote_note":"","_monsterinsights_sitenote_category":0,"jetpack_post_was_ever_published":false,"footnotes":""},"class_list":["post-6967","page","type-page","status-publish","has-post-thumbnail","hentry"],"yoast_head":"<!-- This site is optimized with the Yoast SEO plugin v27.3 - https:\/\/yoast.com\/product\/yoast-seo-wordpress\/ -->\n<title>- En liten samling av bilder av Ioniq f\u00f8r den ble utbredt.<\/title>\n<meta name=\"description\" content=\"Vi tar med noen bilder tatt av Hyundai Ioniq p\u00e5 ulike utstillinger f\u00f8r modellen ble utbredt. Det var jo som kjent ventetid p\u00e5 disse bilene.\" \/>\n<meta name=\"robots\" content=\"index, follow, max-snippet:-1, max-image-preview:large, max-video-preview:-1\" \/>\n<link rel=\"canonical\" href=\"https:\/\/terjebjornstad.com\/no\/2017-hyundai-ioniq\/\" \/>\n<meta property=\"og:locale\" content=\"nb_NO\" \/>\n<meta property=\"og:type\" content=\"article\" \/>\n<meta property=\"og:title\" content=\"- En liten samling av bilder av Ioniq f\u00f8r den ble utbredt.\" \/>\n<meta property=\"og:description\" content=\"Vi tar med noen bilder tatt av Hyundai Ioniq p\u00e5 ulike utstillinger f\u00f8r modellen ble utbredt. Det var jo som kjent ventetid p\u00e5 disse bilene.\" \/>\n<meta property=\"og:url\" content=\"https:\/\/terjebjornstad.com\/no\/2017-hyundai-ioniq\/\" \/>\n<meta property=\"og:site_name\" content=\"Terjes biler\" \/>\n<meta property=\"article:publisher\" content=\"https:\/\/www.facebook.com\/terjesbiler\/\" \/>\n<meta property=\"article:modified_time\" content=\"2026-03-03T21:31:43+00:00\" \/>\n<meta property=\"og:image\" content=\"https:\/\/terjebjornstad.com\/no\/wp-content\/uploads\/2016\/08\/huyndai-ioniq-100.png\" \/>\n\t<meta property=\"og:image:width\" content=\"686\" \/>\n\t<meta property=\"og:image:height\" content=\"527\" \/>\n\t<meta property=\"og:image:type\" content=\"image\/png\" \/>\n<meta name=\"twitter:card\" content=\"summary_large_image\" \/>\n<meta name=\"twitter:label1\" content=\"Ansl. lesetid\" \/>\n\t<meta name=\"twitter:data1\" content=\"2 minutter\" \/>\n<script type=\"application\/ld+json\" class=\"yoast-schema-graph\">{\"@context\":\"https:\\\/\\\/schema.org\",\"@graph\":[{\"@type\":\"WebPage\",\"@id\":\"https:\\\/\\\/terjebjornstad.com\\\/no\\\/2017-hyundai-ioniq\\\/\",\"url\":\"https:\\\/\\\/terjebjornstad.com\\\/no\\\/2017-hyundai-ioniq\\\/\",\"name\":\"- En liten samling av bilder av Ioniq f\u00f8r den ble utbredt.\",\"isPartOf\":{\"@id\":\"https:\\\/\\\/terjebjornstad.com\\\/no\\\/#website\"},\"primaryImageOfPage\":{\"@id\":\"https:\\\/\\\/terjebjornstad.com\\\/no\\\/2017-hyundai-ioniq\\\/#primaryimage\"},\"image\":{\"@id\":\"https:\\\/\\\/terjebjornstad.com\\\/no\\\/2017-hyundai-ioniq\\\/#primaryimage\"},\"thumbnailUrl\":\"https:\\\/\\\/i0.wp.com\\\/terjebjornstad.com\\\/no\\\/wp-content\\\/uploads\\\/2016\\\/08\\\/huyndai-ioniq-100.png?fit=686%2C527&ssl=1\",\"datePublished\":\"2016-08-28T20:43:11+00:00\",\"dateModified\":\"2026-03-03T21:31:43+00:00\",\"description\":\"Vi tar med noen bilder tatt av Hyundai Ioniq p\u00e5 ulike utstillinger f\u00f8r modellen ble utbredt. Det var jo som kjent ventetid p\u00e5 disse bilene.\",\"inLanguage\":\"nb-NO\",\"potentialAction\":[{\"@type\":\"ReadAction\",\"target\":[\"https:\\\/\\\/terjebjornstad.com\\\/no\\\/2017-hyundai-ioniq\\\/\"]}]},{\"@type\":\"ImageObject\",\"inLanguage\":\"nb-NO\",\"@id\":\"https:\\\/\\\/terjebjornstad.com\\\/no\\\/2017-hyundai-ioniq\\\/#primaryimage\",\"url\":\"https:\\\/\\\/i0.wp.com\\\/terjebjornstad.com\\\/no\\\/wp-content\\\/uploads\\\/2016\\\/08\\\/huyndai-ioniq-100.png?fit=686%2C527&ssl=1\",\"contentUrl\":\"https:\\\/\\\/i0.wp.com\\\/terjebjornstad.com\\\/no\\\/wp-content\\\/uploads\\\/2016\\\/08\\\/huyndai-ioniq-100.png?fit=686%2C527&ssl=1\",\"width\":686,\"height\":527,\"caption\":\"#\"},{\"@type\":\"WebSite\",\"@id\":\"https:\\\/\\\/terjebjornstad.com\\\/no\\\/#website\",\"url\":\"https:\\\/\\\/terjebjornstad.com\\\/no\\\/\",\"name\":\"Terjes biler\",\"description\":\"HONEST ABOUT CARS\",\"publisher\":{\"@id\":\"https:\\\/\\\/terjebjornstad.com\\\/no\\\/#organization\"},\"alternateName\":\"Terjebjornstad.com\",\"potentialAction\":[{\"@type\":\"SearchAction\",\"target\":{\"@type\":\"EntryPoint\",\"urlTemplate\":\"https:\\\/\\\/terjebjornstad.com\\\/no\\\/?s={search_term_string}\"},\"query-input\":{\"@type\":\"PropertyValueSpecification\",\"valueRequired\":true,\"valueName\":\"search_term_string\"}}],\"inLanguage\":\"nb-NO\"},{\"@type\":\"Organization\",\"@id\":\"https:\\\/\\\/terjebjornstad.com\\\/no\\\/#organization\",\"name\":\"Terje Bj\u00f8rnstad ENK\",\"url\":\"https:\\\/\\\/terjebjornstad.com\\\/no\\\/\",\"logo\":{\"@type\":\"ImageObject\",\"inLanguage\":\"nb-NO\",\"@id\":\"https:\\\/\\\/terjebjornstad.com\\\/no\\\/#\\\/schema\\\/logo\\\/image\\\/\",\"url\":\"https:\\\/\\\/i0.wp.com\\\/terjebjornstad.com\\\/no\\\/wp-content\\\/uploads\\\/2026\\\/02\\\/terjesbiler2024-960x354-1.png?fit=960%2C354&ssl=1\",\"contentUrl\":\"https:\\\/\\\/i0.wp.com\\\/terjebjornstad.com\\\/no\\\/wp-content\\\/uploads\\\/2026\\\/02\\\/terjesbiler2024-960x354-1.png?fit=960%2C354&ssl=1\",\"width\":960,\"height\":354,\"caption\":\"Terje Bj\u00f8rnstad ENK\"},\"image\":{\"@id\":\"https:\\\/\\\/terjebjornstad.com\\\/no\\\/#\\\/schema\\\/logo\\\/image\\\/\"},\"sameAs\":[\"https:\\\/\\\/www.facebook.com\\\/terjesbiler\\\/\",\"https:\\\/\\\/www.instagram.com\\\/terjesbiler\\\/\",\"https:\\\/\\\/www.pinteres.com\\\/terjebjrnstad\\\/terjes-biler\\\/\"]}]}<\/script>\n<!-- \/ Yoast SEO plugin. -->","yoast_head_json":{"title":"- En liten samling av bilder av Ioniq f\u00f8r den ble utbredt.","description":"Vi tar med noen bilder tatt av Hyundai Ioniq p\u00e5 ulike utstillinger f\u00f8r modellen ble utbredt. Det var jo som kjent ventetid p\u00e5 disse bilene.","robots":{"index":"index","follow":"follow","max-snippet":"max-snippet:-1","max-image-preview":"max-image-preview:large","max-video-preview":"max-video-preview:-1"},"canonical":"https:\/\/terjebjornstad.com\/no\/2017-hyundai-ioniq\/","og_locale":"nb_NO","og_type":"article","og_title":"- En liten samling av bilder av Ioniq f\u00f8r den ble utbredt.","og_description":"Vi tar med noen bilder tatt av Hyundai Ioniq p\u00e5 ulike utstillinger f\u00f8r modellen ble utbredt. Det var jo som kjent ventetid p\u00e5 disse bilene.","og_url":"https:\/\/terjebjornstad.com\/no\/2017-hyundai-ioniq\/","og_site_name":"Terjes biler","article_publisher":"https:\/\/www.facebook.com\/terjesbiler\/","article_modified_time":"2026-03-03T21:31:43+00:00","og_image":[{"width":686,"height":527,"url":"https:\/\/terjebjornstad.com\/no\/wp-content\/uploads\/2016\/08\/huyndai-ioniq-100.png","type":"image\/png"}],"twitter_card":"summary_large_image","twitter_misc":{"Ansl. lesetid":"2 minutter"},"schema":{"@context":"https:\/\/schema.org","@graph":[{"@type":"WebPage","@id":"https:\/\/terjebjornstad.com\/no\/2017-hyundai-ioniq\/","url":"https:\/\/terjebjornstad.com\/no\/2017-hyundai-ioniq\/","name":"- En liten samling av bilder av Ioniq f\u00f8r den ble utbredt.","isPartOf":{"@id":"https:\/\/terjebjornstad.com\/no\/#website"},"primaryImageOfPage":{"@id":"https:\/\/terjebjornstad.com\/no\/2017-hyundai-ioniq\/#primaryimage"},"image":{"@id":"https:\/\/terjebjornstad.com\/no\/2017-hyundai-ioniq\/#primaryimage"},"thumbnailUrl":"https:\/\/i0.wp.com\/terjebjornstad.com\/no\/wp-content\/uploads\/2016\/08\/huyndai-ioniq-100.png?fit=686%2C527&ssl=1","datePublished":"2016-08-28T20:43:11+00:00","dateModified":"2026-03-03T21:31:43+00:00","description":"Vi tar med noen bilder tatt av Hyundai Ioniq p\u00e5 ulike utstillinger f\u00f8r modellen ble utbredt. Det var jo som kjent ventetid p\u00e5 disse bilene.","inLanguage":"nb-NO","potentialAction":[{"@type":"ReadAction","target":["https:\/\/terjebjornstad.com\/no\/2017-hyundai-ioniq\/"]}]},{"@type":"ImageObject","inLanguage":"nb-NO","@id":"https:\/\/terjebjornstad.com\/no\/2017-hyundai-ioniq\/#primaryimage","url":"https:\/\/i0.wp.com\/terjebjornstad.com\/no\/wp-content\/uploads\/2016\/08\/huyndai-ioniq-100.png?fit=686%2C527&ssl=1","contentUrl":"https:\/\/i0.wp.com\/terjebjornstad.com\/no\/wp-content\/uploads\/2016\/08\/huyndai-ioniq-100.png?fit=686%2C527&ssl=1","width":686,"height":527,"caption":"#"},{"@type":"WebSite","@id":"https:\/\/terjebjornstad.com\/no\/#website","url":"https:\/\/terjebjornstad.com\/no\/","name":"Terjes biler","description":"HONEST ABOUT CARS","publisher":{"@id":"https:\/\/terjebjornstad.com\/no\/#organization"},"alternateName":"Terjebjornstad.com","potentialAction":[{"@type":"SearchAction","target":{"@type":"EntryPoint","urlTemplate":"https:\/\/terjebjornstad.com\/no\/?s={search_term_string}"},"query-input":{"@type":"PropertyValueSpecification","valueRequired":true,"valueName":"search_term_string"}}],"inLanguage":"nb-NO"},{"@type":"Organization","@id":"https:\/\/terjebjornstad.com\/no\/#organization","name":"Terje Bj\u00f8rnstad ENK","url":"https:\/\/terjebjornstad.com\/no\/","logo":{"@type":"ImageObject","inLanguage":"nb-NO","@id":"https:\/\/terjebjornstad.com\/no\/#\/schema\/logo\/image\/","url":"https:\/\/i0.wp.com\/terjebjornstad.com\/no\/wp-content\/uploads\/2026\/02\/terjesbiler2024-960x354-1.png?fit=960%2C354&ssl=1","contentUrl":"https:\/\/i0.wp.com\/terjebjornstad.com\/no\/wp-content\/uploads\/2026\/02\/terjesbiler2024-960x354-1.png?fit=960%2C354&ssl=1","width":960,"height":354,"caption":"Terje Bj\u00f8rnstad ENK"},"image":{"@id":"https:\/\/terjebjornstad.com\/no\/#\/schema\/logo\/image\/"},"sameAs":["https:\/\/www.facebook.com\/terjesbiler\/","https:\/\/www.instagram.com\/terjesbiler\/","https:\/\/www.pinteres.com\/terjebjrnstad\/terjes-biler\/"]}]}},"jetpack_sharing_enabled":true,"jetpack_shortlink":"https:\/\/wp.me\/P48zYA-1On","jetpack-related-posts":[{"id":6970,"url":"https:\/\/terjebjornstad.com\/no\/2017-kia-niro\/","url_meta":{"origin":6967,"position":0},"title":"KIA Niro","author":"Terje Bj\u00f8rnstad","date":"28\/08\/2016","format":false,"excerpt":"Jeg tok et par hastige bilder av KIA Niro p\u00e5 en bilutstilling p\u00e5 Aker Brygge i Oslo. Det var f\u00f8rste gang jeg s\u00e5 Niro. Dette er en hybridbil med samme hybrid-drivverk som man kan f\u00e5 i Hyundai Ioniq. Jeg likte bilen, fordi den har en form som gj\u00f8r den brukbar\u2026","rel":"","context":"Liknende innlegg","block_context":{"text":"Liknende innlegg","link":""},"img":{"alt_text":"2017 Kia Niro (Oslo NO, 2016).","src":"https:\/\/i0.wp.com\/terjebjornstad.com\/no\/wp-content\/uploads\/2016\/08\/kia-niro-10.png?resize=350%2C200&ssl=1","width":350,"height":200,"srcset":"https:\/\/i0.wp.com\/terjebjornstad.com\/no\/wp-content\/uploads\/2016\/08\/kia-niro-10.png?resize=350%2C200&ssl=1 1x, https:\/\/i0.wp.com\/terjebjornstad.com\/no\/wp-content\/uploads\/2016\/08\/kia-niro-10.png?resize=525%2C300&ssl=1 1.5x"},"classes":[]},{"id":7095,"url":"https:\/\/terjebjornstad.com\/no\/hyundai-2\/","url_meta":{"origin":6967,"position":1},"title":"Hyundai Motor Company ble stiftet\u2026","author":"Terje Bj\u00f8rnstad","date":"29\/08\/2016","format":false,"excerpt":"Hyundai Motor Company ble stiftet i 1967 og produserte Ford Cortina parallelt med Ford, UK. Deres f\u00f8rste egenutviklede bil var Pony, som ogs\u00e5 fant veien til Norge. Hyundai eier en andel i KIA og de to selskapene samarbeider med ny teknologi. Hyundai har i dag et forsprang med hensyn til\u2026","rel":"","context":"Liknende innlegg","block_context":{"text":"Liknende innlegg","link":""},"img":{"alt_text":"","src":"https:\/\/i0.wp.com\/terjebjornstad.com\/no\/wp-content\/uploads\/2023\/03\/hyundai-logo-300x200-1.jpg?resize=350%2C200&ssl=1","width":350,"height":200},"classes":[]},{"id":30637,"url":"https:\/\/terjebjornstad.com\/no\/bildekatalogen\/","url_meta":{"origin":6967,"position":2},"title":"Bilmerker Alfa Romeo&nbsp;&nbsp;&nbsp;&nbsp;&nbsp;&nbsp;&nbsp; Alpine&nbsp;&nbsp;&nbsp;&nbsp;&nbsp;&nbsp;&nbsp; Alvis&nbsp;&nbsp;&nbsp;&nbsp;&nbsp;&nbsp;&nbsp;\u2026","author":"Terje Bj\u00f8rnstad","date":"18\/02\/2020","format":false,"excerpt":"Bilmerker Alfa Romeo\u00a0\u00a0\u00a0\u00a0\u00a0\u00a0\u00a0 Alpine\u00a0\u00a0\u00a0\u00a0\u00a0\u00a0\u00a0 Alvis\u00a0\u00a0\u00a0\u00a0\u00a0\u00a0\u00a0 AMC\/Rambler\u00a0\u00a0\u00a0\u00a0\u00a0\u00a0\u00a0 Aston Martin\u00a0\u00a0\u00a0\u00a0\u00a0\u00a0\u00a0 Audi\u00a0\u00a0\u00a0\u00a0\u00a0\u00a0\u00a0 Austin\u00a0\u00a0\u00a0\u00a0\u00a0\u00a0\u00a0 Autobianchi\u00a0\u00a0\u00a0\u00a0\u00a0\u00a0\u00a0 Bentley\u00a0\u00a0\u00a0\u00a0\u00a0\u00a0\u00a0 BMW\u00a0\u00a0\u00a0\u00a0\u00a0\u00a0\u00a0 Bristol\u00a0\u00a0\u00a0\u00a0\u00a0\u00a0\u00a0 Bugatti\u00a0\u00a0\u00a0\u00a0\u00a0\u00a0\u00a0 Buick\u00a0\u00a0\u00a0\u00a0\u00a0\u00a0\u00a0 Cadillac\u00a0\u00a0\u00a0\u00a0\u00a0\u00a0\u00a0 Caterham\u00a0\u00a0\u00a0\u00a0\u00a0\u00a0\u00a0 Chevrolet\u00a0\u00a0\u00a0\u00a0\u00a0\u00a0\u00a0 Chrysler\u00a0\u00a0\u00a0\u00a0\u00a0\u00a0\u00a0 Citro\u00ebn\/DS\u00a0\u00a0\u00a0\u00a0\u00a0\u00a0\u00a0 DAF\u00a0\u00a0\u00a0\u00a0\u00a0\u00a0\u00a0 DeLorean\u00a0\u00a0\u00a0\u00a0\u00a0\u00a0\u00a0 DeTomaso\u00a0\u00a0\u00a0\u00a0\u00a0\u00a0\u00a0 DKW\u00a0\u00a0\u00a0\u00a0\u00a0\u00a0\u00a0 Dodge\u00a0\u00a0\u00a0\u00a0\u00a0\u00a0\u00a0 Donkervoort\u00a0\u00a0\u00a0\u00a0\u00a0\u00a0\u00a0 Ferrari\u00a0\u00a0\u00a0\u00a0\u00a0\u00a0\u00a0 Fiat\u00a0\u00a0\u00a0\u00a0\u00a0\u00a0\u00a0 Fisker\/Karma\u00a0\u00a0\u00a0\u00a0\u00a0\u00a0\u00a0 Ford\u00a0\u00a0\u00a0\u00a0\u00a0\u00a0\u00a0 Gordon Keeble\u00a0\u00a0\u00a0\u00a0\u00a0\u00a0\u00a0 Hispano-Suiza\u00a0\u00a0\u00a0\u00a0\u00a0\u00a0\u00a0 Honda\u00a0\u00a0\u00a0\u00a0\u00a0\u00a0\u00a0 Hummer\u00a0\u00a0\u00a0\u00a0\u00a0\u00a0\u00a0 Hyundai\u00a0\u00a0\u00a0\u00a0\u00a0\u00a0\u00a0 Iso\u00a0\u00a0\u00a0\u00a0\u00a0\u00a0\u00a0 Isuzu\u00a0\u00a0\u00a0\u00a0\u00a0\u00a0\u00a0 Jaguar\u00a0\u00a0\u00a0\u00a0\u00a0\u00a0\u00a0 Jeep\u00a0\u00a0\u00a0\u00a0\u00a0\u00a0\u00a0 Kaiser-Frazer\u00a0\u00a0\u00a0\u00a0\u00a0\u00a0\u00a0 KIA\u00a0\u00a0\u00a0\u00a0\u00a0\u00a0\u00a0 Lamborghini\u00a0\u00a0\u00a0\u00a0\u00a0\u00a0\u00a0 Lancia\u00a0\u00a0\u00a0\u00a0\u00a0\u00a0\u00a0 Land Rover\u00a0\u00a0\u00a0\u00a0\u00a0\u00a0\u00a0 Lexus\u00a0\u00a0\u00a0\u00a0\u00a0\u00a0\u00a0 Lincoln\u00a0\u00a0\u00a0\u00a0\u00a0\u00a0\u00a0 Lotus\u00a0\u00a0\u00a0\u00a0\u00a0\u00a0\u00a0\u2026","rel":"","context":"Liknende innlegg","block_context":{"text":"Liknende innlegg","link":""},"img":{"alt_text":"bilmerker","src":"https:\/\/i0.wp.com\/terjebjornstad.com\/no\/wp-content\/uploads\/2024\/09\/bilkatalogen-1-wiii-1.png?resize=350%2C200&ssl=1","width":350,"height":200},"classes":[]},{"id":14935,"url":"https:\/\/terjebjornstad.com\/no\/the-sunday-drive\/","url_meta":{"origin":6967,"position":3},"title":"The Sunday Drive","author":"Terje Bj\u00f8rnstad","date":"10\/03\/2018","format":false,"excerpt":"\u00a0 \u00a0 Eldre omtaler","rel":"","context":"Liknende innlegg","block_context":{"text":"Liknende innlegg","link":""},"img":{"alt_text":"memorylane1","src":"https:\/\/i0.wp.com\/terjebjornstad.com\/no\/wp-content\/uploads\/2018\/03\/TheSundayDrive.png?resize=350%2C200&ssl=1","width":350,"height":200},"classes":[]},{"id":35330,"url":"https:\/\/terjebjornstad.com\/no\/35330-2\/","url_meta":{"origin":6967,"position":4},"title":"&nbsp;","author":"Terje Bj\u00f8rnstad","date":"04\/10\/2020","format":false,"excerpt":"\u00a0","rel":"","context":"Liknende innlegg","block_context":{"text":"Liknende innlegg","link":""},"img":{"alt_text":"","src":"https:\/\/i0.wp.com\/terjebjornstad.com\/no\/wp-content\/uploads\/2024\/11\/allbwd.png?resize=350%2C200&ssl=1","width":350,"height":200},"classes":[]}],"_links":{"self":[{"href":"https:\/\/terjebjornstad.com\/no\/wp-json\/wp\/v2\/pages\/6967","targetHints":{"allow":["GET"]}}],"collection":[{"href":"https:\/\/terjebjornstad.com\/no\/wp-json\/wp\/v2\/pages"}],"about":[{"href":"https:\/\/terjebjornstad.com\/no\/wp-json\/wp\/v2\/types\/page"}],"author":[{"embeddable":true,"href":"https:\/\/terjebjornstad.com\/no\/wp-json\/wp\/v2\/users\/1"}],"replies":[{"embeddable":true,"href":"https:\/\/terjebjornstad.com\/no\/wp-json\/wp\/v2\/comments?post=6967"}],"version-history":[{"count":9,"href":"https:\/\/terjebjornstad.com\/no\/wp-json\/wp\/v2\/pages\/6967\/revisions"}],"predecessor-version":[{"id":90665,"href":"https:\/\/terjebjornstad.com\/no\/wp-json\/wp\/v2\/pages\/6967\/revisions\/90665"}],"wp:featuredmedia":[{"embeddable":true,"href":"https:\/\/terjebjornstad.com\/no\/wp-json\/wp\/v2\/media\/7140"}],"wp:attachment":[{"href":"https:\/\/terjebjornstad.com\/no\/wp-json\/wp\/v2\/media?parent=6967"}],"curies":[{"name":"wp","href":"https:\/\/api.w.org\/{rel}","templated":true}]}}