{"id":63162,"date":"2023-09-23T18:54:07","date_gmt":"2023-09-23T17:54:07","guid":{"rendered":"https:\/\/terjebjornstad.com\/no\/?page_id=63162"},"modified":"2023-09-23T22:25:26","modified_gmt":"2023-09-23T21:25:26","slug":"sok","status":"publish","type":"page","link":"https:\/\/terjebjornstad.com\/no\/sok\/","title":{"rendered":""},"content":{"rendered":"\n","protected":false},"excerpt":{"rendered":"","protected":false},"author":1,"featured_media":0,"parent":0,"menu_order":0,"comment_status":"closed","ping_status":"closed","template":"","meta":{"_monsterinsights_skip_tracking":false,"_monsterinsights_sitenote_active":false,"_monsterinsights_sitenote_note":"","_monsterinsights_sitenote_category":0,"jetpack_post_was_ever_published":false,"footnotes":""},"class_list":["post-63162","page","type-page","status-publish","hentry"],"yoast_head":"<!-- This site is optimized with the Yoast SEO plugin v27.5 - https:\/\/yoast.com\/product\/yoast-seo-wordpress\/ -->\n<title>- Terjes biler<\/title>\n<meta name=\"robots\" content=\"index, follow, max-snippet:-1, max-image-preview:large, max-video-preview:-1\" \/>\n<link rel=\"canonical\" href=\"https:\/\/terjebjornstad.com\/no\/sok\/\" \/>\n<meta property=\"og:locale\" content=\"nb_NO\" \/>\n<meta property=\"og:type\" content=\"article\" \/>\n<meta property=\"og:title\" content=\"- Terjes biler\" \/>\n<meta property=\"og:url\" content=\"https:\/\/terjebjornstad.com\/no\/sok\/\" \/>\n<meta property=\"og:site_name\" content=\"Terjes biler\" \/>\n<meta property=\"article:publisher\" content=\"https:\/\/www.facebook.com\/terjesbiler\/\" \/>\n<meta property=\"article:modified_time\" content=\"2023-09-23T21:25:26+00:00\" \/>\n<meta property=\"og:image\" content=\"https:\/\/i0.wp.com\/terjebjornstad.com\/no\/wp-content\/uploads\/2026\/02\/terjesbiler2024-960x354-1.png?fit=960%2C354&ssl=1\" \/>\n\t<meta property=\"og:image:width\" content=\"960\" \/>\n\t<meta property=\"og:image:height\" content=\"354\" \/>\n\t<meta property=\"og:image:type\" content=\"image\/png\" \/>\n<meta name=\"twitter:card\" content=\"summary_large_image\" \/>\n<meta name=\"twitter:label1\" content=\"Ansl. lesetid\" \/>\n\t<meta name=\"twitter:data1\" content=\"1 minutt\" \/>\n<script type=\"application\/ld+json\" class=\"yoast-schema-graph\">{\"@context\":\"https:\\\/\\\/schema.org\",\"@graph\":[{\"@type\":\"WebPage\",\"@id\":\"https:\\\/\\\/terjebjornstad.com\\\/no\\\/sok\\\/\",\"url\":\"https:\\\/\\\/terjebjornstad.com\\\/no\\\/sok\\\/\",\"name\":\"- Terjes biler\",\"isPartOf\":{\"@id\":\"https:\\\/\\\/terjebjornstad.com\\\/no\\\/#website\"},\"datePublished\":\"2023-09-23T17:54:07+00:00\",\"dateModified\":\"2023-09-23T21:25:26+00:00\",\"inLanguage\":\"nb-NO\",\"potentialAction\":[{\"@type\":\"ReadAction\",\"target\":[\"https:\\\/\\\/terjebjornstad.com\\\/no\\\/sok\\\/\"]}]},{\"@type\":\"WebSite\",\"@id\":\"https:\\\/\\\/terjebjornstad.com\\\/no\\\/#website\",\"url\":\"https:\\\/\\\/terjebjornstad.com\\\/no\\\/\",\"name\":\"Terjes biler\",\"description\":\"HONEST ABOUT CARS\",\"publisher\":{\"@id\":\"https:\\\/\\\/terjebjornstad.com\\\/no\\\/#organization\"},\"alternateName\":\"Terjebjornstad.com\",\"potentialAction\":[{\"@type\":\"SearchAction\",\"target\":{\"@type\":\"EntryPoint\",\"urlTemplate\":\"https:\\\/\\\/terjebjornstad.com\\\/no\\\/?s={search_term_string}\"},\"query-input\":{\"@type\":\"PropertyValueSpecification\",\"valueRequired\":true,\"valueName\":\"search_term_string\"}}],\"inLanguage\":\"nb-NO\"},{\"@type\":\"Organization\",\"@id\":\"https:\\\/\\\/terjebjornstad.com\\\/no\\\/#organization\",\"name\":\"Terje Bj\u00f8rnstad ENK\",\"url\":\"https:\\\/\\\/terjebjornstad.com\\\/no\\\/\",\"logo\":{\"@type\":\"ImageObject\",\"inLanguage\":\"nb-NO\",\"@id\":\"https:\\\/\\\/terjebjornstad.com\\\/no\\\/#\\\/schema\\\/logo\\\/image\\\/\",\"url\":\"https:\\\/\\\/i0.wp.com\\\/terjebjornstad.com\\\/no\\\/wp-content\\\/uploads\\\/2026\\\/02\\\/terjesbiler2024-960x354-1.png?fit=960%2C354&ssl=1\",\"contentUrl\":\"https:\\\/\\\/i0.wp.com\\\/terjebjornstad.com\\\/no\\\/wp-content\\\/uploads\\\/2026\\\/02\\\/terjesbiler2024-960x354-1.png?fit=960%2C354&ssl=1\",\"width\":960,\"height\":354,\"caption\":\"Terje Bj\u00f8rnstad ENK\"},\"image\":{\"@id\":\"https:\\\/\\\/terjebjornstad.com\\\/no\\\/#\\\/schema\\\/logo\\\/image\\\/\"},\"sameAs\":[\"https:\\\/\\\/www.facebook.com\\\/terjesbiler\\\/\",\"https:\\\/\\\/www.instagram.com\\\/terjesbiler\\\/\",\"https:\\\/\\\/www.pinteres.com\\\/terjebjrnstad\\\/terjes-biler\\\/\"]}]}<\/script>\n<!-- \/ Yoast SEO plugin. -->","yoast_head_json":{"title":"- Terjes biler","robots":{"index":"index","follow":"follow","max-snippet":"max-snippet:-1","max-image-preview":"max-image-preview:large","max-video-preview":"max-video-preview:-1"},"canonical":"https:\/\/terjebjornstad.com\/no\/sok\/","og_locale":"nb_NO","og_type":"article","og_title":"- Terjes biler","og_url":"https:\/\/terjebjornstad.com\/no\/sok\/","og_site_name":"Terjes biler","article_publisher":"https:\/\/www.facebook.com\/terjesbiler\/","article_modified_time":"2023-09-23T21:25:26+00:00","og_image":[{"width":960,"height":354,"url":"https:\/\/i0.wp.com\/terjebjornstad.com\/no\/wp-content\/uploads\/2026\/02\/terjesbiler2024-960x354-1.png?fit=960%2C354&ssl=1","type":"image\/png"}],"twitter_card":"summary_large_image","twitter_misc":{"Ansl. lesetid":"1 minutt"},"schema":{"@context":"https:\/\/schema.org","@graph":[{"@type":"WebPage","@id":"https:\/\/terjebjornstad.com\/no\/sok\/","url":"https:\/\/terjebjornstad.com\/no\/sok\/","name":"- Terjes biler","isPartOf":{"@id":"https:\/\/terjebjornstad.com\/no\/#website"},"datePublished":"2023-09-23T17:54:07+00:00","dateModified":"2023-09-23T21:25:26+00:00","inLanguage":"nb-NO","potentialAction":[{"@type":"ReadAction","target":["https:\/\/terjebjornstad.com\/no\/sok\/"]}]},{"@type":"WebSite","@id":"https:\/\/terjebjornstad.com\/no\/#website","url":"https:\/\/terjebjornstad.com\/no\/","name":"Terjes biler","description":"HONEST ABOUT CARS","publisher":{"@id":"https:\/\/terjebjornstad.com\/no\/#organization"},"alternateName":"Terjebjornstad.com","potentialAction":[{"@type":"SearchAction","target":{"@type":"EntryPoint","urlTemplate":"https:\/\/terjebjornstad.com\/no\/?s={search_term_string}"},"query-input":{"@type":"PropertyValueSpecification","valueRequired":true,"valueName":"search_term_string"}}],"inLanguage":"nb-NO"},{"@type":"Organization","@id":"https:\/\/terjebjornstad.com\/no\/#organization","name":"Terje Bj\u00f8rnstad ENK","url":"https:\/\/terjebjornstad.com\/no\/","logo":{"@type":"ImageObject","inLanguage":"nb-NO","@id":"https:\/\/terjebjornstad.com\/no\/#\/schema\/logo\/image\/","url":"https:\/\/i0.wp.com\/terjebjornstad.com\/no\/wp-content\/uploads\/2026\/02\/terjesbiler2024-960x354-1.png?fit=960%2C354&ssl=1","contentUrl":"https:\/\/i0.wp.com\/terjebjornstad.com\/no\/wp-content\/uploads\/2026\/02\/terjesbiler2024-960x354-1.png?fit=960%2C354&ssl=1","width":960,"height":354,"caption":"Terje Bj\u00f8rnstad ENK"},"image":{"@id":"https:\/\/terjebjornstad.com\/no\/#\/schema\/logo\/image\/"},"sameAs":["https:\/\/www.facebook.com\/terjesbiler\/","https:\/\/www.instagram.com\/terjesbiler\/","https:\/\/www.pinteres.com\/terjebjrnstad\/terjes-biler\/"]}]}},"jetpack_sharing_enabled":true,"jetpack_shortlink":"https:\/\/wp.me\/P48zYA-gqK","jetpack-related-posts":[{"id":60758,"url":"https:\/\/terjebjornstad.com\/no\/bygdedag-onsoy\/","url_meta":{"origin":63162,"position":0},"title":"Bygdedag Ons\u00f8y, Elingaard","author":"Terje Bj\u00f8rnstad","date":"02\/07\/2023","format":false,"excerpt":"Fredrikstad Amcar Klubb stilte med flotte biler ved Elingaard p\u00e5 Ons\u00f8y den 11. juni 2023. Med bilder av amerikanske biler i disse flotte omgivelsene kunne man forestille seg at de var p\u00e5 vei til en fornem \"Country Club\" et eller annet sted i sunny California. Foto: Jonny Bun\u00e6s Se ogs\u00e5\u2026","rel":"","context":"Liknende innlegg","block_context":{"text":"Liknende innlegg","link":""},"img":{"alt_text":"","src":"https:\/\/i0.wp.com\/terjebjornstad.com\/no\/wp-content\/uploads\/2023\/07\/1-1974-cadillac-eldorado-convertible-1425x950-1.jpg?fit=1200%2C800&ssl=1&resize=350%2C200","width":350,"height":200,"srcset":"https:\/\/i0.wp.com\/terjebjornstad.com\/no\/wp-content\/uploads\/2023\/07\/1-1974-cadillac-eldorado-convertible-1425x950-1.jpg?fit=1200%2C800&ssl=1&resize=350%2C200 1x, https:\/\/i0.wp.com\/terjebjornstad.com\/no\/wp-content\/uploads\/2023\/07\/1-1974-cadillac-eldorado-convertible-1425x950-1.jpg?fit=1200%2C800&ssl=1&resize=525%2C300 1.5x, https:\/\/i0.wp.com\/terjebjornstad.com\/no\/wp-content\/uploads\/2023\/07\/1-1974-cadillac-eldorado-convertible-1425x950-1.jpg?fit=1200%2C800&ssl=1&resize=700%2C400 2x, https:\/\/i0.wp.com\/terjebjornstad.com\/no\/wp-content\/uploads\/2023\/07\/1-1974-cadillac-eldorado-convertible-1425x950-1.jpg?fit=1200%2C800&ssl=1&resize=1050%2C600 3x"},"classes":[]},{"id":5521,"url":"https:\/\/terjebjornstad.com\/no\/1965-ford-mustang\/","url_meta":{"origin":63162,"position":1},"title":"Ford Mustang 1","author":"Terje Bj\u00f8rnstad","date":"22\/06\/2016","format":false,"excerpt":"Gode hobbybiler Tidlige Ford Mustang'er - Mustang 1 - er ypperlige hobbybiler. Det finnes rikelig tilgang p\u00e5 nye og nyoverhalte deler. Mustangene endte ikke opp p\u00e5 mus\u00e9ene. De holdt seg p\u00e5 veien. Ble omarbeidet etter oljekrisen Mustang 1 begynte midt i modell\u00e5ret 1964 og fortsatte helt til oljekrisen. I likhet\u2026","rel":"","context":"Liknende innlegg","block_context":{"text":"Liknende innlegg","link":""},"img":{"alt_text":"mustang 1","src":"https:\/\/i0.wp.com\/terjebjornstad.com\/no\/wp-content\/uploads\/2019\/09\/ford-mustang-289-mk1-14-1080x720.png?fit=1080%2C720&ssl=1&resize=350%2C200","width":350,"height":200,"srcset":"https:\/\/i0.wp.com\/terjebjornstad.com\/no\/wp-content\/uploads\/2019\/09\/ford-mustang-289-mk1-14-1080x720.png?fit=1080%2C720&ssl=1&resize=350%2C200 1x, https:\/\/i0.wp.com\/terjebjornstad.com\/no\/wp-content\/uploads\/2019\/09\/ford-mustang-289-mk1-14-1080x720.png?fit=1080%2C720&ssl=1&resize=525%2C300 1.5x, https:\/\/i0.wp.com\/terjebjornstad.com\/no\/wp-content\/uploads\/2019\/09\/ford-mustang-289-mk1-14-1080x720.png?fit=1080%2C720&ssl=1&resize=700%2C400 2x, https:\/\/i0.wp.com\/terjebjornstad.com\/no\/wp-content\/uploads\/2019\/09\/ford-mustang-289-mk1-14-1080x720.png?fit=1080%2C720&ssl=1&resize=1050%2C600 3x"},"classes":[]},{"id":61989,"url":"https:\/\/terjebjornstad.com\/no\/bristol-411\/","url_meta":{"origin":63162,"position":2},"title":"Bristol 411","author":"Terje Bj\u00f8rnstad","date":"01\/08\/2023","format":false,"excerpt":"Om bildene Bilen i bildene deltok p\u00e5 Brooklands Summer Classic Gathering and AUto Jumble 2023. \u00a0 Se ogs\u00e5 Bristol Owners' Club (UK)","rel":"","context":"Liknende innlegg","block_context":{"text":"Liknende innlegg","link":""},"img":{"alt_text":"","src":"https:\/\/i0.wp.com\/terjebjornstad.com\/no\/wp-content\/uploads\/2023\/08\/21-bristol-411-austin-a40-1920x1280-1.jpg?resize=350%2C200&ssl=1","width":350,"height":200,"srcset":"https:\/\/i0.wp.com\/terjebjornstad.com\/no\/wp-content\/uploads\/2023\/08\/21-bristol-411-austin-a40-1920x1280-1.jpg?resize=350%2C200&ssl=1 1x, https:\/\/i0.wp.com\/terjebjornstad.com\/no\/wp-content\/uploads\/2023\/08\/21-bristol-411-austin-a40-1920x1280-1.jpg?resize=525%2C300&ssl=1 1.5x, https:\/\/i0.wp.com\/terjebjornstad.com\/no\/wp-content\/uploads\/2023\/08\/21-bristol-411-austin-a40-1920x1280-1.jpg?resize=700%2C400&ssl=1 2x, https:\/\/i0.wp.com\/terjebjornstad.com\/no\/wp-content\/uploads\/2023\/08\/21-bristol-411-austin-a40-1920x1280-1.jpg?resize=1050%2C600&ssl=1 3x, https:\/\/i0.wp.com\/terjebjornstad.com\/no\/wp-content\/uploads\/2023\/08\/21-bristol-411-austin-a40-1920x1280-1.jpg?resize=1400%2C800&ssl=1 4x"},"classes":[]},{"id":5157,"url":"https:\/\/terjebjornstad.com\/no\/1981-renault-4\/","url_meta":{"origin":63162,"position":3},"title":"Renault 4","author":"Terje Bj\u00f8rnstad","date":"20\/06\/2016","format":false,"excerpt":"En helt spesiell bil Jeg har tidligere eid en Renault 4. Den var fire og et halvt \u00e5r da jeg kj\u00f8pte den og hadde tidligere g\u00e5tt som firmabil for Securitas. Etter det, damekj\u00f8rt, - og dessverre kj\u00f8rt tom for olje. Jeg tok motoren ut for overhaling, men den kunne ikke\u2026","rel":"","context":"Liknende innlegg","block_context":{"text":"Liknende innlegg","link":""},"img":{"alt_text":"renault 4","src":"https:\/\/i0.wp.com\/terjebjornstad.com\/no\/wp-content\/uploads\/2021\/10\/renault-4-1080x720-1.png?fit=1080%2C720&ssl=1&resize=350%2C200","width":350,"height":200,"srcset":"https:\/\/i0.wp.com\/terjebjornstad.com\/no\/wp-content\/uploads\/2021\/10\/renault-4-1080x720-1.png?fit=1080%2C720&ssl=1&resize=350%2C200 1x, https:\/\/i0.wp.com\/terjebjornstad.com\/no\/wp-content\/uploads\/2021\/10\/renault-4-1080x720-1.png?fit=1080%2C720&ssl=1&resize=525%2C300 1.5x, https:\/\/i0.wp.com\/terjebjornstad.com\/no\/wp-content\/uploads\/2021\/10\/renault-4-1080x720-1.png?fit=1080%2C720&ssl=1&resize=700%2C400 2x, https:\/\/i0.wp.com\/terjebjornstad.com\/no\/wp-content\/uploads\/2021\/10\/renault-4-1080x720-1.png?fit=1080%2C720&ssl=1&resize=1050%2C600 3x"},"classes":[]},{"id":61976,"url":"https:\/\/terjebjornstad.com\/no\/biltreff\/","url_meta":{"origin":63162,"position":4},"title":"Biltreff","author":"Terje Bj\u00f8rnstad","date":"01\/08\/2023","format":false,"excerpt":"","rel":"","context":"Liknende innlegg","block_context":{"text":"Liknende innlegg","link":""},"img":{"alt_text":"","src":"https:\/\/i0.wp.com\/terjebjornstad.com\/no\/wp-content\/uploads\/2023\/01\/citronnade2024-youtube-235-133-1.png?resize=350%2C200&ssl=1","width":350,"height":200},"classes":[]},{"id":9901,"url":"https:\/\/terjebjornstad.com\/no\/volkswagen-t6-multivan\/","url_meta":{"origin":63162,"position":5},"title":"Volkswagen T6 Multivan","author":"Terje Bj\u00f8rnstad","date":"03\/04\/2017","format":false,"excerpt":"Transporter, Caravelle, Multivan og California, - det er betegnelser p\u00e5 Volkswagen T6. Bildene inneholder Transporter Sportline med seter (UK), Multivan og California med Westfalia topp. \u00a0 \u00a0 \u00a0 \u00a0 \u00a0 \u00a0 \u00a0 Les innlegg om Transporter Sportline som 6-seter: Lifestyle Express. \u00a0 T6 California California - camperversjonen - har sine\u2026","rel":"","context":"Liknende innlegg","block_context":{"text":"Liknende innlegg","link":""},"img":{"alt_text":"","src":"https:\/\/i0.wp.com\/terjebjornstad.com\/no\/wp-content\/uploads\/2017\/04\/t6-multivan-11.png?resize=350%2C200&ssl=1","width":350,"height":200,"srcset":"https:\/\/i0.wp.com\/terjebjornstad.com\/no\/wp-content\/uploads\/2017\/04\/t6-multivan-11.png?resize=350%2C200&ssl=1 1x, https:\/\/i0.wp.com\/terjebjornstad.com\/no\/wp-content\/uploads\/2017\/04\/t6-multivan-11.png?resize=525%2C300&ssl=1 1.5x"},"classes":[]}],"_links":{"self":[{"href":"https:\/\/terjebjornstad.com\/no\/wp-json\/wp\/v2\/pages\/63162","targetHints":{"allow":["GET"]}}],"collection":[{"href":"https:\/\/terjebjornstad.com\/no\/wp-json\/wp\/v2\/pages"}],"about":[{"href":"https:\/\/terjebjornstad.com\/no\/wp-json\/wp\/v2\/types\/page"}],"author":[{"embeddable":true,"href":"https:\/\/terjebjornstad.com\/no\/wp-json\/wp\/v2\/users\/1"}],"replies":[{"embeddable":true,"href":"https:\/\/terjebjornstad.com\/no\/wp-json\/wp\/v2\/comments?post=63162"}],"version-history":[{"count":12,"href":"https:\/\/terjebjornstad.com\/no\/wp-json\/wp\/v2\/pages\/63162\/revisions"}],"predecessor-version":[{"id":79814,"href":"https:\/\/terjebjornstad.com\/no\/wp-json\/wp\/v2\/pages\/63162\/revisions\/79814"}],"wp:attachment":[{"href":"https:\/\/terjebjornstad.com\/no\/wp-json\/wp\/v2\/media?parent=63162"}],"curies":[{"name":"wp","href":"https:\/\/api.w.org\/{rel}","templated":true}]}}