{"id":5714,"date":"2016-06-23T10:58:55","date_gmt":"2016-06-23T10:58:55","guid":{"rendered":"http:\/\/terjebjornstad.com\/no\/?page_id=5714"},"modified":"2024-11-01T12:50:11","modified_gmt":"2024-11-01T11:50:11","slug":"fisker","status":"publish","type":"page","link":"https:\/\/terjebjornstad.com\/no\/fisker\/","title":{"rendered":""},"content":{"rendered":"<figure id=\"attachment_76659\" aria-describedby=\"caption-attachment-76659\" style=\"width: 300px\" class=\"wp-caption alignleft\"><img data-recalc-dims=\"1\" loading=\"lazy\" decoding=\"async\" src=\"https:\/\/i0.wp.com\/terjebjornstad.com\/no\/wp-content\/uploads\/2024\/11\/karma-1-1.png?resize=300%2C200&#038;ssl=1\" alt=\"\" width=\"300\" height=\"200\" class=\"size-full wp-image-76659\" \/><figcaption id=\"caption-attachment-76659\" class=\"wp-caption-text\">&nbsp;<\/figcaption><\/figure>\n<div class=\"copy_teb1\">Henrik Fisker\u2019s f\u00f8rste bilprosjekt, Fisker Karma, gikk konkurs i 2013. Etter at kinesiske Wanxiang kj\u00f8pte selskapet \u00e5ret etter, kom bilene ut p\u00e5 markedet under bilmerket Karma.<\/div>\n<h6><\/h6>\n<figure id=\"attachment_73530\" aria-describedby=\"caption-attachment-73530\" style=\"width: 300px\" class=\"wp-caption alignleft\"><a href=\"https:\/\/terjebjornstad.com\/no\/2024\/08\/06\/karma-gyesera-blir-helt-elektrisk\/\"><img data-recalc-dims=\"1\" loading=\"lazy\" decoding=\"async\" data-attachment-id=\"73530\" data-permalink=\"https:\/\/terjebjornstad.com\/no\/terjes-biler\/gyesera-moneyshot-800x480\/\" data-orig-file=\"https:\/\/i0.wp.com\/terjebjornstad.com\/no\/wp-content\/uploads\/2024\/08\/Gyesera-moneyshot-800x480-1.jpg?fit=800%2C480&amp;ssl=1\" data-orig-size=\"800,480\" data-comments-opened=\"1\" data-image-meta=\"{&quot;aperture&quot;:&quot;0&quot;,&quot;credit&quot;:&quot;&quot;,&quot;camera&quot;:&quot;&quot;,&quot;caption&quot;:&quot;&quot;,&quot;created_timestamp&quot;:&quot;0&quot;,&quot;copyright&quot;:&quot;&quot;,&quot;focal_length&quot;:&quot;0&quot;,&quot;iso&quot;:&quot;0&quot;,&quot;shutter_speed&quot;:&quot;0&quot;,&quot;title&quot;:&quot;&quot;,&quot;orientation&quot;:&quot;1&quot;}\" data-image-title=\"Gyesera-moneyshot-800&amp;#215;480\" data-image-description=\"\" data-image-caption=\"&lt;p&gt;dsfsfsf sfsdfsd sfsdf&lt;\/p&gt;\n\" data-large-file=\"https:\/\/i0.wp.com\/terjebjornstad.com\/no\/wp-content\/uploads\/2024\/08\/Gyesera-moneyshot-800x480-1.jpg?fit=800%2C480&amp;ssl=1\" src=\"https:\/\/i0.wp.com\/terjebjornstad.com\/no\/wp-content\/uploads\/2024\/08\/karma-gyesera-2-1920x1249-1.jpg?resize=300%2C180&#038;ssl=1\" alt=\"\" width=\"300\" height=\"180\" class=\"size-medium wp-image-73530\" \/><\/a><figcaption id=\"caption-attachment-73530\" class=\"wp-caption-text\"><\/p>\n<h3 class=\"tebh2s\">Karma Gyesera blir helt elektrisk<\/h3>\n<div class=\"tebtext\">Hybridl\u00f8sning basert p\u00e5 \u201crange extender\u201d har aldri v\u00e6rt noen stor suksess. Ett av bilmerkene som har benyttet dette, er Karma. Men n\u00e5 kommer de ogs\u00e5 med rene elektriske biler.<\/div>\n<p><\/figcaption><\/figure>\n<figure id=\"attachment_2511\" aria-describedby=\"caption-attachment-2511\" style=\"width: 300px\" class=\"wp-caption alignleft\"><a href=\"https:\/\/terjebjornstad.com\/no\/2015\/11\/03\/fisker-gjenoppstar-som-karma\/\"><img data-recalc-dims=\"1\" loading=\"lazy\" decoding=\"async\" data-attachment-id=\"2511\" data-permalink=\"https:\/\/terjebjornstad.com\/no\/2015\/11\/03\/fisker-gjenoppstar-som-karma\/fisker-karma-7\/\" data-orig-file=\"https:\/\/i0.wp.com\/terjebjornstad.com\/no\/wp-content\/uploads\/2015\/11\/fisker-karma-7.png?fit=660%2C440&amp;ssl=1\" data-orig-size=\"660,440\" data-comments-opened=\"1\" data-image-meta=\"{&quot;aperture&quot;:&quot;0&quot;,&quot;credit&quot;:&quot;&quot;,&quot;camera&quot;:&quot;&quot;,&quot;caption&quot;:&quot;&quot;,&quot;created_timestamp&quot;:&quot;0&quot;,&quot;copyright&quot;:&quot;&quot;,&quot;focal_length&quot;:&quot;0&quot;,&quot;iso&quot;:&quot;0&quot;,&quot;shutter_speed&quot;:&quot;0&quot;,&quot;title&quot;:&quot;&quot;,&quot;orientation&quot;:&quot;0&quot;}\" data-image-title=\"Fisker Karma\" data-image-description=\"\" data-image-caption=\"&lt;p&gt;Fisker gjenoppst\u00e5r som Karma  Med nye, kinesiske eiere og hovedkontor i California, skal produksjonen av Fisker gjenopptas under merkenavnet Karma,&lt;\/p&gt;\n\" data-large-file=\"https:\/\/i0.wp.com\/terjebjornstad.com\/no\/wp-content\/uploads\/2015\/11\/fisker-karma-7.png?fit=660%2C440&amp;ssl=1\" src=\"https:\/\/i0.wp.com\/terjebjornstad.com\/no\/wp-content\/uploads\/2015\/11\/fisker-karma-7.png?resize=300%2C200&#038;ssl=1\" alt=\"\" width=\"300\" height=\"200\" class=\"size-medium wp-image-2511\" srcset=\"https:\/\/i0.wp.com\/terjebjornstad.com\/no\/wp-content\/uploads\/2015\/11\/fisker-karma-7.png?resize=300%2C200&amp;ssl=1 300w, https:\/\/i0.wp.com\/terjebjornstad.com\/no\/wp-content\/uploads\/2015\/11\/fisker-karma-7.png?w=660&amp;ssl=1 660w\" sizes=\"auto, (max-width: 300px) 100vw, 300px\" \/><\/a><figcaption id=\"caption-attachment-2511\" class=\"wp-caption-text\"><\/p>\n<h3 class=\"tebh2s\">Fisker gjenoppst\u00e5r som Karma<\/h3>\n<div class=\"tebtext\">Med nye, kinesiske eiere og hovedkontor i California, skal produksjonen av Fisker gjenopptas under merkenavnet Karma.<\/div>\n<p><\/figcaption><\/figure>\n<figure id=\"attachment_2508\" aria-describedby=\"caption-attachment-2508\" style=\"width: 300px\" class=\"wp-caption alignleft\"><a href=\"https:\/\/terjebjornstad.com\/no\/fisker-karma\/\"><img data-recalc-dims=\"1\" loading=\"lazy\" decoding=\"async\" data-attachment-id=\"2508\" data-permalink=\"https:\/\/terjebjornstad.com\/no\/2015\/11\/03\/fisker-gjenoppstar-som-karma\/fisker-karma-1\/\" data-orig-file=\"https:\/\/i0.wp.com\/terjebjornstad.com\/no\/wp-content\/uploads\/2015\/11\/fisker-karma-1.png?fit=360%2C240&amp;ssl=1\" data-orig-size=\"360,240\" data-comments-opened=\"1\" data-image-meta=\"{&quot;aperture&quot;:&quot;0&quot;,&quot;credit&quot;:&quot;&quot;,&quot;camera&quot;:&quot;&quot;,&quot;caption&quot;:&quot;&quot;,&quot;created_timestamp&quot;:&quot;0&quot;,&quot;copyright&quot;:&quot;&quot;,&quot;focal_length&quot;:&quot;0&quot;,&quot;iso&quot;:&quot;0&quot;,&quot;shutter_speed&quot;:&quot;0&quot;,&quot;title&quot;:&quot;&quot;,&quot;orientation&quot;:&quot;0&quot;}\" data-image-title=\"Fisker Karma\" data-image-description=\"\" data-image-caption=\"&lt;p&gt;Fisker Karma Fisker, oppkalt etter gr\u00fcnderen Henrik Fisker, var et elbil-konsept hvor en 2 liters bensinmotor tjente som range extender&lt;\/p&gt;\n\" data-large-file=\"https:\/\/i0.wp.com\/terjebjornstad.com\/no\/wp-content\/uploads\/2015\/11\/fisker-karma-1.png?fit=360%2C240&amp;ssl=1\" src=\"https:\/\/i0.wp.com\/terjebjornstad.com\/no\/wp-content\/uploads\/2015\/11\/fisker-karma-1.png?resize=300%2C200&#038;ssl=1\" alt=\"\" width=\"300\" height=\"200\" class=\"size-medium wp-image-2508\" srcset=\"https:\/\/i0.wp.com\/terjebjornstad.com\/no\/wp-content\/uploads\/2015\/11\/fisker-karma-1.png?resize=300%2C200&amp;ssl=1 300w, https:\/\/i0.wp.com\/terjebjornstad.com\/no\/wp-content\/uploads\/2015\/11\/fisker-karma-1.png?w=360&amp;ssl=1 360w\" sizes=\"auto, (max-width: 300px) 100vw, 300px\" \/><\/a><figcaption id=\"caption-attachment-2508\" class=\"wp-caption-text\"><\/p>\n<h3 class=\"tebh2s\">Fisker Karma<\/h3>\n<div class=\"tebtext\">Fisker, oppkalt etter gr\u00fcnderen Henrik Fisker, var et elbil-konsept hvor en 2 liters bensinmotor tjente som range extender.<\/p>\n<div><\/figcaption><\/figure>\n<p><a href=\"https:\/\/terjebjornstad.com\/no\/bildekatalogen\/\"><img data-recalc-dims=\"1\" loading=\"lazy\" decoding=\"async\" data-attachment-id=\"30740\" data-permalink=\"https:\/\/terjebjornstad.com\/no\/bildekatalogen\/bilkatalogen-1\/\" data-orig-file=\"https:\/\/i0.wp.com\/terjebjornstad.com\/no\/wp-content\/uploads\/2020\/02\/bilkatalogen-1.png?fit=183%2C53&amp;ssl=1\" data-orig-size=\"183,53\" data-comments-opened=\"1\" data-image-meta=\"{&quot;aperture&quot;:&quot;0&quot;,&quot;credit&quot;:&quot;&quot;,&quot;camera&quot;:&quot;&quot;,&quot;caption&quot;:&quot;&quot;,&quot;created_timestamp&quot;:&quot;0&quot;,&quot;copyright&quot;:&quot;&quot;,&quot;focal_length&quot;:&quot;0&quot;,&quot;iso&quot;:&quot;0&quot;,&quot;shutter_speed&quot;:&quot;0&quot;,&quot;title&quot;:&quot;&quot;,&quot;orientation&quot;:&quot;0&quot;}\" data-image-title=\"bilkatalogen-1\" data-image-description=\"\" data-image-caption=\"\" data-large-file=\"https:\/\/i0.wp.com\/terjebjornstad.com\/no\/wp-content\/uploads\/2020\/02\/bilkatalogen-1.png?fit=183%2C53&amp;ssl=1\" src=\"https:\/\/i0.wp.com\/terjebjornstad.com\/no\/wp-content\/uploads\/2024\/09\/bilkatalogen-1-wiii-1.png?resize=183%2C53&#038;ssl=1\" alt=\"longchamp\" width=\"183\" height=\"53\" class=\"alignright size-full wp-image-30740\" \/><\/a><\/p>\n<h6><\/h6>\n","protected":false},"excerpt":{"rendered":"<p>Henrik Fisker\u2019s f\u00f8rste bilprosjekt, Fisker Karma, gikk konkurs i 2013. Etter at kinesiske Wanxiang kj\u00f8pte selskapet \u00e5ret etter, kom bilene ut p\u00e5 markedet under bilmerket Karma.<\/p>\n","protected":false},"author":1,"featured_media":2511,"parent":0,"menu_order":0,"comment_status":"closed","ping_status":"closed","template":"templates\/full-width-page.php","meta":{"_monsterinsights_skip_tracking":false,"_monsterinsights_sitenote_active":false,"_monsterinsights_sitenote_note":"","_monsterinsights_sitenote_category":0,"jetpack_post_was_ever_published":false,"footnotes":""},"class_list":["post-5714","page","type-page","status-publish","has-post-thumbnail","hentry"],"yoast_head":"<!-- This site is optimized with the Yoast SEO plugin v27.4 - https:\/\/yoast.com\/product\/yoast-seo-wordpress\/ -->\n<title>Fisker Karma<\/title>\n<meta name=\"description\" content=\"Karma. Firmaet Fisker og rettighetene er n\u00e5 overtatt av et kinesisk firma, og Fisker Karma er gjenf\u00f8dt som &quot;Revero&quot;.\" \/>\n<meta name=\"robots\" content=\"index, follow, max-snippet:-1, max-image-preview:large, max-video-preview:-1\" \/>\n<link rel=\"canonical\" href=\"https:\/\/terjebjornstad.com\/no\/fisker\/\" \/>\n<meta property=\"og:locale\" content=\"nb_NO\" \/>\n<meta property=\"og:type\" content=\"article\" \/>\n<meta property=\"og:title\" content=\"Fisker Karma\" \/>\n<meta property=\"og:description\" content=\"Karma. Firmaet Fisker og rettighetene er n\u00e5 overtatt av et kinesisk firma, og Fisker Karma er gjenf\u00f8dt som &quot;Revero&quot;.\" \/>\n<meta property=\"og:url\" content=\"https:\/\/terjebjornstad.com\/no\/fisker\/\" \/>\n<meta property=\"og:site_name\" content=\"Terjes biler\" \/>\n<meta property=\"article:publisher\" content=\"https:\/\/www.facebook.com\/terjesbiler\/\" \/>\n<meta property=\"article:modified_time\" content=\"2024-11-01T11:50:11+00:00\" \/>\n<meta property=\"og:image\" content=\"https:\/\/terjebjornstad.com\/no\/wp-content\/uploads\/2015\/11\/fisker-karma-7.png\" \/>\n\t<meta property=\"og:image:width\" content=\"660\" \/>\n\t<meta property=\"og:image:height\" content=\"440\" \/>\n\t<meta property=\"og:image:type\" content=\"image\/png\" \/>\n<meta name=\"twitter:card\" content=\"summary_large_image\" \/>\n<meta name=\"twitter:label1\" content=\"Ansl. lesetid\" \/>\n\t<meta name=\"twitter:data1\" content=\"2 minutter\" \/>\n<script type=\"application\/ld+json\" class=\"yoast-schema-graph\">{\"@context\":\"https:\\\/\\\/schema.org\",\"@graph\":[{\"@type\":\"WebPage\",\"@id\":\"https:\\\/\\\/terjebjornstad.com\\\/no\\\/fisker\\\/\",\"url\":\"https:\\\/\\\/terjebjornstad.com\\\/no\\\/fisker\\\/\",\"name\":\"Fisker Karma\",\"isPartOf\":{\"@id\":\"https:\\\/\\\/terjebjornstad.com\\\/no\\\/#website\"},\"primaryImageOfPage\":{\"@id\":\"https:\\\/\\\/terjebjornstad.com\\\/no\\\/fisker\\\/#primaryimage\"},\"image\":{\"@id\":\"https:\\\/\\\/terjebjornstad.com\\\/no\\\/fisker\\\/#primaryimage\"},\"thumbnailUrl\":\"https:\\\/\\\/i0.wp.com\\\/terjebjornstad.com\\\/no\\\/wp-content\\\/uploads\\\/2015\\\/11\\\/fisker-karma-7.png?fit=660%2C440&ssl=1\",\"datePublished\":\"2016-06-23T10:58:55+00:00\",\"dateModified\":\"2024-11-01T11:50:11+00:00\",\"description\":\"Karma. Firmaet Fisker og rettighetene er n\u00e5 overtatt av et kinesisk firma, og Fisker Karma er gjenf\u00f8dt som \\\"Revero\\\".\",\"inLanguage\":\"nb-NO\",\"potentialAction\":[{\"@type\":\"ReadAction\",\"target\":[\"https:\\\/\\\/terjebjornstad.com\\\/no\\\/fisker\\\/\"]}]},{\"@type\":\"ImageObject\",\"inLanguage\":\"nb-NO\",\"@id\":\"https:\\\/\\\/terjebjornstad.com\\\/no\\\/fisker\\\/#primaryimage\",\"url\":\"https:\\\/\\\/i0.wp.com\\\/terjebjornstad.com\\\/no\\\/wp-content\\\/uploads\\\/2015\\\/11\\\/fisker-karma-7.png?fit=660%2C440&ssl=1\",\"contentUrl\":\"https:\\\/\\\/i0.wp.com\\\/terjebjornstad.com\\\/no\\\/wp-content\\\/uploads\\\/2015\\\/11\\\/fisker-karma-7.png?fit=660%2C440&ssl=1\",\"width\":660,\"height\":440,\"caption\":\"Fisker gjenoppst\u00e5r som Karma Med nye, kinesiske eiere og hovedkontor i California, skal produksjonen av Fisker gjenopptas under merkenavnet Karma,\"},{\"@type\":\"WebSite\",\"@id\":\"https:\\\/\\\/terjebjornstad.com\\\/no\\\/#website\",\"url\":\"https:\\\/\\\/terjebjornstad.com\\\/no\\\/\",\"name\":\"Terjes biler\",\"description\":\"HONEST ABOUT CARS\",\"publisher\":{\"@id\":\"https:\\\/\\\/terjebjornstad.com\\\/no\\\/#organization\"},\"alternateName\":\"Terjebjornstad.com\",\"potentialAction\":[{\"@type\":\"SearchAction\",\"target\":{\"@type\":\"EntryPoint\",\"urlTemplate\":\"https:\\\/\\\/terjebjornstad.com\\\/no\\\/?s={search_term_string}\"},\"query-input\":{\"@type\":\"PropertyValueSpecification\",\"valueRequired\":true,\"valueName\":\"search_term_string\"}}],\"inLanguage\":\"nb-NO\"},{\"@type\":\"Organization\",\"@id\":\"https:\\\/\\\/terjebjornstad.com\\\/no\\\/#organization\",\"name\":\"Terje Bj\u00f8rnstad ENK\",\"url\":\"https:\\\/\\\/terjebjornstad.com\\\/no\\\/\",\"logo\":{\"@type\":\"ImageObject\",\"inLanguage\":\"nb-NO\",\"@id\":\"https:\\\/\\\/terjebjornstad.com\\\/no\\\/#\\\/schema\\\/logo\\\/image\\\/\",\"url\":\"https:\\\/\\\/i0.wp.com\\\/terjebjornstad.com\\\/no\\\/wp-content\\\/uploads\\\/2026\\\/02\\\/terjesbiler2024-960x354-1.png?fit=960%2C354&ssl=1\",\"contentUrl\":\"https:\\\/\\\/i0.wp.com\\\/terjebjornstad.com\\\/no\\\/wp-content\\\/uploads\\\/2026\\\/02\\\/terjesbiler2024-960x354-1.png?fit=960%2C354&ssl=1\",\"width\":960,\"height\":354,\"caption\":\"Terje Bj\u00f8rnstad ENK\"},\"image\":{\"@id\":\"https:\\\/\\\/terjebjornstad.com\\\/no\\\/#\\\/schema\\\/logo\\\/image\\\/\"},\"sameAs\":[\"https:\\\/\\\/www.facebook.com\\\/terjesbiler\\\/\",\"https:\\\/\\\/www.instagram.com\\\/terjesbiler\\\/\",\"https:\\\/\\\/www.pinteres.com\\\/terjebjrnstad\\\/terjes-biler\\\/\"]}]}<\/script>\n<!-- \/ Yoast SEO plugin. -->","yoast_head_json":{"title":"Fisker Karma","description":"Karma. Firmaet Fisker og rettighetene er n\u00e5 overtatt av et kinesisk firma, og Fisker Karma er gjenf\u00f8dt som \"Revero\".","robots":{"index":"index","follow":"follow","max-snippet":"max-snippet:-1","max-image-preview":"max-image-preview:large","max-video-preview":"max-video-preview:-1"},"canonical":"https:\/\/terjebjornstad.com\/no\/fisker\/","og_locale":"nb_NO","og_type":"article","og_title":"Fisker Karma","og_description":"Karma. Firmaet Fisker og rettighetene er n\u00e5 overtatt av et kinesisk firma, og Fisker Karma er gjenf\u00f8dt som \"Revero\".","og_url":"https:\/\/terjebjornstad.com\/no\/fisker\/","og_site_name":"Terjes biler","article_publisher":"https:\/\/www.facebook.com\/terjesbiler\/","article_modified_time":"2024-11-01T11:50:11+00:00","og_image":[{"width":660,"height":440,"url":"https:\/\/terjebjornstad.com\/no\/wp-content\/uploads\/2015\/11\/fisker-karma-7.png","type":"image\/png"}],"twitter_card":"summary_large_image","twitter_misc":{"Ansl. lesetid":"2 minutter"},"schema":{"@context":"https:\/\/schema.org","@graph":[{"@type":"WebPage","@id":"https:\/\/terjebjornstad.com\/no\/fisker\/","url":"https:\/\/terjebjornstad.com\/no\/fisker\/","name":"Fisker Karma","isPartOf":{"@id":"https:\/\/terjebjornstad.com\/no\/#website"},"primaryImageOfPage":{"@id":"https:\/\/terjebjornstad.com\/no\/fisker\/#primaryimage"},"image":{"@id":"https:\/\/terjebjornstad.com\/no\/fisker\/#primaryimage"},"thumbnailUrl":"https:\/\/i0.wp.com\/terjebjornstad.com\/no\/wp-content\/uploads\/2015\/11\/fisker-karma-7.png?fit=660%2C440&ssl=1","datePublished":"2016-06-23T10:58:55+00:00","dateModified":"2024-11-01T11:50:11+00:00","description":"Karma. Firmaet Fisker og rettighetene er n\u00e5 overtatt av et kinesisk firma, og Fisker Karma er gjenf\u00f8dt som \"Revero\".","inLanguage":"nb-NO","potentialAction":[{"@type":"ReadAction","target":["https:\/\/terjebjornstad.com\/no\/fisker\/"]}]},{"@type":"ImageObject","inLanguage":"nb-NO","@id":"https:\/\/terjebjornstad.com\/no\/fisker\/#primaryimage","url":"https:\/\/i0.wp.com\/terjebjornstad.com\/no\/wp-content\/uploads\/2015\/11\/fisker-karma-7.png?fit=660%2C440&ssl=1","contentUrl":"https:\/\/i0.wp.com\/terjebjornstad.com\/no\/wp-content\/uploads\/2015\/11\/fisker-karma-7.png?fit=660%2C440&ssl=1","width":660,"height":440,"caption":"Fisker gjenoppst\u00e5r som Karma Med nye, kinesiske eiere og hovedkontor i California, skal produksjonen av Fisker gjenopptas under merkenavnet Karma,"},{"@type":"WebSite","@id":"https:\/\/terjebjornstad.com\/no\/#website","url":"https:\/\/terjebjornstad.com\/no\/","name":"Terjes biler","description":"HONEST ABOUT CARS","publisher":{"@id":"https:\/\/terjebjornstad.com\/no\/#organization"},"alternateName":"Terjebjornstad.com","potentialAction":[{"@type":"SearchAction","target":{"@type":"EntryPoint","urlTemplate":"https:\/\/terjebjornstad.com\/no\/?s={search_term_string}"},"query-input":{"@type":"PropertyValueSpecification","valueRequired":true,"valueName":"search_term_string"}}],"inLanguage":"nb-NO"},{"@type":"Organization","@id":"https:\/\/terjebjornstad.com\/no\/#organization","name":"Terje Bj\u00f8rnstad ENK","url":"https:\/\/terjebjornstad.com\/no\/","logo":{"@type":"ImageObject","inLanguage":"nb-NO","@id":"https:\/\/terjebjornstad.com\/no\/#\/schema\/logo\/image\/","url":"https:\/\/i0.wp.com\/terjebjornstad.com\/no\/wp-content\/uploads\/2026\/02\/terjesbiler2024-960x354-1.png?fit=960%2C354&ssl=1","contentUrl":"https:\/\/i0.wp.com\/terjebjornstad.com\/no\/wp-content\/uploads\/2026\/02\/terjesbiler2024-960x354-1.png?fit=960%2C354&ssl=1","width":960,"height":354,"caption":"Terje Bj\u00f8rnstad ENK"},"image":{"@id":"https:\/\/terjebjornstad.com\/no\/#\/schema\/logo\/image\/"},"sameAs":["https:\/\/www.facebook.com\/terjesbiler\/","https:\/\/www.instagram.com\/terjesbiler\/","https:\/\/www.pinteres.com\/terjebjrnstad\/terjes-biler\/"]}]}},"jetpack_sharing_enabled":true,"jetpack_shortlink":"https:\/\/wp.me\/P48zYA-1ua","jetpack-related-posts":[{"id":76656,"url":"https:\/\/terjebjornstad.com\/no\/fisker-karma\/","url_meta":{"origin":5714,"position":0},"title":"Fisker Karma","author":"Terje Bj\u00f8rnstad","date":"01\/11\/2024","format":false,"excerpt":"Fisker - opp og ned \u2026 og opp igjen? Fisker, oppkalt etter gr\u00fcnderen Henrik Fisker, var et elbil-konsept hvor en 2 liters bensinmotor tjente som range extender, det vil si som generator for \u00e5 holde batteriene fulladet. Effektiv produksjonstid varte cirka et \u00e5r f\u00f8r de m\u00e5tte trekke inn \u00e5rene. Firmaet\u2026","rel":"","context":"Liknende innlegg","block_context":{"text":"Liknende innlegg","link":""},"img":{"alt_text":"","src":"https:\/\/i0.wp.com\/terjebjornstad.com\/no\/wp-content\/uploads\/2015\/11\/fisker-karma-7.png?fit=660%2C440&ssl=1&resize=350%2C200","width":350,"height":200,"srcset":"https:\/\/i0.wp.com\/terjebjornstad.com\/no\/wp-content\/uploads\/2015\/11\/fisker-karma-7.png?fit=660%2C440&ssl=1&resize=350%2C200 1x, https:\/\/i0.wp.com\/terjebjornstad.com\/no\/wp-content\/uploads\/2015\/11\/fisker-karma-7.png?fit=660%2C440&ssl=1&resize=525%2C300 1.5x"},"classes":[]},{"id":5711,"url":"https:\/\/terjebjornstad.com\/no\/2011-2013-fisker-karma\/","url_meta":{"origin":5714,"position":1},"title":"2011-2013 Fisker Karma","author":"Terje Bj\u00f8rnstad","date":"23\/06\/2016","format":false,"excerpt":"","rel":"","context":"Liknende innlegg","block_context":{"text":"Liknende innlegg","link":""},"img":{"alt_text":"2012 Fisker Karma (Akershus NO, 2015).","src":"https:\/\/i0.wp.com\/terjebjornstad.com\/no\/wp-content\/uploads\/2015\/11\/fisker-karma-7.png?resize=350%2C200&ssl=1","width":350,"height":200,"srcset":"https:\/\/i0.wp.com\/terjebjornstad.com\/no\/wp-content\/uploads\/2015\/11\/fisker-karma-7.png?resize=350%2C200&ssl=1 1x, https:\/\/i0.wp.com\/terjebjornstad.com\/no\/wp-content\/uploads\/2015\/11\/fisker-karma-7.png?resize=525%2C300&ssl=1 1.5x"},"classes":[]},{"id":58363,"url":"https:\/\/terjebjornstad.com\/no\/fisker-2\/","url_meta":{"origin":5714,"position":2},"title":"Fisker Automotive 2007 ble stiftet\u2026","author":"Terje Bj\u00f8rnstad","date":"17\/03\/2023","format":false,"excerpt":"Fisker Automotive 2007 ble stiftet i 2007 for \u00e5 bygge en spesiell hybridbil med batterier og en bensinmotor som \"range extender\" skapt av Henrik Fisker. Bilproduksjonen kom i gang i 2011, men ble innstilt i 2012. Noen biler havnet i Norge. Bilmerket Fisker er i ferd med \u00e5 etablere seg\u2026","rel":"","context":"Liknende innlegg","block_context":{"text":"Liknende innlegg","link":""},"img":{"alt_text":"","src":"https:\/\/i0.wp.com\/terjebjornstad.com\/no\/wp-content\/uploads\/2023\/03\/fisker-logo.jpg?resize=350%2C200&ssl=1","width":350,"height":200},"classes":[]},{"id":683,"url":"https:\/\/terjebjornstad.com\/no\/terjes-biler\/","url_meta":{"origin":5714,"position":3},"title":"Biler vi har kj\u00f8rt nylig\u2026","author":"Terje Bj\u00f8rnstad","date":"02\/02\/2014","format":false,"excerpt":"Biler vi har kj\u00f8rt nylig Alfa Romeo Stelvio Audi e-tron 55 BMW I3 120Ah Citroen C3 Aircross Citroen C4 PureTech Citroen \u00eb-Jumpy 75 Kwh Cupra Born 58 kwh Ford Kuga ladbar hybrid Ford Mustang Mach-E Ford Transit Connect L1 Hyundai Kona Electric MG MG4 Mini Cooper SE Mitsubishi Eclipse Cross\u2026","rel":"","context":"Liknende innlegg","block_context":{"text":"Liknende innlegg","link":""},"img":{"alt_text":"","src":"https:\/\/i0.wp.com\/terjebjornstad.com\/no\/wp-content\/uploads\/2024\/10\/terjesbiler2024-960x354-1.png?fit=960%2C354&ssl=1&resize=350%2C200","width":350,"height":200,"srcset":"https:\/\/i0.wp.com\/terjebjornstad.com\/no\/wp-content\/uploads\/2024\/10\/terjesbiler2024-960x354-1.png?fit=960%2C354&ssl=1&resize=350%2C200 1x, https:\/\/i0.wp.com\/terjebjornstad.com\/no\/wp-content\/uploads\/2024\/10\/terjesbiler2024-960x354-1.png?fit=960%2C354&ssl=1&resize=525%2C300 1.5x, https:\/\/i0.wp.com\/terjebjornstad.com\/no\/wp-content\/uploads\/2024\/10\/terjesbiler2024-960x354-1.png?fit=960%2C354&ssl=1&resize=700%2C400 2x"},"classes":[]},{"id":90863,"url":"https:\/\/terjebjornstad.com\/no\/","url_meta":{"origin":5714,"position":4},"title":"Biler vi har kj\u00f8rt nylig\u2026","author":"Terje Bj\u00f8rnstad","date":"05\/03\/2026","format":false,"excerpt":"Biler vi har kj\u00f8rt nylig Alfa Romeo Stelvio Audi e-tron 55 BMW I3 120Ah Citroen C3 Aircross Citroen C4 PureTech Citroen \u00eb-Jumpy 75 Kwh Cupra Born 58 kwh Ford Kuga ladbar hybrid Ford Mustang Mach-E Ford Transit Connect L1 Hyundai Kona Electric MG MG4 Mini Cooper SE Mitsubishi Eclipse Cross\u2026","rel":"","context":"Liknende innlegg","block_context":{"text":"Liknende innlegg","link":""},"img":{"alt_text":"","src":"https:\/\/i0.wp.com\/terjebjornstad.com\/no\/wp-content\/uploads\/2026\/02\/terjesbiler2024-960x354-1.png?fit=960%2C354&ssl=1&resize=350%2C200","width":350,"height":200,"srcset":"https:\/\/i0.wp.com\/terjebjornstad.com\/no\/wp-content\/uploads\/2026\/02\/terjesbiler2024-960x354-1.png?fit=960%2C354&ssl=1&resize=350%2C200 1x, https:\/\/i0.wp.com\/terjebjornstad.com\/no\/wp-content\/uploads\/2026\/02\/terjesbiler2024-960x354-1.png?fit=960%2C354&ssl=1&resize=525%2C300 1.5x, https:\/\/i0.wp.com\/terjebjornstad.com\/no\/wp-content\/uploads\/2026\/02\/terjesbiler2024-960x354-1.png?fit=960%2C354&ssl=1&resize=700%2C400 2x"},"classes":[]},{"id":5619,"url":"https:\/\/terjebjornstad.com\/no\/volkswagen\/","url_meta":{"origin":5714,"position":5},"title":"Volkswagen ble stiftet via det\u2026","author":"Terje Bj\u00f8rnstad","date":"23\/06\/2016","format":false,"excerpt":"Volkswagen ble stiftet via det tyske nazi-partiet i 1937. Form\u00e5let var \u00e5 skape en bil for folket. Ferdinand Porsche kom frem til et konsept som ble sv\u00e6rt vellykket. Volkswagen er i dag ett av flere bilmerker under Volkswagen Group AG. Tidligere publisert om Volkswagen Volkswagen-modeller i tekst og bilder","rel":"","context":"Liknende innlegg","block_context":{"text":"Liknende innlegg","link":""},"img":{"alt_text":"","src":"https:\/\/i0.wp.com\/terjebjornstad.com\/no\/wp-content\/uploads\/2023\/04\/volkswagen-logo-300x200-1.jpg?resize=350%2C200&ssl=1","width":350,"height":200},"classes":[]}],"_links":{"self":[{"href":"https:\/\/terjebjornstad.com\/no\/wp-json\/wp\/v2\/pages\/5714","targetHints":{"allow":["GET"]}}],"collection":[{"href":"https:\/\/terjebjornstad.com\/no\/wp-json\/wp\/v2\/pages"}],"about":[{"href":"https:\/\/terjebjornstad.com\/no\/wp-json\/wp\/v2\/types\/page"}],"author":[{"embeddable":true,"href":"https:\/\/terjebjornstad.com\/no\/wp-json\/wp\/v2\/users\/1"}],"replies":[{"embeddable":true,"href":"https:\/\/terjebjornstad.com\/no\/wp-json\/wp\/v2\/comments?post=5714"}],"version-history":[{"count":9,"href":"https:\/\/terjebjornstad.com\/no\/wp-json\/wp\/v2\/pages\/5714\/revisions"}],"predecessor-version":[{"id":76660,"href":"https:\/\/terjebjornstad.com\/no\/wp-json\/wp\/v2\/pages\/5714\/revisions\/76660"}],"wp:featuredmedia":[{"embeddable":true,"href":"https:\/\/terjebjornstad.com\/no\/wp-json\/wp\/v2\/media\/2511"}],"wp:attachment":[{"href":"https:\/\/terjebjornstad.com\/no\/wp-json\/wp\/v2\/media?parent=5714"}],"curies":[{"name":"wp","href":"https:\/\/api.w.org\/{rel}","templated":true}]}}