{"id":5472,"date":"2016-06-22T15:06:03","date_gmt":"2016-06-22T15:06:03","guid":{"rendered":"http:\/\/terjebjornstad.com\/no\/?page_id=5472"},"modified":"2026-03-04T02:17:11","modified_gmt":"2026-03-04T01:17:11","slug":"2016-toyota-auris","status":"publish","type":"page","link":"https:\/\/terjebjornstad.com\/no\/2016-toyota-auris\/","title":{"rendered":""},"content":{"rendered":"<div class=\"copy_teb\"><center>Du blir automatisk omdirigert til:<\/p>\n<figure id=\"attachment_4630\" aria-describedby=\"caption-attachment-4630\" style=\"width: 300px\" class=\"wp-caption aligncenter\"><a href=\"https:\/\/terjebjornstad.com\/no\/2016\/06\/03\/ja-takk-begge-deler\/\"><img data-recalc-dims=\"1\" loading=\"lazy\" decoding=\"async\" data-attachment-id=\"4630\" data-permalink=\"https:\/\/terjebjornstad.com\/no\/2016\/06\/03\/ja-takk-begge-deler\/toyota-auris-hybrid-1\/\" data-orig-file=\"https:\/\/i0.wp.com\/terjebjornstad.com\/no\/wp-content\/uploads\/2016\/06\/toyota-auris-hybrid-1.png?fit=686%2C483&amp;ssl=1\" data-orig-size=\"686,483\" data-comments-opened=\"1\" data-image-meta=\"{&quot;aperture&quot;:&quot;0&quot;,&quot;credit&quot;:&quot;&quot;,&quot;camera&quot;:&quot;&quot;,&quot;caption&quot;:&quot;&quot;,&quot;created_timestamp&quot;:&quot;0&quot;,&quot;copyright&quot;:&quot;&quot;,&quot;focal_length&quot;:&quot;0&quot;,&quot;iso&quot;:&quot;0&quot;,&quot;shutter_speed&quot;:&quot;0&quot;,&quot;title&quot;:&quot;&quot;,&quot;orientation&quot;:&quot;0&quot;}\" data-image-title=\"toyota-auris-hybrid-1\" data-image-description=\"\" data-image-caption=\"&lt;p&gt;&lt;em&gt;Toyota Auris Hybrid&lt;\/em&gt;&lt;br \/&gt;Hybridkonseptet i Auris stammer fra Prius. Bensinmotoren yter 99 HK og elmotoren 37 HK, &amp;#8211; til sammen 136 HK. Ikke-ladbar hybrid gj\u00f8r at man nesten ikke kan kj\u00f8re noe p\u00e5 ren eldrift, men elmotoren hjelper likevel til \u00e5 redusere bensinforbruk og forurensing i n\u00e6rmilj\u00f8et. Klikk inn her for mange bilder og flere artikler, &amp;#8211; b\u00e5de 5-d\u00f8rs kombicoup\u00e9 og stasjonsvogn.&lt;\/p&gt;\n\" data-large-file=\"https:\/\/i0.wp.com\/terjebjornstad.com\/no\/wp-content\/uploads\/2016\/06\/toyota-auris-hybrid-1.png?fit=686%2C483&amp;ssl=1\" src=\"https:\/\/i0.wp.com\/terjebjornstad.com\/no\/wp-content\/uploads\/2016\/06\/toyota-auris-hybrid-1.png?resize=284%2C200&#038;ssl=1\" alt=\"\" width=\"284\" height=\"200\" class=\"size-medium wp-image-4630\" srcset=\"https:\/\/i0.wp.com\/terjebjornstad.com\/no\/wp-content\/uploads\/2016\/06\/toyota-auris-hybrid-1.png?resize=300%2C211&amp;ssl=1 300w, https:\/\/i0.wp.com\/terjebjornstad.com\/no\/wp-content\/uploads\/2016\/06\/toyota-auris-hybrid-1.png?w=686&amp;ssl=1 686w\" sizes=\"auto, (max-width: 284px) 100vw, 284px\" \/><\/a><figcaption id=\"caption-attachment-4630\" class=\"wp-caption-text\">Toyota Auris Hybrid<\/figcaption><\/figure>\n<h6><\/h6>\n<p>\t\t<meta http-equiv=\"refresh\" content=\"5; url=https:\/\/terjebjornstad.com\/no\/2016\/06\/03\/ja-takk-begge-deler\/\">\n\t\tVent 5 sekunder - eller <a href=\"https:\/\/terjebjornstad.com\/no\/2016\/06\/03\/ja-takk-begge-deler\/\">Klikk her<\/a> hvis du ikke vil vente.\n<br \/>\n<\/center><\/p>\n<h6><\/h6>\n<\/div>\n","protected":false},"excerpt":{"rendered":"<p>Du blir automatisk omdirigert til:<\/p>\n","protected":false},"author":1,"featured_media":0,"parent":0,"menu_order":0,"comment_status":"closed","ping_status":"closed","template":"","meta":{"_monsterinsights_skip_tracking":false,"_monsterinsights_sitenote_active":false,"_monsterinsights_sitenote_note":"","_monsterinsights_sitenote_category":0,"jetpack_post_was_ever_published":false,"footnotes":""},"class_list":["post-5472","page","type-page","status-publish","hentry"],"yoast_head":"<!-- This site is optimized with the Yoast SEO plugin v27.3 - https:\/\/yoast.com\/product\/yoast-seo-wordpress\/ -->\n<title>- Terjes biler - Hybrid familiebil<\/title>\n<meta name=\"description\" content=\"Toyota Auris hybride drivverk regenererer ikke str\u00f8m via den kunstige motorbremsen. Energien sendes i stedet rett ut med eksosen.\" \/>\n<meta name=\"robots\" content=\"index, follow, max-snippet:-1, max-image-preview:large, max-video-preview:-1\" \/>\n<link rel=\"canonical\" href=\"https:\/\/terjebjornstad.com\/no\/2016-toyota-auris\/\" \/>\n<meta property=\"og:locale\" content=\"nb_NO\" \/>\n<meta property=\"og:type\" content=\"article\" \/>\n<meta property=\"og:title\" content=\"- Terjes biler - Hybrid familiebil\" \/>\n<meta property=\"og:description\" content=\"Toyota Auris hybride drivverk regenererer ikke str\u00f8m via den kunstige motorbremsen. Energien sendes i stedet rett ut med eksosen.\" \/>\n<meta property=\"og:url\" content=\"https:\/\/terjebjornstad.com\/no\/2016-toyota-auris\/\" \/>\n<meta property=\"og:site_name\" content=\"Terjes biler\" \/>\n<meta property=\"article:publisher\" content=\"https:\/\/www.facebook.com\/terjesbiler\/\" \/>\n<meta property=\"article:modified_time\" content=\"2026-03-04T01:17:11+00:00\" \/>\n<meta property=\"og:image\" content=\"https:\/\/terjebjornstad.com\/no\/wp-content\/uploads\/2016\/06\/toyota-auris-hybrid-1-300x211.png\" \/>\n<meta name=\"twitter:card\" content=\"summary_large_image\" \/>\n<meta name=\"twitter:label1\" content=\"Ansl. lesetid\" \/>\n\t<meta name=\"twitter:data1\" content=\"1 minutt\" \/>\n<script type=\"application\/ld+json\" class=\"yoast-schema-graph\">{\"@context\":\"https:\\\/\\\/schema.org\",\"@graph\":[{\"@type\":\"WebPage\",\"@id\":\"https:\\\/\\\/terjebjornstad.com\\\/no\\\/2016-toyota-auris\\\/\",\"url\":\"https:\\\/\\\/terjebjornstad.com\\\/no\\\/2016-toyota-auris\\\/\",\"name\":\"- Terjes biler - Hybrid familiebil\",\"isPartOf\":{\"@id\":\"https:\\\/\\\/terjebjornstad.com\\\/no\\\/#website\"},\"primaryImageOfPage\":{\"@id\":\"https:\\\/\\\/terjebjornstad.com\\\/no\\\/2016-toyota-auris\\\/#primaryimage\"},\"image\":{\"@id\":\"https:\\\/\\\/terjebjornstad.com\\\/no\\\/2016-toyota-auris\\\/#primaryimage\"},\"thumbnailUrl\":\"https:\\\/\\\/terjebjornstad.com\\\/no\\\/wp-content\\\/uploads\\\/2016\\\/06\\\/toyota-auris-hybrid-1-300x211.png\",\"datePublished\":\"2016-06-22T15:06:03+00:00\",\"dateModified\":\"2026-03-04T01:17:11+00:00\",\"description\":\"Toyota Auris hybride drivverk regenererer ikke str\u00f8m via den kunstige motorbremsen. Energien sendes i stedet rett ut med eksosen.\",\"inLanguage\":\"nb-NO\",\"potentialAction\":[{\"@type\":\"ReadAction\",\"target\":[\"https:\\\/\\\/terjebjornstad.com\\\/no\\\/2016-toyota-auris\\\/\"]}]},{\"@type\":\"ImageObject\",\"inLanguage\":\"nb-NO\",\"@id\":\"https:\\\/\\\/terjebjornstad.com\\\/no\\\/2016-toyota-auris\\\/#primaryimage\",\"url\":\"https:\\\/\\\/i0.wp.com\\\/terjebjornstad.com\\\/no\\\/wp-content\\\/uploads\\\/2016\\\/06\\\/toyota-auris-hybrid-1.png?fit=686%2C483&ssl=1\",\"contentUrl\":\"https:\\\/\\\/i0.wp.com\\\/terjebjornstad.com\\\/no\\\/wp-content\\\/uploads\\\/2016\\\/06\\\/toyota-auris-hybrid-1.png?fit=686%2C483&ssl=1\",\"width\":686,\"height\":483,\"caption\":\"Toyota Auris Hybrid Hybridkonseptet i Auris stammer fra Prius. Bensinmotoren yter 99 HK og elmotoren 37 HK, - til sammen 136 HK. Ikke-ladbar hybrid gj\u00f8r at man nesten ikke kan kj\u00f8re noe p\u00e5 ren eldrift, men elmotoren hjelper likevel til \u00e5 redusere bensinforbruk og forurensing i n\u00e6rmilj\u00f8et. Klikk inn her for mange bilder og flere artikler, - b\u00e5de 5-d\u00f8rs kombicoup\u00e9 og stasjonsvogn.\"},{\"@type\":\"WebSite\",\"@id\":\"https:\\\/\\\/terjebjornstad.com\\\/no\\\/#website\",\"url\":\"https:\\\/\\\/terjebjornstad.com\\\/no\\\/\",\"name\":\"Terjes biler\",\"description\":\"HONEST ABOUT CARS\",\"publisher\":{\"@id\":\"https:\\\/\\\/terjebjornstad.com\\\/no\\\/#organization\"},\"alternateName\":\"Terjebjornstad.com\",\"potentialAction\":[{\"@type\":\"SearchAction\",\"target\":{\"@type\":\"EntryPoint\",\"urlTemplate\":\"https:\\\/\\\/terjebjornstad.com\\\/no\\\/?s={search_term_string}\"},\"query-input\":{\"@type\":\"PropertyValueSpecification\",\"valueRequired\":true,\"valueName\":\"search_term_string\"}}],\"inLanguage\":\"nb-NO\"},{\"@type\":\"Organization\",\"@id\":\"https:\\\/\\\/terjebjornstad.com\\\/no\\\/#organization\",\"name\":\"Terje Bj\u00f8rnstad ENK\",\"url\":\"https:\\\/\\\/terjebjornstad.com\\\/no\\\/\",\"logo\":{\"@type\":\"ImageObject\",\"inLanguage\":\"nb-NO\",\"@id\":\"https:\\\/\\\/terjebjornstad.com\\\/no\\\/#\\\/schema\\\/logo\\\/image\\\/\",\"url\":\"https:\\\/\\\/i0.wp.com\\\/terjebjornstad.com\\\/no\\\/wp-content\\\/uploads\\\/2026\\\/02\\\/terjesbiler2024-960x354-1.png?fit=960%2C354&ssl=1\",\"contentUrl\":\"https:\\\/\\\/i0.wp.com\\\/terjebjornstad.com\\\/no\\\/wp-content\\\/uploads\\\/2026\\\/02\\\/terjesbiler2024-960x354-1.png?fit=960%2C354&ssl=1\",\"width\":960,\"height\":354,\"caption\":\"Terje Bj\u00f8rnstad ENK\"},\"image\":{\"@id\":\"https:\\\/\\\/terjebjornstad.com\\\/no\\\/#\\\/schema\\\/logo\\\/image\\\/\"},\"sameAs\":[\"https:\\\/\\\/www.facebook.com\\\/terjesbiler\\\/\",\"https:\\\/\\\/www.instagram.com\\\/terjesbiler\\\/\",\"https:\\\/\\\/www.pinteres.com\\\/terjebjrnstad\\\/terjes-biler\\\/\"]}]}<\/script>\n<!-- \/ Yoast SEO plugin. -->","yoast_head_json":{"title":"- Terjes biler - Hybrid familiebil","description":"Toyota Auris hybride drivverk regenererer ikke str\u00f8m via den kunstige motorbremsen. Energien sendes i stedet rett ut med eksosen.","robots":{"index":"index","follow":"follow","max-snippet":"max-snippet:-1","max-image-preview":"max-image-preview:large","max-video-preview":"max-video-preview:-1"},"canonical":"https:\/\/terjebjornstad.com\/no\/2016-toyota-auris\/","og_locale":"nb_NO","og_type":"article","og_title":"- Terjes biler - Hybrid familiebil","og_description":"Toyota Auris hybride drivverk regenererer ikke str\u00f8m via den kunstige motorbremsen. Energien sendes i stedet rett ut med eksosen.","og_url":"https:\/\/terjebjornstad.com\/no\/2016-toyota-auris\/","og_site_name":"Terjes biler","article_publisher":"https:\/\/www.facebook.com\/terjesbiler\/","article_modified_time":"2026-03-04T01:17:11+00:00","og_image":[{"url":"https:\/\/terjebjornstad.com\/no\/wp-content\/uploads\/2016\/06\/toyota-auris-hybrid-1-300x211.png","type":"","width":"","height":""}],"twitter_card":"summary_large_image","twitter_misc":{"Ansl. lesetid":"1 minutt"},"schema":{"@context":"https:\/\/schema.org","@graph":[{"@type":"WebPage","@id":"https:\/\/terjebjornstad.com\/no\/2016-toyota-auris\/","url":"https:\/\/terjebjornstad.com\/no\/2016-toyota-auris\/","name":"- Terjes biler - Hybrid familiebil","isPartOf":{"@id":"https:\/\/terjebjornstad.com\/no\/#website"},"primaryImageOfPage":{"@id":"https:\/\/terjebjornstad.com\/no\/2016-toyota-auris\/#primaryimage"},"image":{"@id":"https:\/\/terjebjornstad.com\/no\/2016-toyota-auris\/#primaryimage"},"thumbnailUrl":"https:\/\/terjebjornstad.com\/no\/wp-content\/uploads\/2016\/06\/toyota-auris-hybrid-1-300x211.png","datePublished":"2016-06-22T15:06:03+00:00","dateModified":"2026-03-04T01:17:11+00:00","description":"Toyota Auris hybride drivverk regenererer ikke str\u00f8m via den kunstige motorbremsen. Energien sendes i stedet rett ut med eksosen.","inLanguage":"nb-NO","potentialAction":[{"@type":"ReadAction","target":["https:\/\/terjebjornstad.com\/no\/2016-toyota-auris\/"]}]},{"@type":"ImageObject","inLanguage":"nb-NO","@id":"https:\/\/terjebjornstad.com\/no\/2016-toyota-auris\/#primaryimage","url":"https:\/\/i0.wp.com\/terjebjornstad.com\/no\/wp-content\/uploads\/2016\/06\/toyota-auris-hybrid-1.png?fit=686%2C483&ssl=1","contentUrl":"https:\/\/i0.wp.com\/terjebjornstad.com\/no\/wp-content\/uploads\/2016\/06\/toyota-auris-hybrid-1.png?fit=686%2C483&ssl=1","width":686,"height":483,"caption":"Toyota Auris Hybrid Hybridkonseptet i Auris stammer fra Prius. Bensinmotoren yter 99 HK og elmotoren 37 HK, - til sammen 136 HK. Ikke-ladbar hybrid gj\u00f8r at man nesten ikke kan kj\u00f8re noe p\u00e5 ren eldrift, men elmotoren hjelper likevel til \u00e5 redusere bensinforbruk og forurensing i n\u00e6rmilj\u00f8et. Klikk inn her for mange bilder og flere artikler, - b\u00e5de 5-d\u00f8rs kombicoup\u00e9 og stasjonsvogn."},{"@type":"WebSite","@id":"https:\/\/terjebjornstad.com\/no\/#website","url":"https:\/\/terjebjornstad.com\/no\/","name":"Terjes biler","description":"HONEST ABOUT CARS","publisher":{"@id":"https:\/\/terjebjornstad.com\/no\/#organization"},"alternateName":"Terjebjornstad.com","potentialAction":[{"@type":"SearchAction","target":{"@type":"EntryPoint","urlTemplate":"https:\/\/terjebjornstad.com\/no\/?s={search_term_string}"},"query-input":{"@type":"PropertyValueSpecification","valueRequired":true,"valueName":"search_term_string"}}],"inLanguage":"nb-NO"},{"@type":"Organization","@id":"https:\/\/terjebjornstad.com\/no\/#organization","name":"Terje Bj\u00f8rnstad ENK","url":"https:\/\/terjebjornstad.com\/no\/","logo":{"@type":"ImageObject","inLanguage":"nb-NO","@id":"https:\/\/terjebjornstad.com\/no\/#\/schema\/logo\/image\/","url":"https:\/\/i0.wp.com\/terjebjornstad.com\/no\/wp-content\/uploads\/2026\/02\/terjesbiler2024-960x354-1.png?fit=960%2C354&ssl=1","contentUrl":"https:\/\/i0.wp.com\/terjebjornstad.com\/no\/wp-content\/uploads\/2026\/02\/terjesbiler2024-960x354-1.png?fit=960%2C354&ssl=1","width":960,"height":354,"caption":"Terje Bj\u00f8rnstad ENK"},"image":{"@id":"https:\/\/terjebjornstad.com\/no\/#\/schema\/logo\/image\/"},"sameAs":["https:\/\/www.facebook.com\/terjesbiler\/","https:\/\/www.instagram.com\/terjesbiler\/","https:\/\/www.pinteres.com\/terjebjrnstad\/terjes-biler\/"]}]}},"jetpack_sharing_enabled":true,"jetpack_shortlink":"https:\/\/wp.me\/P48zYA-1qg","jetpack-related-posts":[],"_links":{"self":[{"href":"https:\/\/terjebjornstad.com\/no\/wp-json\/wp\/v2\/pages\/5472","targetHints":{"allow":["GET"]}}],"collection":[{"href":"https:\/\/terjebjornstad.com\/no\/wp-json\/wp\/v2\/pages"}],"about":[{"href":"https:\/\/terjebjornstad.com\/no\/wp-json\/wp\/v2\/types\/page"}],"author":[{"embeddable":true,"href":"https:\/\/terjebjornstad.com\/no\/wp-json\/wp\/v2\/users\/1"}],"replies":[{"embeddable":true,"href":"https:\/\/terjebjornstad.com\/no\/wp-json\/wp\/v2\/comments?post=5472"}],"version-history":[{"count":6,"href":"https:\/\/terjebjornstad.com\/no\/wp-json\/wp\/v2\/pages\/5472\/revisions"}],"predecessor-version":[{"id":90766,"href":"https:\/\/terjebjornstad.com\/no\/wp-json\/wp\/v2\/pages\/5472\/revisions\/90766"}],"wp:attachment":[{"href":"https:\/\/terjebjornstad.com\/no\/wp-json\/wp\/v2\/media?parent=5472"}],"curies":[{"name":"wp","href":"https:\/\/api.w.org\/{rel}","templated":true}]}}