{"id":21336,"date":"2019-01-22T10:01:06","date_gmt":"2019-01-22T10:01:06","guid":{"rendered":"http:\/\/terjebjornstad.com\/no\/?page_id=21336"},"modified":"2019-02-17T16:16:50","modified_gmt":"2019-02-17T16:16:50","slug":"terjes-biler-pa-instagram","status":"publish","type":"page","link":"https:\/\/terjebjornstad.com\/no\/terjes-biler-pa-instagram\/","title":{"rendered":"Terjes biler p\u00e5 Instagram"},"content":{"rendered":"<p>[instagram-feed]<\/p>\n","protected":false},"excerpt":{"rendered":"<p>[instagram-feed]<\/p>\n","protected":false},"author":1,"featured_media":0,"parent":0,"menu_order":0,"comment_status":"closed","ping_status":"closed","template":"templates\/full-width-page.php","meta":{"_monsterinsights_skip_tracking":false,"_monsterinsights_sitenote_active":false,"_monsterinsights_sitenote_note":"","_monsterinsights_sitenote_category":0,"jetpack_post_was_ever_published":false,"footnotes":""},"class_list":["post-21336","page","type-page","status-publish","hentry"],"yoast_head":"<!-- This site is optimized with the Yoast SEO plugin v27.4 - https:\/\/yoast.com\/product\/yoast-seo-wordpress\/ -->\n<title>Terjes biler p\u00e5 Instagram - Terjes biler<\/title>\n<meta name=\"robots\" content=\"index, follow, max-snippet:-1, max-image-preview:large, max-video-preview:-1\" \/>\n<link rel=\"canonical\" href=\"https:\/\/terjebjornstad.com\/no\/terjes-biler-pa-instagram\/\" \/>\n<meta property=\"og:locale\" content=\"nb_NO\" \/>\n<meta property=\"og:type\" content=\"article\" \/>\n<meta property=\"og:title\" content=\"Terjes biler p\u00e5 Instagram - Terjes biler\" \/>\n<meta property=\"og:description\" content=\"[instagram-feed]\" \/>\n<meta property=\"og:url\" content=\"https:\/\/terjebjornstad.com\/no\/terjes-biler-pa-instagram\/\" \/>\n<meta property=\"og:site_name\" content=\"Terjes biler\" \/>\n<meta property=\"article:publisher\" content=\"https:\/\/www.facebook.com\/terjesbiler\/\" \/>\n<meta property=\"article:modified_time\" content=\"2019-02-17T16:16:50+00:00\" \/>\n<meta property=\"og:image\" content=\"https:\/\/i0.wp.com\/terjebjornstad.com\/no\/wp-content\/uploads\/2026\/02\/terjesbiler2024-960x354-1.png?fit=960%2C354&ssl=1\" \/>\n\t<meta property=\"og:image:width\" content=\"960\" \/>\n\t<meta property=\"og:image:height\" content=\"354\" \/>\n\t<meta property=\"og:image:type\" content=\"image\/png\" \/>\n<meta name=\"twitter:card\" content=\"summary_large_image\" \/>\n<script type=\"application\/ld+json\" class=\"yoast-schema-graph\">{\"@context\":\"https:\\\/\\\/schema.org\",\"@graph\":[{\"@type\":\"WebPage\",\"@id\":\"https:\\\/\\\/terjebjornstad.com\\\/no\\\/terjes-biler-pa-instagram\\\/\",\"url\":\"https:\\\/\\\/terjebjornstad.com\\\/no\\\/terjes-biler-pa-instagram\\\/\",\"name\":\"Terjes biler p\u00e5 Instagram - Terjes biler\",\"isPartOf\":{\"@id\":\"https:\\\/\\\/terjebjornstad.com\\\/no\\\/#website\"},\"datePublished\":\"2019-01-22T10:01:06+00:00\",\"dateModified\":\"2019-02-17T16:16:50+00:00\",\"breadcrumb\":{\"@id\":\"https:\\\/\\\/terjebjornstad.com\\\/no\\\/terjes-biler-pa-instagram\\\/#breadcrumb\"},\"inLanguage\":\"nb-NO\",\"potentialAction\":[{\"@type\":\"ReadAction\",\"target\":[\"https:\\\/\\\/terjebjornstad.com\\\/no\\\/terjes-biler-pa-instagram\\\/\"]}]},{\"@type\":\"BreadcrumbList\",\"@id\":\"https:\\\/\\\/terjebjornstad.com\\\/no\\\/terjes-biler-pa-instagram\\\/#breadcrumb\",\"itemListElement\":[{\"@type\":\"ListItem\",\"position\":1,\"name\":\"Hjem\",\"item\":\"https:\\\/\\\/terjebjornstad.com\\\/no\\\/\"},{\"@type\":\"ListItem\",\"position\":2,\"name\":\"Terjes biler p\u00e5 Instagram\"}]},{\"@type\":\"WebSite\",\"@id\":\"https:\\\/\\\/terjebjornstad.com\\\/no\\\/#website\",\"url\":\"https:\\\/\\\/terjebjornstad.com\\\/no\\\/\",\"name\":\"Terjes biler\",\"description\":\"HONEST ABOUT CARS\",\"publisher\":{\"@id\":\"https:\\\/\\\/terjebjornstad.com\\\/no\\\/#organization\"},\"alternateName\":\"Terjebjornstad.com\",\"potentialAction\":[{\"@type\":\"SearchAction\",\"target\":{\"@type\":\"EntryPoint\",\"urlTemplate\":\"https:\\\/\\\/terjebjornstad.com\\\/no\\\/?s={search_term_string}\"},\"query-input\":{\"@type\":\"PropertyValueSpecification\",\"valueRequired\":true,\"valueName\":\"search_term_string\"}}],\"inLanguage\":\"nb-NO\"},{\"@type\":\"Organization\",\"@id\":\"https:\\\/\\\/terjebjornstad.com\\\/no\\\/#organization\",\"name\":\"Terje Bj\u00f8rnstad ENK\",\"url\":\"https:\\\/\\\/terjebjornstad.com\\\/no\\\/\",\"logo\":{\"@type\":\"ImageObject\",\"inLanguage\":\"nb-NO\",\"@id\":\"https:\\\/\\\/terjebjornstad.com\\\/no\\\/#\\\/schema\\\/logo\\\/image\\\/\",\"url\":\"https:\\\/\\\/i0.wp.com\\\/terjebjornstad.com\\\/no\\\/wp-content\\\/uploads\\\/2026\\\/02\\\/terjesbiler2024-960x354-1.png?fit=960%2C354&ssl=1\",\"contentUrl\":\"https:\\\/\\\/i0.wp.com\\\/terjebjornstad.com\\\/no\\\/wp-content\\\/uploads\\\/2026\\\/02\\\/terjesbiler2024-960x354-1.png?fit=960%2C354&ssl=1\",\"width\":960,\"height\":354,\"caption\":\"Terje Bj\u00f8rnstad ENK\"},\"image\":{\"@id\":\"https:\\\/\\\/terjebjornstad.com\\\/no\\\/#\\\/schema\\\/logo\\\/image\\\/\"},\"sameAs\":[\"https:\\\/\\\/www.facebook.com\\\/terjesbiler\\\/\",\"https:\\\/\\\/www.instagram.com\\\/terjesbiler\\\/\",\"https:\\\/\\\/www.pinteres.com\\\/terjebjrnstad\\\/terjes-biler\\\/\"]}]}<\/script>\n<!-- \/ Yoast SEO plugin. -->","yoast_head_json":{"title":"Terjes biler p\u00e5 Instagram - Terjes biler","robots":{"index":"index","follow":"follow","max-snippet":"max-snippet:-1","max-image-preview":"max-image-preview:large","max-video-preview":"max-video-preview:-1"},"canonical":"https:\/\/terjebjornstad.com\/no\/terjes-biler-pa-instagram\/","og_locale":"nb_NO","og_type":"article","og_title":"Terjes biler p\u00e5 Instagram - Terjes biler","og_description":"[instagram-feed]","og_url":"https:\/\/terjebjornstad.com\/no\/terjes-biler-pa-instagram\/","og_site_name":"Terjes biler","article_publisher":"https:\/\/www.facebook.com\/terjesbiler\/","article_modified_time":"2019-02-17T16:16:50+00:00","og_image":[{"width":960,"height":354,"url":"https:\/\/i0.wp.com\/terjebjornstad.com\/no\/wp-content\/uploads\/2026\/02\/terjesbiler2024-960x354-1.png?fit=960%2C354&ssl=1","type":"image\/png"}],"twitter_card":"summary_large_image","schema":{"@context":"https:\/\/schema.org","@graph":[{"@type":"WebPage","@id":"https:\/\/terjebjornstad.com\/no\/terjes-biler-pa-instagram\/","url":"https:\/\/terjebjornstad.com\/no\/terjes-biler-pa-instagram\/","name":"Terjes biler p\u00e5 Instagram - Terjes biler","isPartOf":{"@id":"https:\/\/terjebjornstad.com\/no\/#website"},"datePublished":"2019-01-22T10:01:06+00:00","dateModified":"2019-02-17T16:16:50+00:00","breadcrumb":{"@id":"https:\/\/terjebjornstad.com\/no\/terjes-biler-pa-instagram\/#breadcrumb"},"inLanguage":"nb-NO","potentialAction":[{"@type":"ReadAction","target":["https:\/\/terjebjornstad.com\/no\/terjes-biler-pa-instagram\/"]}]},{"@type":"BreadcrumbList","@id":"https:\/\/terjebjornstad.com\/no\/terjes-biler-pa-instagram\/#breadcrumb","itemListElement":[{"@type":"ListItem","position":1,"name":"Hjem","item":"https:\/\/terjebjornstad.com\/no\/"},{"@type":"ListItem","position":2,"name":"Terjes biler p\u00e5 Instagram"}]},{"@type":"WebSite","@id":"https:\/\/terjebjornstad.com\/no\/#website","url":"https:\/\/terjebjornstad.com\/no\/","name":"Terjes biler","description":"HONEST ABOUT CARS","publisher":{"@id":"https:\/\/terjebjornstad.com\/no\/#organization"},"alternateName":"Terjebjornstad.com","potentialAction":[{"@type":"SearchAction","target":{"@type":"EntryPoint","urlTemplate":"https:\/\/terjebjornstad.com\/no\/?s={search_term_string}"},"query-input":{"@type":"PropertyValueSpecification","valueRequired":true,"valueName":"search_term_string"}}],"inLanguage":"nb-NO"},{"@type":"Organization","@id":"https:\/\/terjebjornstad.com\/no\/#organization","name":"Terje Bj\u00f8rnstad ENK","url":"https:\/\/terjebjornstad.com\/no\/","logo":{"@type":"ImageObject","inLanguage":"nb-NO","@id":"https:\/\/terjebjornstad.com\/no\/#\/schema\/logo\/image\/","url":"https:\/\/i0.wp.com\/terjebjornstad.com\/no\/wp-content\/uploads\/2026\/02\/terjesbiler2024-960x354-1.png?fit=960%2C354&ssl=1","contentUrl":"https:\/\/i0.wp.com\/terjebjornstad.com\/no\/wp-content\/uploads\/2026\/02\/terjesbiler2024-960x354-1.png?fit=960%2C354&ssl=1","width":960,"height":354,"caption":"Terje Bj\u00f8rnstad ENK"},"image":{"@id":"https:\/\/terjebjornstad.com\/no\/#\/schema\/logo\/image\/"},"sameAs":["https:\/\/www.facebook.com\/terjesbiler\/","https:\/\/www.instagram.com\/terjesbiler\/","https:\/\/www.pinteres.com\/terjebjrnstad\/terjes-biler\/"]}]}},"jetpack_sharing_enabled":true,"jetpack_shortlink":"https:\/\/wp.me\/P48zYA-5y8","jetpack-related-posts":[{"id":5141,"url":"https:\/\/terjebjornstad.com\/no\/rettigheter-copyright-notice\/","url_meta":{"origin":21336,"position":0},"title":"Rettigheter &#8211; Copyright notice","author":"Terje Bj\u00f8rnstad","date":"20\/06\/2016","format":false,"excerpt":"V\u00e5r site De aller fleste bildene p\u00e5 denne site tilh\u00f8rer \"Terjes biler - En \u00e6rlig blogg om biler\" - videre omtalt som \"v\u00e5r site\". F\u00f8lgende nettadresser (URL) er knyttet mot v\u00e5r site: terjebjornstad.com, terjesbiler.com, honestaboutcars.com. \u00a0 V\u00e5re bilder \"V\u00e5re bilder\" er bilder som er publisert uten referanse til annet opphav\u2026","rel":"","context":"Liknende innlegg","block_context":{"text":"Liknende innlegg","link":""},"img":{"alt_text":"","src":"","width":0,"height":0},"classes":[]},{"id":24,"url":"https:\/\/terjebjornstad.com\/no\/om-databiler\/","url_meta":{"origin":21336,"position":1},"title":"Terjes biler er et nettbasert\u2026","author":"Terje Bj\u00f8rnstad","date":"29\/12\/2012","format":false,"excerpt":"Terjes biler er et nettbasert bilmagasin med bilrelaterte emner. Du f\u00e5r \u00e6rlige omtaler, proffe bilder og korrekte fakta innpakket i et moderne bloggformat. \u00a0 Skrevet av ekte bilentusiaster \u00a0 \u00a0 Vi skriver om biler - bare biler Mange sp\u00f8r om vi selger bilene og bilutstyret som vi omtaler. Terjes biler\u2026","rel":"","context":"Liknende innlegg","block_context":{"text":"Liknende innlegg","link":""},"img":{"alt_text":"","src":"https:\/\/i0.wp.com\/terjebjornstad.com\/no\/wp-content\/uploads\/2016\/08\/terjes-biler-1.png?fit=686%2C457&ssl=1&resize=350%2C200","width":350,"height":200,"srcset":"https:\/\/i0.wp.com\/terjebjornstad.com\/no\/wp-content\/uploads\/2016\/08\/terjes-biler-1.png?fit=686%2C457&ssl=1&resize=350%2C200 1x, https:\/\/i0.wp.com\/terjebjornstad.com\/no\/wp-content\/uploads\/2016\/08\/terjes-biler-1.png?fit=686%2C457&ssl=1&resize=525%2C300 1.5x"},"classes":[]},{"id":19,"url":"https:\/\/terjebjornstad.com\/no\/kontakt\/","url_meta":{"origin":21336,"position":2},"title":"Kontakt","author":"Terje Bj\u00f8rnstad","date":"29\/12\/2012","format":false,"excerpt":"Kommentere i stedet? De fleste innlegg er \u00e5pne for kommentarer. Men hvis du har funnet siden via en s\u00f8kemotor som for eksempel Google, kan det hende at kommentarfeltene ikke er synlige. For \u00e5 kommentere m\u00e5 du returnere til innlegget og klikke p\u00e5 innleggets overskrift. Da kan du kommentere nederst p\u00e5\u2026","rel":"","context":"Liknende innlegg","block_context":{"text":"Liknende innlegg","link":""},"img":{"alt_text":"","src":"","width":0,"height":0},"classes":[]},{"id":15648,"url":"https:\/\/terjebjornstad.com\/no\/15648-2\/","url_meta":{"origin":21336,"position":3},"title":"&nbsp;","author":"Terje Bj\u00f8rnstad","date":"01\/05\/2018","format":false,"excerpt":"\u00a0","rel":"","context":"Liknende innlegg","block_context":{"text":"Liknende innlegg","link":""},"img":{"alt_text":"","src":"https:\/\/i0.wp.com\/terjebjornstad.com\/no\/wp-content\/uploads\/2024\/11\/allbwd.png?resize=350%2C200&ssl=1","width":350,"height":200},"classes":[]},{"id":69932,"url":"https:\/\/terjebjornstad.com\/no\/hvordan-vi-tester-biler-testene\/","url_meta":{"origin":21336,"position":4},"title":"Hvordan vi tester biler","author":"Terje Bj\u00f8rnstad","date":"25\/02\/2024","format":false,"excerpt":"Hei! Jeg er Terje Bj\u00f8rnstad. Jeg har kj\u00f8rt mye bil - b\u00e5de tunge og lette kj\u00f8ret\u00f8y - i flere land og verdensdeler - og elsker fremdeles \u00e5 ta en ny bil ut p\u00e5 veien. En \u00e6rlig blogg om biler Terjes biler st\u00e5r ikke f\u00f8rst i k\u00f8en for \u00e5 f\u00e5 tildelt\u2026","rel":"","context":"Liknende innlegg","block_context":{"text":"Liknende innlegg","link":""},"img":{"alt_text":"","src":"https:\/\/i0.wp.com\/terjebjornstad.com\/no\/wp-content\/uploads\/2024\/02\/summer-car-1920x1241-1.jpg?fit=1200%2C775&ssl=1&resize=350%2C200","width":350,"height":200,"srcset":"https:\/\/i0.wp.com\/terjebjornstad.com\/no\/wp-content\/uploads\/2024\/02\/summer-car-1920x1241-1.jpg?fit=1200%2C775&ssl=1&resize=350%2C200 1x, https:\/\/i0.wp.com\/terjebjornstad.com\/no\/wp-content\/uploads\/2024\/02\/summer-car-1920x1241-1.jpg?fit=1200%2C775&ssl=1&resize=525%2C300 1.5x, https:\/\/i0.wp.com\/terjebjornstad.com\/no\/wp-content\/uploads\/2024\/02\/summer-car-1920x1241-1.jpg?fit=1200%2C775&ssl=1&resize=700%2C400 2x, https:\/\/i0.wp.com\/terjebjornstad.com\/no\/wp-content\/uploads\/2024\/02\/summer-car-1920x1241-1.jpg?fit=1200%2C775&ssl=1&resize=1050%2C600 3x"},"classes":[]},{"id":25497,"url":"https:\/\/terjebjornstad.com\/no\/renault-12\/","url_meta":{"origin":21336,"position":5},"title":"Renault 12","author":"Terje Bj\u00f8rnstad","date":"15\/08\/2019","format":false,"excerpt":"Den var enklere bygget enn de andre modellene fra Renault. M\u00e5let m\u00e5 ha v\u00e6rt \u00e5 redusere produksjonskostnadene slik at man kunne tilby mye bil for pengene. En konvensjonell Renault Markedsmessig skulle Renault 12 etterf\u00f8lge Renault 8 og 10. Teknisk sett var den annerledes enn b\u00e5de tidligere hekkmotoriserte biler og de\u2026","rel":"","context":"Liknende innlegg","block_context":{"text":"Liknende innlegg","link":""},"img":{"alt_text":"","src":"https:\/\/i0.wp.com\/terjebjornstad.com\/no\/wp-content\/uploads\/2019\/08\/renault-12-1080x1080.png?fit=1080%2C1080&ssl=1&resize=350%2C200","width":350,"height":200,"srcset":"https:\/\/i0.wp.com\/terjebjornstad.com\/no\/wp-content\/uploads\/2019\/08\/renault-12-1080x1080.png?fit=1080%2C1080&ssl=1&resize=350%2C200 1x, https:\/\/i0.wp.com\/terjebjornstad.com\/no\/wp-content\/uploads\/2019\/08\/renault-12-1080x1080.png?fit=1080%2C1080&ssl=1&resize=525%2C300 1.5x, https:\/\/i0.wp.com\/terjebjornstad.com\/no\/wp-content\/uploads\/2019\/08\/renault-12-1080x1080.png?fit=1080%2C1080&ssl=1&resize=700%2C400 2x, https:\/\/i0.wp.com\/terjebjornstad.com\/no\/wp-content\/uploads\/2019\/08\/renault-12-1080x1080.png?fit=1080%2C1080&ssl=1&resize=1050%2C600 3x"},"classes":[]}],"_links":{"self":[{"href":"https:\/\/terjebjornstad.com\/no\/wp-json\/wp\/v2\/pages\/21336","targetHints":{"allow":["GET"]}}],"collection":[{"href":"https:\/\/terjebjornstad.com\/no\/wp-json\/wp\/v2\/pages"}],"about":[{"href":"https:\/\/terjebjornstad.com\/no\/wp-json\/wp\/v2\/types\/page"}],"author":[{"embeddable":true,"href":"https:\/\/terjebjornstad.com\/no\/wp-json\/wp\/v2\/users\/1"}],"replies":[{"embeddable":true,"href":"https:\/\/terjebjornstad.com\/no\/wp-json\/wp\/v2\/comments?post=21336"}],"version-history":[{"count":0,"href":"https:\/\/terjebjornstad.com\/no\/wp-json\/wp\/v2\/pages\/21336\/revisions"}],"wp:attachment":[{"href":"https:\/\/terjebjornstad.com\/no\/wp-json\/wp\/v2\/media?parent=21336"}],"curies":[{"name":"wp","href":"https:\/\/api.w.org\/{rel}","templated":true}]}}