{"id":18145,"date":"2018-07-18T00:01:30","date_gmt":"2018-07-18T00:01:30","guid":{"rendered":"http:\/\/terjebjornstad.com\/no\/?page_id=18145"},"modified":"2026-03-03T19:04:16","modified_gmt":"2026-03-03T18:04:16","slug":"alfa-romeo-2000-gt","status":"publish","type":"page","link":"https:\/\/terjebjornstad.com\/no\/alfa-romeo-2000-gt\/","title":{"rendered":""},"content":{"rendered":"<div class=\"copy_teb\"><center>Du blir automatisk omdirigert til:<\/p>\n<figure id=\"attachment_11760\" aria-describedby=\"caption-attachment-11760\" style=\"width: 300px\" class=\"wp-caption aligncenter\"><a href=\"https:\/\/terjebjornstad.com\/no\/alfa-romeo-gt-junior\/\"><img data-recalc-dims=\"1\" loading=\"lazy\" decoding=\"async\" data-attachment-id=\"11760\" data-permalink=\"https:\/\/terjebjornstad.com\/no\/alfa-romeo-gt-junior\/alfa-gt-junior-2208-686\/\" data-orig-file=\"https:\/\/i0.wp.com\/terjebjornstad.com\/no\/wp-content\/uploads\/2016\/11\/alfa-gt-junior-2208-686.png?fit=686%2C457&amp;ssl=1\" data-orig-size=\"686,457\" data-comments-opened=\"1\" data-image-meta=\"{&quot;aperture&quot;:&quot;0&quot;,&quot;credit&quot;:&quot;&quot;,&quot;camera&quot;:&quot;&quot;,&quot;caption&quot;:&quot;&quot;,&quot;created_timestamp&quot;:&quot;0&quot;,&quot;copyright&quot;:&quot;&quot;,&quot;focal_length&quot;:&quot;0&quot;,&quot;iso&quot;:&quot;0&quot;,&quot;shutter_speed&quot;:&quot;0&quot;,&quot;title&quot;:&quot;&quot;,&quot;orientation&quot;:&quot;0&quot;}\" data-image-title=\"Alfa Romeo GT Junior\" data-image-description=\"\" data-image-caption=\"&lt;p&gt;Alfa Romeo GT Junior&lt;\/p&gt;\n\" data-large-file=\"https:\/\/i0.wp.com\/terjebjornstad.com\/no\/wp-content\/uploads\/2016\/11\/alfa-gt-junior-2208-686.png?fit=686%2C457&amp;ssl=1\" src=\"https:\/\/i0.wp.com\/terjebjornstad.com\/no\/wp-content\/uploads\/2016\/11\/alfa-gt-junior-2208-686.png?resize=300%2C200&#038;ssl=1\" alt=\"\" width=\"300\" height=\"200\" class=\"size-medium wp-image-11760\" srcset=\"https:\/\/i0.wp.com\/terjebjornstad.com\/no\/wp-content\/uploads\/2016\/11\/alfa-gt-junior-2208-686.png?resize=300%2C200&amp;ssl=1 300w, https:\/\/i0.wp.com\/terjebjornstad.com\/no\/wp-content\/uploads\/2016\/11\/alfa-gt-junior-2208-686.png?w=686&amp;ssl=1 686w\" sizes=\"auto, (max-width: 300px) 100vw, 300px\" \/><\/a><figcaption id=\"caption-attachment-11760\" class=\"wp-caption-text\"><\/p>\n<h3 class=\"tebh2s\">Alfa Romeo GT 105\/115<\/h3>\n<p><\/figcaption><\/figure>\n<h6><\/h6>\n<p>\t\t<meta http-equiv=\"refresh\" content=\"5; url=https:\/\/terjebjornstad.com\/no\/alfa-romeo-gt-junior\/\">\n\t\tVent 5 sekunder - eller <a href=\"https:\/\/terjebjornstad.com\/no\/alfa-romeo-gt-junior\/\">Klikk her<\/a> hvis du ikke vil vente.\n<br \/>\n<\/center><\/p>\n<h6><\/h6>\n<\/div>\n","protected":false},"excerpt":{"rendered":"<p>Du blir automatisk omdirigert til:<\/p>\n","protected":false},"author":1,"featured_media":17776,"parent":0,"menu_order":0,"comment_status":"closed","ping_status":"closed","template":"templates\/full-width-page.php","meta":{"_monsterinsights_skip_tracking":false,"_monsterinsights_sitenote_active":false,"_monsterinsights_sitenote_note":"","_monsterinsights_sitenote_category":0,"jetpack_post_was_ever_published":false,"footnotes":""},"class_list":["post-18145","page","type-page","status-publish","has-post-thumbnail","hentry"],"yoast_head":"<!-- This site is optimized with the Yoast SEO plugin v27.3 - https:\/\/yoast.com\/product\/yoast-seo-wordpress\/ -->\n<title>- Terjes biler Se bilder!<\/title>\n<meta name=\"description\" content=\"Alfa Romeo 2000 GT\" \/>\n<meta name=\"robots\" content=\"index, follow, max-snippet:-1, max-image-preview:large, max-video-preview:-1\" \/>\n<link rel=\"canonical\" href=\"https:\/\/terjebjornstad.com\/no\/alfa-romeo-2000-gt\/\" \/>\n<meta property=\"og:locale\" content=\"nb_NO\" \/>\n<meta property=\"og:type\" content=\"article\" \/>\n<meta property=\"og:title\" content=\"- Terjes biler Se bilder!\" \/>\n<meta property=\"og:description\" content=\"Alfa Romeo 2000 GT\" \/>\n<meta property=\"og:url\" content=\"https:\/\/terjebjornstad.com\/no\/alfa-romeo-2000-gt\/\" \/>\n<meta property=\"og:site_name\" content=\"Terjes biler\" \/>\n<meta property=\"article:publisher\" content=\"https:\/\/www.facebook.com\/terjesbiler\/\" \/>\n<meta property=\"article:modified_time\" content=\"2026-03-03T18:04:16+00:00\" \/>\n<meta property=\"og:image\" content=\"https:\/\/terjebjornstad.com\/no\/wp-content\/uploads\/2018\/07\/alfa-romeo-gt-jr-1-1080x720.png\" \/>\n\t<meta property=\"og:image:width\" content=\"1080\" \/>\n\t<meta property=\"og:image:height\" content=\"720\" \/>\n\t<meta property=\"og:image:type\" content=\"image\/png\" \/>\n<meta name=\"twitter:card\" content=\"summary_large_image\" \/>\n<meta name=\"twitter:label1\" content=\"Ansl. lesetid\" \/>\n\t<meta name=\"twitter:data1\" content=\"1 minutt\" \/>\n<script type=\"application\/ld+json\" class=\"yoast-schema-graph\">{\"@context\":\"https:\\\/\\\/schema.org\",\"@graph\":[{\"@type\":\"WebPage\",\"@id\":\"https:\\\/\\\/terjebjornstad.com\\\/no\\\/alfa-romeo-2000-gt\\\/\",\"url\":\"https:\\\/\\\/terjebjornstad.com\\\/no\\\/alfa-romeo-2000-gt\\\/\",\"name\":\"- Terjes biler Se bilder!\",\"isPartOf\":{\"@id\":\"https:\\\/\\\/terjebjornstad.com\\\/no\\\/#website\"},\"primaryImageOfPage\":{\"@id\":\"https:\\\/\\\/terjebjornstad.com\\\/no\\\/alfa-romeo-2000-gt\\\/#primaryimage\"},\"image\":{\"@id\":\"https:\\\/\\\/terjebjornstad.com\\\/no\\\/alfa-romeo-2000-gt\\\/#primaryimage\"},\"thumbnailUrl\":\"https:\\\/\\\/i0.wp.com\\\/terjebjornstad.com\\\/no\\\/wp-content\\\/uploads\\\/2018\\\/07\\\/alfa-romeo-gt-jr-1-1080x720.png?fit=1080%2C720&ssl=1\",\"datePublished\":\"2018-07-18T00:01:30+00:00\",\"dateModified\":\"2026-03-03T18:04:16+00:00\",\"description\":\"Alfa Romeo 2000 GT\",\"inLanguage\":\"nb-NO\",\"potentialAction\":[{\"@type\":\"ReadAction\",\"target\":[\"https:\\\/\\\/terjebjornstad.com\\\/no\\\/alfa-romeo-2000-gt\\\/\"]}]},{\"@type\":\"ImageObject\",\"inLanguage\":\"nb-NO\",\"@id\":\"https:\\\/\\\/terjebjornstad.com\\\/no\\\/alfa-romeo-2000-gt\\\/#primaryimage\",\"url\":\"https:\\\/\\\/i0.wp.com\\\/terjebjornstad.com\\\/no\\\/wp-content\\\/uploads\\\/2018\\\/07\\\/alfa-romeo-gt-jr-1-1080x720.png?fit=1080%2C720&ssl=1\",\"contentUrl\":\"https:\\\/\\\/i0.wp.com\\\/terjebjornstad.com\\\/no\\\/wp-content\\\/uploads\\\/2018\\\/07\\\/alfa-romeo-gt-jr-1-1080x720.png?fit=1080%2C720&ssl=1\",\"width\":1080,\"height\":720,\"caption\":\"Alfa Romeo 2000 GT\"},{\"@type\":\"WebSite\",\"@id\":\"https:\\\/\\\/terjebjornstad.com\\\/no\\\/#website\",\"url\":\"https:\\\/\\\/terjebjornstad.com\\\/no\\\/\",\"name\":\"Terjes biler\",\"description\":\"HONEST ABOUT CARS\",\"publisher\":{\"@id\":\"https:\\\/\\\/terjebjornstad.com\\\/no\\\/#organization\"},\"alternateName\":\"Terjebjornstad.com\",\"potentialAction\":[{\"@type\":\"SearchAction\",\"target\":{\"@type\":\"EntryPoint\",\"urlTemplate\":\"https:\\\/\\\/terjebjornstad.com\\\/no\\\/?s={search_term_string}\"},\"query-input\":{\"@type\":\"PropertyValueSpecification\",\"valueRequired\":true,\"valueName\":\"search_term_string\"}}],\"inLanguage\":\"nb-NO\"},{\"@type\":\"Organization\",\"@id\":\"https:\\\/\\\/terjebjornstad.com\\\/no\\\/#organization\",\"name\":\"Terje Bj\u00f8rnstad ENK\",\"url\":\"https:\\\/\\\/terjebjornstad.com\\\/no\\\/\",\"logo\":{\"@type\":\"ImageObject\",\"inLanguage\":\"nb-NO\",\"@id\":\"https:\\\/\\\/terjebjornstad.com\\\/no\\\/#\\\/schema\\\/logo\\\/image\\\/\",\"url\":\"https:\\\/\\\/i0.wp.com\\\/terjebjornstad.com\\\/no\\\/wp-content\\\/uploads\\\/2026\\\/02\\\/terjesbiler2024-960x354-1.png?fit=960%2C354&ssl=1\",\"contentUrl\":\"https:\\\/\\\/i0.wp.com\\\/terjebjornstad.com\\\/no\\\/wp-content\\\/uploads\\\/2026\\\/02\\\/terjesbiler2024-960x354-1.png?fit=960%2C354&ssl=1\",\"width\":960,\"height\":354,\"caption\":\"Terje Bj\u00f8rnstad ENK\"},\"image\":{\"@id\":\"https:\\\/\\\/terjebjornstad.com\\\/no\\\/#\\\/schema\\\/logo\\\/image\\\/\"},\"sameAs\":[\"https:\\\/\\\/www.facebook.com\\\/terjesbiler\\\/\",\"https:\\\/\\\/www.instagram.com\\\/terjesbiler\\\/\",\"https:\\\/\\\/www.pinteres.com\\\/terjebjrnstad\\\/terjes-biler\\\/\"]}]}<\/script>\n<!-- \/ Yoast SEO plugin. -->","yoast_head_json":{"title":"- Terjes biler Se bilder!","description":"Alfa Romeo 2000 GT","robots":{"index":"index","follow":"follow","max-snippet":"max-snippet:-1","max-image-preview":"max-image-preview:large","max-video-preview":"max-video-preview:-1"},"canonical":"https:\/\/terjebjornstad.com\/no\/alfa-romeo-2000-gt\/","og_locale":"nb_NO","og_type":"article","og_title":"- Terjes biler Se bilder!","og_description":"Alfa Romeo 2000 GT","og_url":"https:\/\/terjebjornstad.com\/no\/alfa-romeo-2000-gt\/","og_site_name":"Terjes biler","article_publisher":"https:\/\/www.facebook.com\/terjesbiler\/","article_modified_time":"2026-03-03T18:04:16+00:00","og_image":[{"width":1080,"height":720,"url":"https:\/\/terjebjornstad.com\/no\/wp-content\/uploads\/2018\/07\/alfa-romeo-gt-jr-1-1080x720.png","type":"image\/png"}],"twitter_card":"summary_large_image","twitter_misc":{"Ansl. lesetid":"1 minutt"},"schema":{"@context":"https:\/\/schema.org","@graph":[{"@type":"WebPage","@id":"https:\/\/terjebjornstad.com\/no\/alfa-romeo-2000-gt\/","url":"https:\/\/terjebjornstad.com\/no\/alfa-romeo-2000-gt\/","name":"- Terjes biler Se bilder!","isPartOf":{"@id":"https:\/\/terjebjornstad.com\/no\/#website"},"primaryImageOfPage":{"@id":"https:\/\/terjebjornstad.com\/no\/alfa-romeo-2000-gt\/#primaryimage"},"image":{"@id":"https:\/\/terjebjornstad.com\/no\/alfa-romeo-2000-gt\/#primaryimage"},"thumbnailUrl":"https:\/\/i0.wp.com\/terjebjornstad.com\/no\/wp-content\/uploads\/2018\/07\/alfa-romeo-gt-jr-1-1080x720.png?fit=1080%2C720&ssl=1","datePublished":"2018-07-18T00:01:30+00:00","dateModified":"2026-03-03T18:04:16+00:00","description":"Alfa Romeo 2000 GT","inLanguage":"nb-NO","potentialAction":[{"@type":"ReadAction","target":["https:\/\/terjebjornstad.com\/no\/alfa-romeo-2000-gt\/"]}]},{"@type":"ImageObject","inLanguage":"nb-NO","@id":"https:\/\/terjebjornstad.com\/no\/alfa-romeo-2000-gt\/#primaryimage","url":"https:\/\/i0.wp.com\/terjebjornstad.com\/no\/wp-content\/uploads\/2018\/07\/alfa-romeo-gt-jr-1-1080x720.png?fit=1080%2C720&ssl=1","contentUrl":"https:\/\/i0.wp.com\/terjebjornstad.com\/no\/wp-content\/uploads\/2018\/07\/alfa-romeo-gt-jr-1-1080x720.png?fit=1080%2C720&ssl=1","width":1080,"height":720,"caption":"Alfa Romeo 2000 GT"},{"@type":"WebSite","@id":"https:\/\/terjebjornstad.com\/no\/#website","url":"https:\/\/terjebjornstad.com\/no\/","name":"Terjes biler","description":"HONEST ABOUT CARS","publisher":{"@id":"https:\/\/terjebjornstad.com\/no\/#organization"},"alternateName":"Terjebjornstad.com","potentialAction":[{"@type":"SearchAction","target":{"@type":"EntryPoint","urlTemplate":"https:\/\/terjebjornstad.com\/no\/?s={search_term_string}"},"query-input":{"@type":"PropertyValueSpecification","valueRequired":true,"valueName":"search_term_string"}}],"inLanguage":"nb-NO"},{"@type":"Organization","@id":"https:\/\/terjebjornstad.com\/no\/#organization","name":"Terje Bj\u00f8rnstad ENK","url":"https:\/\/terjebjornstad.com\/no\/","logo":{"@type":"ImageObject","inLanguage":"nb-NO","@id":"https:\/\/terjebjornstad.com\/no\/#\/schema\/logo\/image\/","url":"https:\/\/i0.wp.com\/terjebjornstad.com\/no\/wp-content\/uploads\/2026\/02\/terjesbiler2024-960x354-1.png?fit=960%2C354&ssl=1","contentUrl":"https:\/\/i0.wp.com\/terjebjornstad.com\/no\/wp-content\/uploads\/2026\/02\/terjesbiler2024-960x354-1.png?fit=960%2C354&ssl=1","width":960,"height":354,"caption":"Terje Bj\u00f8rnstad ENK"},"image":{"@id":"https:\/\/terjebjornstad.com\/no\/#\/schema\/logo\/image\/"},"sameAs":["https:\/\/www.facebook.com\/terjesbiler\/","https:\/\/www.instagram.com\/terjesbiler\/","https:\/\/www.pinteres.com\/terjebjrnstad\/terjes-biler\/"]}]}},"jetpack_sharing_enabled":true,"jetpack_shortlink":"https:\/\/wp.me\/P48zYA-4IF","jetpack-related-posts":[{"id":8251,"url":"https:\/\/terjebjornstad.com\/no\/alfa-romeo-gt-junior\/","url_meta":{"origin":18145,"position":0},"title":"Alfa Romeo GT","author":"Terje Bj\u00f8rnstad","date":"01\/11\/2016","format":false,"excerpt":"Alfa Romeo's GT-serie er en riktig euro-klassiker. Den er en lekker og sportslig 2+2 seter fra bilmerkets storhetstid. Tipo 105 og 115 Jeg har lenge trodd at Alfa Romeo GT kom i to varianter, tipo 105 og 115, uten \u00e5 forst\u00e5 hva som skilte dem. Alle har samme chassis og\u2026","rel":"","context":"Liknende innlegg","block_context":{"text":"Liknende innlegg","link":""},"img":{"alt_text":"gt junior","src":"https:\/\/i0.wp.com\/terjebjornstad.com\/no\/wp-content\/uploads\/2016\/10\/alfa-romeo-gt-junior-1.png?fit=686%2C538&ssl=1&resize=350%2C200","width":350,"height":200,"srcset":"https:\/\/i0.wp.com\/terjebjornstad.com\/no\/wp-content\/uploads\/2016\/10\/alfa-romeo-gt-junior-1.png?fit=686%2C538&ssl=1&resize=350%2C200 1x, https:\/\/i0.wp.com\/terjebjornstad.com\/no\/wp-content\/uploads\/2016\/10\/alfa-romeo-gt-junior-1.png?fit=686%2C538&ssl=1&resize=525%2C300 1.5x"},"classes":[]},{"id":5274,"url":"https:\/\/terjebjornstad.com\/no\/alfa-romeo\/","url_meta":{"origin":18145,"position":1},"title":"Alfa Romeo har historie helt\u2026","author":"Terje Bj\u00f8rnstad","date":"21\/06\/2016","format":false,"excerpt":"Alfa Romeo har historie helt fra 1910 med flotte, h\u00e5ndbygde biler og motorer. Men i mellomkrigstiden m\u00e5tte bilene vike for krigsmateriell. Selskapet ble tatt under styring av den italienske stat. Etter krigen begynte selskapet med masseproduksjonen av biler - flotte biler. Likevel havnet selskapet i \u00f8konomiske problemer p\u00e5 70-tallet. Alfa\u2026","rel":"","context":"Liknende innlegg","block_context":{"text":"Liknende innlegg","link":""},"img":{"alt_text":"","src":"https:\/\/i0.wp.com\/terjebjornstad.com\/no\/wp-content\/uploads\/2023\/02\/alfa-romeo-logo-300x200-1.jpg?resize=350%2C200&ssl=1","width":350,"height":200},"classes":[]},{"id":11720,"url":"https:\/\/terjebjornstad.com\/no\/alfa-romeo-spider\/","url_meta":{"origin":18145,"position":2},"title":"Alfa Romeo Spider","author":"Terje Bj\u00f8rnstad","date":"22\/08\/2017","format":false,"excerpt":"Alfa Romeo Spider ble produsert nesten uendret mellom 1966 til 1994. Spider solgte faktisk ganske godt p\u00e5 slutten av livsl\u00f8pet. Mange av bilene gikk til USA - og er fremdeles p\u00e5 veien. Modellhistorikk Alfa Romeo Spider ble produsert i 4 serier. Alle bilene hadde st\u00e5ende pedaler og h\u00f8yt plassert girspak.\u2026","rel":"","context":"Liknende innlegg","block_context":{"text":"Liknende innlegg","link":""},"img":{"alt_text":"","src":"https:\/\/i0.wp.com\/terjebjornstad.com\/no\/wp-content\/uploads\/2018\/11\/alfa-spider-3-1080x720.png?fit=1080%2C720&ssl=1&resize=350%2C200","width":350,"height":200,"srcset":"https:\/\/i0.wp.com\/terjebjornstad.com\/no\/wp-content\/uploads\/2018\/11\/alfa-spider-3-1080x720.png?fit=1080%2C720&ssl=1&resize=350%2C200 1x, https:\/\/i0.wp.com\/terjebjornstad.com\/no\/wp-content\/uploads\/2018\/11\/alfa-spider-3-1080x720.png?fit=1080%2C720&ssl=1&resize=525%2C300 1.5x, https:\/\/i0.wp.com\/terjebjornstad.com\/no\/wp-content\/uploads\/2018\/11\/alfa-spider-3-1080x720.png?fit=1080%2C720&ssl=1&resize=700%2C400 2x, https:\/\/i0.wp.com\/terjebjornstad.com\/no\/wp-content\/uploads\/2018\/11\/alfa-spider-3-1080x720.png?fit=1080%2C720&ssl=1&resize=1050%2C600 3x"},"classes":[]},{"id":37682,"url":"https:\/\/terjebjornstad.com\/no\/alfa-romeo\/alfa-romeo-giulietta\/","url_meta":{"origin":18145,"position":3},"title":"Alfa Romeo Giulietta Tipo 101","author":"Terje Bj\u00f8rnstad","date":"22\/01\/2021","format":false,"excerpt":"Alfa Romeo Giulietta fantes i 4-d\u00f8rsutgave og flere spennende 2-d\u00f8rs og coup\u00e9utgaver. Giulietta Spider Modellen vist her, er Spider. Giulietta Spider ble produsert fra 1955 til og med 1962 - da modellen levde videre som Giulia Spider frem til 1966.Giulietta Spider f\u00f8lger et genuint minimalistisk roadster-konsept hvor motoren er viktigst.\u2026","rel":"","context":"Liknende innlegg","block_context":{"text":"Liknende innlegg","link":""},"img":{"alt_text":"alfa romeo montreal","src":"https:\/\/i0.wp.com\/terjebjornstad.com\/no\/wp-content\/uploads\/2021\/01\/1962-alfa-romeo-guiletta-spider-1-3-1080x720-2.png?fit=1080%2C720&ssl=1&resize=350%2C200","width":350,"height":200,"srcset":"https:\/\/i0.wp.com\/terjebjornstad.com\/no\/wp-content\/uploads\/2021\/01\/1962-alfa-romeo-guiletta-spider-1-3-1080x720-2.png?fit=1080%2C720&ssl=1&resize=350%2C200 1x, https:\/\/i0.wp.com\/terjebjornstad.com\/no\/wp-content\/uploads\/2021\/01\/1962-alfa-romeo-guiletta-spider-1-3-1080x720-2.png?fit=1080%2C720&ssl=1&resize=525%2C300 1.5x, https:\/\/i0.wp.com\/terjebjornstad.com\/no\/wp-content\/uploads\/2021\/01\/1962-alfa-romeo-guiletta-spider-1-3-1080x720-2.png?fit=1080%2C720&ssl=1&resize=700%2C400 2x, https:\/\/i0.wp.com\/terjebjornstad.com\/no\/wp-content\/uploads\/2021\/01\/1962-alfa-romeo-guiletta-spider-1-3-1080x720-2.png?fit=1080%2C720&ssl=1&resize=1050%2C600 3x"},"classes":[]},{"id":14797,"url":"https:\/\/terjebjornstad.com\/no\/alfa-romeo-gtv-1996-04\/","url_meta":{"origin":18145,"position":4},"title":"Alfa Romeo GTV","author":"Terje Bj\u00f8rnstad","date":"24\/02\/2018","format":false,"excerpt":"Ekstrem V-kropp GTV (Gran Tourismo Veloce) - \"hurtig GT\". Modellen, som ogs\u00e5 betegnes som Tipo 916, ble presentert i 1995 sammen med Fiat Coup\u00e9 og Fiat Barchetta. Fiat Coup\u00e9 og Alfa Romeo GTV er s\u00f8stermodeller. De deler samme plattform og \"karosser-kontur\" (samme type design), men ikke motorer. Den ekstreme V-formen\u2026","rel":"","context":"Liknende innlegg","block_context":{"text":"Liknende innlegg","link":""},"img":{"alt_text":"","src":"https:\/\/i0.wp.com\/terjebjornstad.com\/no\/wp-content\/uploads\/2020\/04\/51998-alfa-romeo-gtv-twin-spark-1080x720-1.png?fit=1080%2C720&ssl=1&resize=350%2C200","width":350,"height":200,"srcset":"https:\/\/i0.wp.com\/terjebjornstad.com\/no\/wp-content\/uploads\/2020\/04\/51998-alfa-romeo-gtv-twin-spark-1080x720-1.png?fit=1080%2C720&ssl=1&resize=350%2C200 1x, https:\/\/i0.wp.com\/terjebjornstad.com\/no\/wp-content\/uploads\/2020\/04\/51998-alfa-romeo-gtv-twin-spark-1080x720-1.png?fit=1080%2C720&ssl=1&resize=525%2C300 1.5x, https:\/\/i0.wp.com\/terjebjornstad.com\/no\/wp-content\/uploads\/2020\/04\/51998-alfa-romeo-gtv-twin-spark-1080x720-1.png?fit=1080%2C720&ssl=1&resize=700%2C400 2x, https:\/\/i0.wp.com\/terjebjornstad.com\/no\/wp-content\/uploads\/2020\/04\/51998-alfa-romeo-gtv-twin-spark-1080x720-1.png?fit=1080%2C720&ssl=1&resize=1050%2C600 3x"},"classes":[]},{"id":7757,"url":"https:\/\/terjebjornstad.com\/no\/alfa-romeo-brera\/","url_meta":{"origin":18145,"position":5},"title":"Alfa Romeo Brera","author":"Terje Bj\u00f8rnstad","date":"11\/10\/2016","format":false,"excerpt":"Skapte forventinger Alfa Romeo Brera ble lansert i 2005 som \u00e5rsmodell 2006. Den deler understell, motorer og frontparti med Alfa Romeo 159. Bilpressen hadde helt andre forventninger til denne modellen enn som en forkortet versjon av 159. Forklaringen finner vi tre \u00e5r tidligere. Da ble Brera presentert som en konseptbil\u2026","rel":"","context":"Liknende innlegg","block_context":{"text":"Liknende innlegg","link":""},"img":{"alt_text":"","src":"https:\/\/i0.wp.com\/terjebjornstad.com\/no\/wp-content\/uploads\/2016\/10\/2007-alfa-romeo-brera-1.png?fit=686%2C455&ssl=1&resize=350%2C200","width":350,"height":200,"srcset":"https:\/\/i0.wp.com\/terjebjornstad.com\/no\/wp-content\/uploads\/2016\/10\/2007-alfa-romeo-brera-1.png?fit=686%2C455&ssl=1&resize=350%2C200 1x, https:\/\/i0.wp.com\/terjebjornstad.com\/no\/wp-content\/uploads\/2016\/10\/2007-alfa-romeo-brera-1.png?fit=686%2C455&ssl=1&resize=525%2C300 1.5x"},"classes":[]}],"_links":{"self":[{"href":"https:\/\/terjebjornstad.com\/no\/wp-json\/wp\/v2\/pages\/18145","targetHints":{"allow":["GET"]}}],"collection":[{"href":"https:\/\/terjebjornstad.com\/no\/wp-json\/wp\/v2\/pages"}],"about":[{"href":"https:\/\/terjebjornstad.com\/no\/wp-json\/wp\/v2\/types\/page"}],"author":[{"embeddable":true,"href":"https:\/\/terjebjornstad.com\/no\/wp-json\/wp\/v2\/users\/1"}],"replies":[{"embeddable":true,"href":"https:\/\/terjebjornstad.com\/no\/wp-json\/wp\/v2\/comments?post=18145"}],"version-history":[{"count":24,"href":"https:\/\/terjebjornstad.com\/no\/wp-json\/wp\/v2\/pages\/18145\/revisions"}],"predecessor-version":[{"id":90589,"href":"https:\/\/terjebjornstad.com\/no\/wp-json\/wp\/v2\/pages\/18145\/revisions\/90589"}],"wp:featuredmedia":[{"embeddable":true,"href":"https:\/\/terjebjornstad.com\/no\/wp-json\/wp\/v2\/media\/17776"}],"wp:attachment":[{"href":"https:\/\/terjebjornstad.com\/no\/wp-json\/wp\/v2\/media?parent=18145"}],"curies":[{"name":"wp","href":"https:\/\/api.w.org\/{rel}","templated":true}]}}