{"id":14687,"date":"2018-02-04T16:27:29","date_gmt":"2018-02-04T16:27:29","guid":{"rendered":"http:\/\/terjebjornstad.com\/no\/?page_id=14687"},"modified":"2026-03-03T22:23:45","modified_gmt":"2026-03-03T21:23:45","slug":"ford-transit-connect-mk2","status":"publish","type":"page","link":"https:\/\/terjebjornstad.com\/no\/ford-transit-connect-mk2\/","title":{"rendered":""},"content":{"rendered":"<div class=\"copy_teb\"><center>Du blir automatisk omdirigert til:<\/p>\n<figure id=\"attachment_14631\" aria-describedby=\"caption-attachment-14631\" style=\"width: 300px\" class=\"wp-caption aligncenter\"><a href=\"https:\/\/terjebjornstad.com\/no\/2018\/02\/04\/naboens-transit-connect\/\"><img data-recalc-dims=\"1\" loading=\"lazy\" decoding=\"async\" data-attachment-id=\"14631\" data-permalink=\"https:\/\/terjebjornstad.com\/no\/2018\/02\/04\/naboens-transit-connect\/ford-transit-connect-mk2-1-686\/\" data-orig-file=\"https:\/\/i0.wp.com\/terjebjornstad.com\/no\/wp-content\/uploads\/2018\/02\/ford-transit-connect-mk2-1-686.png?fit=686%2C457&amp;ssl=1\" data-orig-size=\"686,457\" data-comments-opened=\"1\" data-image-meta=\"{&quot;aperture&quot;:&quot;0&quot;,&quot;credit&quot;:&quot;&quot;,&quot;camera&quot;:&quot;&quot;,&quot;caption&quot;:&quot;&quot;,&quot;created_timestamp&quot;:&quot;0&quot;,&quot;copyright&quot;:&quot;&quot;,&quot;focal_length&quot;:&quot;0&quot;,&quot;iso&quot;:&quot;0&quot;,&quot;shutter_speed&quot;:&quot;0&quot;,&quot;title&quot;:&quot;&quot;,&quot;orientation&quot;:&quot;0&quot;}\" data-image-title=\"ford-transit-connect-mk2Ford Transit Connect L2 mk2 -1-686\" data-image-description=\"\" data-image-caption=\"&lt;p&gt;Naboens Transit Connect&lt;\/p&gt;\n\" data-large-file=\"https:\/\/i0.wp.com\/terjebjornstad.com\/no\/wp-content\/uploads\/2018\/02\/ford-transit-connect-mk2-1-686.png?fit=686%2C457&amp;ssl=1\" src=\"https:\/\/i0.wp.com\/terjebjornstad.com\/no\/wp-content\/uploads\/2018\/02\/ford-transit-connect-mk2-1-686.png?resize=300%2C200&#038;ssl=1\" alt=\"\" width=\"300\" height=\"200\" class=\"size-medium wp-image-14631\" srcset=\"https:\/\/i0.wp.com\/terjebjornstad.com\/no\/wp-content\/uploads\/2018\/02\/ford-transit-connect-mk2-1-686.png?resize=300%2C200&amp;ssl=1 300w, https:\/\/i0.wp.com\/terjebjornstad.com\/no\/wp-content\/uploads\/2018\/02\/ford-transit-connect-mk2-1-686.png?w=686&amp;ssl=1 686w\" sizes=\"auto, (max-width: 300px) 100vw, 300px\" \/><\/a><figcaption id=\"caption-attachment-14631\" class=\"wp-caption-text\">Ford Connect 1.5 TDCI 120HK L2<\/figcaption><\/figure>\n<h6><\/h6>\n<p>\t\t<meta http-equiv=\"refresh\" content=\"5; url=https:\/\/terjebjornstad.com\/no\/2018\/02\/04\/naboens-transit-connect\/\">\r\n\t\tPlease wait while you are redirected...or <a href=\"https:\/\/terjebjornstad.com\/no\/2018\/02\/04\/naboens-transit-connect\/\">Click Here<\/a> if you do not want to wait.\r\n<br \/>\n<\/center><\/p>\n<h6><\/h6>\n<\/div>\n","protected":false},"excerpt":{"rendered":"<p>Du blir automatisk omdirigert til:<\/p>\n","protected":false},"author":1,"featured_media":0,"parent":0,"menu_order":0,"comment_status":"closed","ping_status":"closed","template":"","meta":{"_monsterinsights_skip_tracking":false,"_monsterinsights_sitenote_active":false,"_monsterinsights_sitenote_note":"","_monsterinsights_sitenote_category":0,"jetpack_post_was_ever_published":false,"footnotes":""},"class_list":["post-14687","page","type-page","status-publish","hentry"],"yoast_head":"<!-- This site is optimized with the Yoast SEO plugin v27.4 - https:\/\/yoast.com\/product\/yoast-seo-wordpress\/ -->\n<title>- Terjes biler<\/title>\n<meta name=\"robots\" content=\"index, follow, max-snippet:-1, max-image-preview:large, max-video-preview:-1\" \/>\n<link rel=\"canonical\" href=\"https:\/\/terjebjornstad.com\/no\/ford-transit-connect-mk2\/\" \/>\n<meta property=\"og:locale\" content=\"nb_NO\" \/>\n<meta property=\"og:type\" content=\"article\" \/>\n<meta property=\"og:title\" content=\"- Terjes biler\" \/>\n<meta property=\"og:description\" content=\"Du blir automatisk omdirigert til:\" \/>\n<meta property=\"og:url\" content=\"https:\/\/terjebjornstad.com\/no\/ford-transit-connect-mk2\/\" \/>\n<meta property=\"og:site_name\" content=\"Terjes biler\" \/>\n<meta property=\"article:publisher\" content=\"https:\/\/www.facebook.com\/terjesbiler\/\" \/>\n<meta property=\"article:modified_time\" content=\"2026-03-03T21:23:45+00:00\" \/>\n<meta property=\"og:image\" content=\"https:\/\/terjebjornstad.com\/no\/wp-content\/uploads\/2018\/02\/ford-transit-connect-mk2-1-686-300x200.png\" \/>\n<meta name=\"twitter:card\" content=\"summary_large_image\" \/>\n<meta name=\"twitter:label1\" content=\"Ansl. lesetid\" \/>\n\t<meta name=\"twitter:data1\" content=\"1 minutt\" \/>\n<script type=\"application\/ld+json\" class=\"yoast-schema-graph\">{\"@context\":\"https:\\\/\\\/schema.org\",\"@graph\":[{\"@type\":\"WebPage\",\"@id\":\"https:\\\/\\\/terjebjornstad.com\\\/no\\\/ford-transit-connect-mk2\\\/\",\"url\":\"https:\\\/\\\/terjebjornstad.com\\\/no\\\/ford-transit-connect-mk2\\\/\",\"name\":\"- Terjes biler\",\"isPartOf\":{\"@id\":\"https:\\\/\\\/terjebjornstad.com\\\/no\\\/#website\"},\"primaryImageOfPage\":{\"@id\":\"https:\\\/\\\/terjebjornstad.com\\\/no\\\/ford-transit-connect-mk2\\\/#primaryimage\"},\"image\":{\"@id\":\"https:\\\/\\\/terjebjornstad.com\\\/no\\\/ford-transit-connect-mk2\\\/#primaryimage\"},\"thumbnailUrl\":\"https:\\\/\\\/terjebjornstad.com\\\/no\\\/wp-content\\\/uploads\\\/2018\\\/02\\\/ford-transit-connect-mk2-1-686-300x200.png\",\"datePublished\":\"2018-02-04T16:27:29+00:00\",\"dateModified\":\"2026-03-03T21:23:45+00:00\",\"inLanguage\":\"nb-NO\",\"potentialAction\":[{\"@type\":\"ReadAction\",\"target\":[\"https:\\\/\\\/terjebjornstad.com\\\/no\\\/ford-transit-connect-mk2\\\/\"]}]},{\"@type\":\"ImageObject\",\"inLanguage\":\"nb-NO\",\"@id\":\"https:\\\/\\\/terjebjornstad.com\\\/no\\\/ford-transit-connect-mk2\\\/#primaryimage\",\"url\":\"https:\\\/\\\/i0.wp.com\\\/terjebjornstad.com\\\/no\\\/wp-content\\\/uploads\\\/2018\\\/02\\\/ford-transit-connect-mk2-1-686.png?fit=686%2C457&ssl=1\",\"contentUrl\":\"https:\\\/\\\/i0.wp.com\\\/terjebjornstad.com\\\/no\\\/wp-content\\\/uploads\\\/2018\\\/02\\\/ford-transit-connect-mk2-1-686.png?fit=686%2C457&ssl=1\",\"width\":686,\"height\":457,\"caption\":\"Naboens Transit Connect\"},{\"@type\":\"WebSite\",\"@id\":\"https:\\\/\\\/terjebjornstad.com\\\/no\\\/#website\",\"url\":\"https:\\\/\\\/terjebjornstad.com\\\/no\\\/\",\"name\":\"Terjes biler\",\"description\":\"HONEST ABOUT CARS\",\"publisher\":{\"@id\":\"https:\\\/\\\/terjebjornstad.com\\\/no\\\/#organization\"},\"alternateName\":\"Terjebjornstad.com\",\"potentialAction\":[{\"@type\":\"SearchAction\",\"target\":{\"@type\":\"EntryPoint\",\"urlTemplate\":\"https:\\\/\\\/terjebjornstad.com\\\/no\\\/?s={search_term_string}\"},\"query-input\":{\"@type\":\"PropertyValueSpecification\",\"valueRequired\":true,\"valueName\":\"search_term_string\"}}],\"inLanguage\":\"nb-NO\"},{\"@type\":\"Organization\",\"@id\":\"https:\\\/\\\/terjebjornstad.com\\\/no\\\/#organization\",\"name\":\"Terje Bj\u00f8rnstad ENK\",\"url\":\"https:\\\/\\\/terjebjornstad.com\\\/no\\\/\",\"logo\":{\"@type\":\"ImageObject\",\"inLanguage\":\"nb-NO\",\"@id\":\"https:\\\/\\\/terjebjornstad.com\\\/no\\\/#\\\/schema\\\/logo\\\/image\\\/\",\"url\":\"https:\\\/\\\/i0.wp.com\\\/terjebjornstad.com\\\/no\\\/wp-content\\\/uploads\\\/2026\\\/02\\\/terjesbiler2024-960x354-1.png?fit=960%2C354&ssl=1\",\"contentUrl\":\"https:\\\/\\\/i0.wp.com\\\/terjebjornstad.com\\\/no\\\/wp-content\\\/uploads\\\/2026\\\/02\\\/terjesbiler2024-960x354-1.png?fit=960%2C354&ssl=1\",\"width\":960,\"height\":354,\"caption\":\"Terje Bj\u00f8rnstad ENK\"},\"image\":{\"@id\":\"https:\\\/\\\/terjebjornstad.com\\\/no\\\/#\\\/schema\\\/logo\\\/image\\\/\"},\"sameAs\":[\"https:\\\/\\\/www.facebook.com\\\/terjesbiler\\\/\",\"https:\\\/\\\/www.instagram.com\\\/terjesbiler\\\/\",\"https:\\\/\\\/www.pinteres.com\\\/terjebjrnstad\\\/terjes-biler\\\/\"]}]}<\/script>\n<!-- \/ Yoast SEO plugin. -->","yoast_head_json":{"title":"- Terjes biler","robots":{"index":"index","follow":"follow","max-snippet":"max-snippet:-1","max-image-preview":"max-image-preview:large","max-video-preview":"max-video-preview:-1"},"canonical":"https:\/\/terjebjornstad.com\/no\/ford-transit-connect-mk2\/","og_locale":"nb_NO","og_type":"article","og_title":"- Terjes biler","og_description":"Du blir automatisk omdirigert til:","og_url":"https:\/\/terjebjornstad.com\/no\/ford-transit-connect-mk2\/","og_site_name":"Terjes biler","article_publisher":"https:\/\/www.facebook.com\/terjesbiler\/","article_modified_time":"2026-03-03T21:23:45+00:00","og_image":[{"url":"https:\/\/terjebjornstad.com\/no\/wp-content\/uploads\/2018\/02\/ford-transit-connect-mk2-1-686-300x200.png","type":"","width":"","height":""}],"twitter_card":"summary_large_image","twitter_misc":{"Ansl. lesetid":"1 minutt"},"schema":{"@context":"https:\/\/schema.org","@graph":[{"@type":"WebPage","@id":"https:\/\/terjebjornstad.com\/no\/ford-transit-connect-mk2\/","url":"https:\/\/terjebjornstad.com\/no\/ford-transit-connect-mk2\/","name":"- Terjes biler","isPartOf":{"@id":"https:\/\/terjebjornstad.com\/no\/#website"},"primaryImageOfPage":{"@id":"https:\/\/terjebjornstad.com\/no\/ford-transit-connect-mk2\/#primaryimage"},"image":{"@id":"https:\/\/terjebjornstad.com\/no\/ford-transit-connect-mk2\/#primaryimage"},"thumbnailUrl":"https:\/\/terjebjornstad.com\/no\/wp-content\/uploads\/2018\/02\/ford-transit-connect-mk2-1-686-300x200.png","datePublished":"2018-02-04T16:27:29+00:00","dateModified":"2026-03-03T21:23:45+00:00","inLanguage":"nb-NO","potentialAction":[{"@type":"ReadAction","target":["https:\/\/terjebjornstad.com\/no\/ford-transit-connect-mk2\/"]}]},{"@type":"ImageObject","inLanguage":"nb-NO","@id":"https:\/\/terjebjornstad.com\/no\/ford-transit-connect-mk2\/#primaryimage","url":"https:\/\/i0.wp.com\/terjebjornstad.com\/no\/wp-content\/uploads\/2018\/02\/ford-transit-connect-mk2-1-686.png?fit=686%2C457&ssl=1","contentUrl":"https:\/\/i0.wp.com\/terjebjornstad.com\/no\/wp-content\/uploads\/2018\/02\/ford-transit-connect-mk2-1-686.png?fit=686%2C457&ssl=1","width":686,"height":457,"caption":"Naboens Transit Connect"},{"@type":"WebSite","@id":"https:\/\/terjebjornstad.com\/no\/#website","url":"https:\/\/terjebjornstad.com\/no\/","name":"Terjes biler","description":"HONEST ABOUT CARS","publisher":{"@id":"https:\/\/terjebjornstad.com\/no\/#organization"},"alternateName":"Terjebjornstad.com","potentialAction":[{"@type":"SearchAction","target":{"@type":"EntryPoint","urlTemplate":"https:\/\/terjebjornstad.com\/no\/?s={search_term_string}"},"query-input":{"@type":"PropertyValueSpecification","valueRequired":true,"valueName":"search_term_string"}}],"inLanguage":"nb-NO"},{"@type":"Organization","@id":"https:\/\/terjebjornstad.com\/no\/#organization","name":"Terje Bj\u00f8rnstad ENK","url":"https:\/\/terjebjornstad.com\/no\/","logo":{"@type":"ImageObject","inLanguage":"nb-NO","@id":"https:\/\/terjebjornstad.com\/no\/#\/schema\/logo\/image\/","url":"https:\/\/i0.wp.com\/terjebjornstad.com\/no\/wp-content\/uploads\/2026\/02\/terjesbiler2024-960x354-1.png?fit=960%2C354&ssl=1","contentUrl":"https:\/\/i0.wp.com\/terjebjornstad.com\/no\/wp-content\/uploads\/2026\/02\/terjesbiler2024-960x354-1.png?fit=960%2C354&ssl=1","width":960,"height":354,"caption":"Terje Bj\u00f8rnstad ENK"},"image":{"@id":"https:\/\/terjebjornstad.com\/no\/#\/schema\/logo\/image\/"},"sameAs":["https:\/\/www.facebook.com\/terjesbiler\/","https:\/\/www.instagram.com\/terjesbiler\/","https:\/\/www.pinteres.com\/terjebjrnstad\/terjes-biler\/"]}]}},"jetpack_sharing_enabled":true,"jetpack_shortlink":"https:\/\/wp.me\/P48zYA-3OT","jetpack-related-posts":[{"id":30637,"url":"https:\/\/terjebjornstad.com\/no\/bildekatalogen\/","url_meta":{"origin":14687,"position":0},"title":"Bilmerker Alfa Romeo&nbsp;&nbsp;&nbsp;&nbsp;&nbsp;&nbsp;&nbsp; Alpine&nbsp;&nbsp;&nbsp;&nbsp;&nbsp;&nbsp;&nbsp; Alvis&nbsp;&nbsp;&nbsp;&nbsp;&nbsp;&nbsp;&nbsp;\u2026","author":"Terje Bj\u00f8rnstad","date":"18\/02\/2020","format":false,"excerpt":"Bilmerker Alfa Romeo\u00a0\u00a0\u00a0\u00a0\u00a0\u00a0\u00a0 Alpine\u00a0\u00a0\u00a0\u00a0\u00a0\u00a0\u00a0 Alvis\u00a0\u00a0\u00a0\u00a0\u00a0\u00a0\u00a0 AMC\/Rambler\u00a0\u00a0\u00a0\u00a0\u00a0\u00a0\u00a0 Aston Martin\u00a0\u00a0\u00a0\u00a0\u00a0\u00a0\u00a0 Audi\u00a0\u00a0\u00a0\u00a0\u00a0\u00a0\u00a0 Austin\u00a0\u00a0\u00a0\u00a0\u00a0\u00a0\u00a0 Autobianchi\u00a0\u00a0\u00a0\u00a0\u00a0\u00a0\u00a0 Bentley\u00a0\u00a0\u00a0\u00a0\u00a0\u00a0\u00a0 BMW\u00a0\u00a0\u00a0\u00a0\u00a0\u00a0\u00a0 Bristol\u00a0\u00a0\u00a0\u00a0\u00a0\u00a0\u00a0 Bugatti\u00a0\u00a0\u00a0\u00a0\u00a0\u00a0\u00a0 Buick\u00a0\u00a0\u00a0\u00a0\u00a0\u00a0\u00a0 Cadillac\u00a0\u00a0\u00a0\u00a0\u00a0\u00a0\u00a0 Caterham\u00a0\u00a0\u00a0\u00a0\u00a0\u00a0\u00a0 Chevrolet\u00a0\u00a0\u00a0\u00a0\u00a0\u00a0\u00a0 Chrysler\u00a0\u00a0\u00a0\u00a0\u00a0\u00a0\u00a0 Citro\u00ebn\/DS\u00a0\u00a0\u00a0\u00a0\u00a0\u00a0\u00a0 DAF\u00a0\u00a0\u00a0\u00a0\u00a0\u00a0\u00a0 DeLorean\u00a0\u00a0\u00a0\u00a0\u00a0\u00a0\u00a0 DeTomaso\u00a0\u00a0\u00a0\u00a0\u00a0\u00a0\u00a0 DKW\u00a0\u00a0\u00a0\u00a0\u00a0\u00a0\u00a0 Dodge\u00a0\u00a0\u00a0\u00a0\u00a0\u00a0\u00a0 Donkervoort\u00a0\u00a0\u00a0\u00a0\u00a0\u00a0\u00a0 Ferrari\u00a0\u00a0\u00a0\u00a0\u00a0\u00a0\u00a0 Fiat\u00a0\u00a0\u00a0\u00a0\u00a0\u00a0\u00a0 Fisker\/Karma\u00a0\u00a0\u00a0\u00a0\u00a0\u00a0\u00a0 Ford\u00a0\u00a0\u00a0\u00a0\u00a0\u00a0\u00a0 Gordon Keeble\u00a0\u00a0\u00a0\u00a0\u00a0\u00a0\u00a0 Hispano-Suiza\u00a0\u00a0\u00a0\u00a0\u00a0\u00a0\u00a0 Honda\u00a0\u00a0\u00a0\u00a0\u00a0\u00a0\u00a0 Hummer\u00a0\u00a0\u00a0\u00a0\u00a0\u00a0\u00a0 Hyundai\u00a0\u00a0\u00a0\u00a0\u00a0\u00a0\u00a0 Iso\u00a0\u00a0\u00a0\u00a0\u00a0\u00a0\u00a0 Isuzu\u00a0\u00a0\u00a0\u00a0\u00a0\u00a0\u00a0 Jaguar\u00a0\u00a0\u00a0\u00a0\u00a0\u00a0\u00a0 Jeep\u00a0\u00a0\u00a0\u00a0\u00a0\u00a0\u00a0 Kaiser-Frazer\u00a0\u00a0\u00a0\u00a0\u00a0\u00a0\u00a0 KIA\u00a0\u00a0\u00a0\u00a0\u00a0\u00a0\u00a0 Lamborghini\u00a0\u00a0\u00a0\u00a0\u00a0\u00a0\u00a0 Lancia\u00a0\u00a0\u00a0\u00a0\u00a0\u00a0\u00a0 Land Rover\u00a0\u00a0\u00a0\u00a0\u00a0\u00a0\u00a0 Lexus\u00a0\u00a0\u00a0\u00a0\u00a0\u00a0\u00a0 Lincoln\u00a0\u00a0\u00a0\u00a0\u00a0\u00a0\u00a0 Lotus\u00a0\u00a0\u00a0\u00a0\u00a0\u00a0\u00a0\u2026","rel":"","context":"Liknende innlegg","block_context":{"text":"Liknende innlegg","link":""},"img":{"alt_text":"bilmerker","src":"https:\/\/i0.wp.com\/terjebjornstad.com\/no\/wp-content\/uploads\/2024\/09\/bilkatalogen-1-wiii-1.png?resize=350%2C200&ssl=1","width":350,"height":200},"classes":[]},{"id":5563,"url":"https:\/\/terjebjornstad.com\/no\/ford\/","url_meta":{"origin":14687,"position":1},"title":"Ford Motor Company ble stiftet\u2026","author":"Terje Bj\u00f8rnstad","date":"22\/06\/2016","format":false,"excerpt":"Ford Motor Company ble stiftet i 1903. Henry Ford oppfant samleb\u00e5ndet og kunne lage biler som vanlige folk hadde r\u00e5d til. Fra mellomkrigstiden etablerte Ford seg i land over hele verden og kunne produsere biler som var tilpasset markeder utenfor USA. De viktigste landene for Norge var Storbritannia og Tyskland.\u2026","rel":"","context":"Liknende innlegg","block_context":{"text":"Liknende innlegg","link":""},"img":{"alt_text":"","src":"https:\/\/i0.wp.com\/terjebjornstad.com\/no\/wp-content\/uploads\/2023\/03\/Image3.jpg?resize=350%2C200&ssl=1","width":350,"height":200},"classes":[]},{"id":5518,"url":"https:\/\/terjebjornstad.com\/no\/1959-ford-anglia-105e\/","url_meta":{"origin":14687,"position":2},"title":"Ford Anglia 105E","author":"Terje Bj\u00f8rnstad","date":"22\/06\/2016","format":false,"excerpt":"Kjent for bakruta Ford Anglia ble kjent for sin s\u00e6regne bakrute, og senere ud\u00f8deliggjort gjennom filmene med Harry Potter. Innoverskr\u00e5nende bakruter hadde et blaff av popularitet p\u00e5 slutten av femtitallet, men forsvant like fort som det kom. Bortsett fra p\u00e5 Anglia. Den beholdt den skr\u00e5 bakruten helt frem til 1968\u2026","rel":"","context":"Liknende innlegg","block_context":{"text":"Liknende innlegg","link":""},"img":{"alt_text":"105e anglia","src":"https:\/\/i0.wp.com\/terjebjornstad.com\/no\/wp-content\/uploads\/2018\/10\/ford-105e-1080x1080.png?fit=1080%2C1080&ssl=1&resize=350%2C200","width":350,"height":200,"srcset":"https:\/\/i0.wp.com\/terjebjornstad.com\/no\/wp-content\/uploads\/2018\/10\/ford-105e-1080x1080.png?fit=1080%2C1080&ssl=1&resize=350%2C200 1x, https:\/\/i0.wp.com\/terjebjornstad.com\/no\/wp-content\/uploads\/2018\/10\/ford-105e-1080x1080.png?fit=1080%2C1080&ssl=1&resize=525%2C300 1.5x, https:\/\/i0.wp.com\/terjebjornstad.com\/no\/wp-content\/uploads\/2018\/10\/ford-105e-1080x1080.png?fit=1080%2C1080&ssl=1&resize=700%2C400 2x, https:\/\/i0.wp.com\/terjebjornstad.com\/no\/wp-content\/uploads\/2018\/10\/ford-105e-1080x1080.png?fit=1080%2C1080&ssl=1&resize=1050%2C600 3x"},"classes":[]},{"id":69053,"url":"https:\/\/terjebjornstad.com\/no\/69053-2\/","url_meta":{"origin":14687,"position":3},"title":"... &nbsp; ...","author":"Terje Bj\u00f8rnstad","date":"26\/01\/2024","format":false,"excerpt":"... \u00a0 ...","rel":"","context":"Liknende innlegg","block_context":{"text":"Liknende innlegg","link":""},"img":{"alt_text":"","src":"https:\/\/i0.wp.com\/terjebjornstad.com\/no\/wp-content\/uploads\/2024\/11\/allbwd.png?resize=350%2C200&ssl=1","width":350,"height":200},"classes":[]},{"id":683,"url":"https:\/\/terjebjornstad.com\/no\/terjes-biler\/","url_meta":{"origin":14687,"position":4},"title":"Biler vi har kj\u00f8rt nylig\u2026","author":"Terje Bj\u00f8rnstad","date":"02\/02\/2014","format":false,"excerpt":"Biler vi har kj\u00f8rt nylig Alfa Romeo Stelvio Audi e-tron 55 BMW I3 120Ah Citroen C3 Aircross Citroen C4 PureTech Citroen \u00eb-Jumpy 75 Kwh Cupra Born 58 kwh Ford Kuga ladbar hybrid Ford Mustang Mach-E Ford Transit Connect L1 Hyundai Kona Electric MG MG4 Mini Cooper SE Mitsubishi Eclipse Cross\u2026","rel":"","context":"Liknende innlegg","block_context":{"text":"Liknende innlegg","link":""},"img":{"alt_text":"","src":"https:\/\/i0.wp.com\/terjebjornstad.com\/no\/wp-content\/uploads\/2024\/10\/terjesbiler2024-960x354-1.png?fit=960%2C354&ssl=1&resize=350%2C200","width":350,"height":200,"srcset":"https:\/\/i0.wp.com\/terjebjornstad.com\/no\/wp-content\/uploads\/2024\/10\/terjesbiler2024-960x354-1.png?fit=960%2C354&ssl=1&resize=350%2C200 1x, https:\/\/i0.wp.com\/terjebjornstad.com\/no\/wp-content\/uploads\/2024\/10\/terjesbiler2024-960x354-1.png?fit=960%2C354&ssl=1&resize=525%2C300 1.5x, https:\/\/i0.wp.com\/terjebjornstad.com\/no\/wp-content\/uploads\/2024\/10\/terjesbiler2024-960x354-1.png?fit=960%2C354&ssl=1&resize=700%2C400 2x"},"classes":[]},{"id":90863,"url":"https:\/\/terjebjornstad.com\/no\/","url_meta":{"origin":14687,"position":5},"title":"Biler vi har kj\u00f8rt nylig\u2026","author":"Terje Bj\u00f8rnstad","date":"05\/03\/2026","format":false,"excerpt":"Biler vi har kj\u00f8rt nylig Alfa Romeo Stelvio Audi e-tron 55 BMW I3 120Ah Citroen C3 Aircross Citroen C4 PureTech Citroen \u00eb-Jumpy 75 Kwh Cupra Born 58 kwh Ford Kuga ladbar hybrid Ford Mustang Mach-E Ford Transit Connect L1 Hyundai Kona Electric MG MG4 Mini Cooper SE Mitsubishi Eclipse Cross\u2026","rel":"","context":"Liknende innlegg","block_context":{"text":"Liknende innlegg","link":""},"img":{"alt_text":"","src":"https:\/\/i0.wp.com\/terjebjornstad.com\/no\/wp-content\/uploads\/2026\/02\/terjesbiler2024-960x354-1.png?fit=960%2C354&ssl=1&resize=350%2C200","width":350,"height":200,"srcset":"https:\/\/i0.wp.com\/terjebjornstad.com\/no\/wp-content\/uploads\/2026\/02\/terjesbiler2024-960x354-1.png?fit=960%2C354&ssl=1&resize=350%2C200 1x, https:\/\/i0.wp.com\/terjebjornstad.com\/no\/wp-content\/uploads\/2026\/02\/terjesbiler2024-960x354-1.png?fit=960%2C354&ssl=1&resize=525%2C300 1.5x, https:\/\/i0.wp.com\/terjebjornstad.com\/no\/wp-content\/uploads\/2026\/02\/terjesbiler2024-960x354-1.png?fit=960%2C354&ssl=1&resize=700%2C400 2x"},"classes":[]}],"_links":{"self":[{"href":"https:\/\/terjebjornstad.com\/no\/wp-json\/wp\/v2\/pages\/14687","targetHints":{"allow":["GET"]}}],"collection":[{"href":"https:\/\/terjebjornstad.com\/no\/wp-json\/wp\/v2\/pages"}],"about":[{"href":"https:\/\/terjebjornstad.com\/no\/wp-json\/wp\/v2\/types\/page"}],"author":[{"embeddable":true,"href":"https:\/\/terjebjornstad.com\/no\/wp-json\/wp\/v2\/users\/1"}],"replies":[{"embeddable":true,"href":"https:\/\/terjebjornstad.com\/no\/wp-json\/wp\/v2\/comments?post=14687"}],"version-history":[{"count":7,"href":"https:\/\/terjebjornstad.com\/no\/wp-json\/wp\/v2\/pages\/14687\/revisions"}],"predecessor-version":[{"id":90661,"href":"https:\/\/terjebjornstad.com\/no\/wp-json\/wp\/v2\/pages\/14687\/revisions\/90661"}],"wp:attachment":[{"href":"https:\/\/terjebjornstad.com\/no\/wp-json\/wp\/v2\/media?parent=14687"}],"curies":[{"name":"wp","href":"https:\/\/api.w.org\/{rel}","templated":true}]}}