{"id":10743,"date":"2017-05-29T22:58:56","date_gmt":"2017-05-29T22:58:56","guid":{"rendered":"http:\/\/terjebjornstad.com\/no\/?page_id=10743"},"modified":"2024-08-28T13:51:06","modified_gmt":"2024-08-28T12:51:06","slug":"mazda-mx-5-gen-3","status":"publish","type":"page","link":"https:\/\/terjebjornstad.com\/no\/mazda-mx-5-gen-3\/","title":{"rendered":"Mazda MX-5 gen. 3"},"content":{"rendered":"<div class=\"copy_teb\"><figure id=\"attachment_10737\" aria-describedby=\"caption-attachment-10737\" style=\"width: 686px\" class=\"wp-caption aligncenter\"><img data-recalc-dims=\"1\" loading=\"lazy\" decoding=\"async\" data-attachment-id=\"10737\" data-permalink=\"https:\/\/terjebjornstad.com\/no\/mazda-mx-5-gen-4\/mx400\/\" data-orig-file=\"https:\/\/i0.wp.com\/terjebjornstad.com\/no\/wp-content\/uploads\/2017\/05\/mx400.png?fit=686%2C457&amp;ssl=1\" data-orig-size=\"686,457\" data-comments-opened=\"1\" data-image-meta=\"{&quot;aperture&quot;:&quot;0&quot;,&quot;credit&quot;:&quot;&quot;,&quot;camera&quot;:&quot;&quot;,&quot;caption&quot;:&quot;&quot;,&quot;created_timestamp&quot;:&quot;0&quot;,&quot;copyright&quot;:&quot;&quot;,&quot;focal_length&quot;:&quot;0&quot;,&quot;iso&quot;:&quot;0&quot;,&quot;shutter_speed&quot;:&quot;0&quot;,&quot;title&quot;:&quot;&quot;,&quot;orientation&quot;:&quot;0&quot;}\" data-image-title=\"mx400\" data-image-description=\"\" data-image-caption=\"&lt;p&gt;Mazda MX-5 gen. 3.&lt;\/p&gt;\n\" data-large-file=\"https:\/\/i0.wp.com\/terjebjornstad.com\/no\/wp-content\/uploads\/2017\/05\/mx400.png?fit=686%2C457&amp;ssl=1\" src=\"https:\/\/i0.wp.com\/terjebjornstad.com\/no\/wp-content\/uploads\/2017\/05\/mx400.png?resize=686%2C457&#038;ssl=1\" alt=\"\" width=\"686\" height=\"457\" class=\"size-full wp-image-10737\" srcset=\"https:\/\/i0.wp.com\/terjebjornstad.com\/no\/wp-content\/uploads\/2017\/05\/mx400.png?w=686&amp;ssl=1 686w, https:\/\/i0.wp.com\/terjebjornstad.com\/no\/wp-content\/uploads\/2017\/05\/mx400.png?resize=300%2C200&amp;ssl=1 300w\" sizes=\"auto, (max-width: 686px) 100vw, 686px\" \/><figcaption id=\"caption-attachment-10737\" class=\"wp-caption-text\">2007 Mazda MX-5 (Akershus NO, 2017).<\/figcaption><\/figure><\/p>\n<p>Jeg tok bildene av MX-5 (3. generasjon) p\u00e5 Norsk Sportsvogn Klubbs store v\u00e5rm\u00f8nstring p\u00e5 Fornebu. MX-5 (Miata) var veldig godt representert. Dette er popul\u00e6re, folkelige sportsbiler, &#8211; som har alle kvaliteter man kan forvente av en sportsbil. <\/p>\n<figure id=\"attachment_10738\" aria-describedby=\"caption-attachment-10738\" style=\"width: 686px\" class=\"wp-caption aligncenter\"><img data-recalc-dims=\"1\" loading=\"lazy\" decoding=\"async\" data-attachment-id=\"10738\" data-permalink=\"https:\/\/terjebjornstad.com\/no\/mazda-mx-5-gen-4\/mx410\/\" data-orig-file=\"https:\/\/i0.wp.com\/terjebjornstad.com\/no\/wp-content\/uploads\/2017\/05\/mx410.png?fit=686%2C457&amp;ssl=1\" data-orig-size=\"686,457\" data-comments-opened=\"1\" data-image-meta=\"{&quot;aperture&quot;:&quot;0&quot;,&quot;credit&quot;:&quot;&quot;,&quot;camera&quot;:&quot;&quot;,&quot;caption&quot;:&quot;&quot;,&quot;created_timestamp&quot;:&quot;0&quot;,&quot;copyright&quot;:&quot;&quot;,&quot;focal_length&quot;:&quot;0&quot;,&quot;iso&quot;:&quot;0&quot;,&quot;shutter_speed&quot;:&quot;0&quot;,&quot;title&quot;:&quot;&quot;,&quot;orientation&quot;:&quot;0&quot;}\" data-image-title=\"mx410\" data-image-description=\"\" data-image-caption=\"&lt;p&gt;2010 Mazda MX-5 (Akershus NO, 2017).&lt;\/p&gt;\n\" data-large-file=\"https:\/\/i0.wp.com\/terjebjornstad.com\/no\/wp-content\/uploads\/2017\/05\/mx410.png?fit=686%2C457&amp;ssl=1\" src=\"https:\/\/i0.wp.com\/terjebjornstad.com\/no\/wp-content\/uploads\/2017\/05\/mx410.png?resize=686%2C457&#038;ssl=1\" alt=\"\" width=\"686\" height=\"457\" class=\"size-full wp-image-10738\" srcset=\"https:\/\/i0.wp.com\/terjebjornstad.com\/no\/wp-content\/uploads\/2017\/05\/mx410.png?w=686&amp;ssl=1 686w, https:\/\/i0.wp.com\/terjebjornstad.com\/no\/wp-content\/uploads\/2017\/05\/mx410.png?resize=300%2C200&amp;ssl=1 300w\" sizes=\"auto, (max-width: 686px) 100vw, 686px\" \/><figcaption id=\"caption-attachment-10738\" class=\"wp-caption-text\">2010 Mazda MX-5 (Akershus NO, 2017).<\/figcaption><\/figure>\n<p>&nbsp;<br \/>\n<\/p>\n<h6><\/h6>\n<\/div>\n","protected":false},"excerpt":{"rendered":"<p>Jeg tok bildene av MX-5 (3. generasjon) p\u00e5 Norsk Sportsvogn Klubbs store v\u00e5rm\u00f8nstring p\u00e5 Fornebu. MX-5 (Miata) var veldig godt representert. Dette er popul\u00e6re, folkelige sportsbiler, &#8211; som har alle kvaliteter man kan forvente av en sportsbil. &nbsp;<\/p>\n","protected":false},"author":1,"featured_media":0,"parent":0,"menu_order":0,"comment_status":"closed","ping_status":"closed","template":"","meta":{"_monsterinsights_skip_tracking":false,"_monsterinsights_sitenote_active":false,"_monsterinsights_sitenote_note":"","_monsterinsights_sitenote_category":0,"jetpack_post_was_ever_published":false,"footnotes":""},"class_list":["post-10743","page","type-page","status-publish","hentry"],"yoast_head":"<!-- This site is optimized with the Yoast SEO plugin v27.4 - https:\/\/yoast.com\/product\/yoast-seo-wordpress\/ -->\n<title>Mazda MX-5 gen. 3 - Terjes biler<\/title>\n<meta name=\"robots\" content=\"index, follow, max-snippet:-1, max-image-preview:large, max-video-preview:-1\" \/>\n<link rel=\"canonical\" href=\"https:\/\/terjebjornstad.com\/no\/mazda-mx-5-gen-3\/\" \/>\n<meta property=\"og:locale\" content=\"nb_NO\" \/>\n<meta property=\"og:type\" content=\"article\" \/>\n<meta property=\"og:title\" content=\"Mazda MX-5 gen. 3 - Terjes biler\" \/>\n<meta property=\"og:description\" content=\"Jeg tok bildene av MX-5 (3. generasjon) p\u00e5 Norsk Sportsvogn Klubbs store v\u00e5rm\u00f8nstring p\u00e5 Fornebu. MX-5 (Miata) var veldig godt representert. Dette er popul\u00e6re, folkelige sportsbiler, &#8211; som har alle kvaliteter man kan forvente av en sportsbil. &nbsp;\" \/>\n<meta property=\"og:url\" content=\"https:\/\/terjebjornstad.com\/no\/mazda-mx-5-gen-3\/\" \/>\n<meta property=\"og:site_name\" content=\"Terjes biler\" \/>\n<meta property=\"article:publisher\" content=\"https:\/\/www.facebook.com\/terjesbiler\/\" \/>\n<meta property=\"article:modified_time\" content=\"2024-08-28T12:51:06+00:00\" \/>\n<meta property=\"og:image\" content=\"https:\/\/terjebjornstad.com\/no\/wp-content\/uploads\/2017\/05\/mx400.png\" \/>\n<meta name=\"twitter:card\" content=\"summary_large_image\" \/>\n<meta name=\"twitter:label1\" content=\"Ansl. lesetid\" \/>\n\t<meta name=\"twitter:data1\" content=\"1 minutt\" \/>\n<script type=\"application\/ld+json\" class=\"yoast-schema-graph\">{\"@context\":\"https:\\\/\\\/schema.org\",\"@graph\":[{\"@type\":\"WebPage\",\"@id\":\"https:\\\/\\\/terjebjornstad.com\\\/no\\\/mazda-mx-5-gen-3\\\/\",\"url\":\"https:\\\/\\\/terjebjornstad.com\\\/no\\\/mazda-mx-5-gen-3\\\/\",\"name\":\"Mazda MX-5 gen. 3 - Terjes biler\",\"isPartOf\":{\"@id\":\"https:\\\/\\\/terjebjornstad.com\\\/no\\\/#website\"},\"primaryImageOfPage\":{\"@id\":\"https:\\\/\\\/terjebjornstad.com\\\/no\\\/mazda-mx-5-gen-3\\\/#primaryimage\"},\"image\":{\"@id\":\"https:\\\/\\\/terjebjornstad.com\\\/no\\\/mazda-mx-5-gen-3\\\/#primaryimage\"},\"thumbnailUrl\":\"https:\\\/\\\/terjebjornstad.com\\\/no\\\/wp-content\\\/uploads\\\/2017\\\/05\\\/mx400.png\",\"datePublished\":\"2017-05-29T22:58:56+00:00\",\"dateModified\":\"2024-08-28T12:51:06+00:00\",\"breadcrumb\":{\"@id\":\"https:\\\/\\\/terjebjornstad.com\\\/no\\\/mazda-mx-5-gen-3\\\/#breadcrumb\"},\"inLanguage\":\"nb-NO\",\"potentialAction\":[{\"@type\":\"ReadAction\",\"target\":[\"https:\\\/\\\/terjebjornstad.com\\\/no\\\/mazda-mx-5-gen-3\\\/\"]}]},{\"@type\":\"ImageObject\",\"inLanguage\":\"nb-NO\",\"@id\":\"https:\\\/\\\/terjebjornstad.com\\\/no\\\/mazda-mx-5-gen-3\\\/#primaryimage\",\"url\":\"https:\\\/\\\/i0.wp.com\\\/terjebjornstad.com\\\/no\\\/wp-content\\\/uploads\\\/2017\\\/05\\\/mx400.png?fit=686%2C457&ssl=1\",\"contentUrl\":\"https:\\\/\\\/i0.wp.com\\\/terjebjornstad.com\\\/no\\\/wp-content\\\/uploads\\\/2017\\\/05\\\/mx400.png?fit=686%2C457&ssl=1\",\"width\":686,\"height\":457,\"caption\":\"Mazda MX-5 gen. 3.\"},{\"@type\":\"BreadcrumbList\",\"@id\":\"https:\\\/\\\/terjebjornstad.com\\\/no\\\/mazda-mx-5-gen-3\\\/#breadcrumb\",\"itemListElement\":[{\"@type\":\"ListItem\",\"position\":1,\"name\":\"Hjem\",\"item\":\"https:\\\/\\\/terjebjornstad.com\\\/no\\\/\"},{\"@type\":\"ListItem\",\"position\":2,\"name\":\"Mazda MX-5 gen. 3\"}]},{\"@type\":\"WebSite\",\"@id\":\"https:\\\/\\\/terjebjornstad.com\\\/no\\\/#website\",\"url\":\"https:\\\/\\\/terjebjornstad.com\\\/no\\\/\",\"name\":\"Terjes biler\",\"description\":\"HONEST ABOUT CARS\",\"publisher\":{\"@id\":\"https:\\\/\\\/terjebjornstad.com\\\/no\\\/#organization\"},\"alternateName\":\"Terjebjornstad.com\",\"potentialAction\":[{\"@type\":\"SearchAction\",\"target\":{\"@type\":\"EntryPoint\",\"urlTemplate\":\"https:\\\/\\\/terjebjornstad.com\\\/no\\\/?s={search_term_string}\"},\"query-input\":{\"@type\":\"PropertyValueSpecification\",\"valueRequired\":true,\"valueName\":\"search_term_string\"}}],\"inLanguage\":\"nb-NO\"},{\"@type\":\"Organization\",\"@id\":\"https:\\\/\\\/terjebjornstad.com\\\/no\\\/#organization\",\"name\":\"Terje Bj\u00f8rnstad ENK\",\"url\":\"https:\\\/\\\/terjebjornstad.com\\\/no\\\/\",\"logo\":{\"@type\":\"ImageObject\",\"inLanguage\":\"nb-NO\",\"@id\":\"https:\\\/\\\/terjebjornstad.com\\\/no\\\/#\\\/schema\\\/logo\\\/image\\\/\",\"url\":\"https:\\\/\\\/i0.wp.com\\\/terjebjornstad.com\\\/no\\\/wp-content\\\/uploads\\\/2026\\\/02\\\/terjesbiler2024-960x354-1.png?fit=960%2C354&ssl=1\",\"contentUrl\":\"https:\\\/\\\/i0.wp.com\\\/terjebjornstad.com\\\/no\\\/wp-content\\\/uploads\\\/2026\\\/02\\\/terjesbiler2024-960x354-1.png?fit=960%2C354&ssl=1\",\"width\":960,\"height\":354,\"caption\":\"Terje Bj\u00f8rnstad ENK\"},\"image\":{\"@id\":\"https:\\\/\\\/terjebjornstad.com\\\/no\\\/#\\\/schema\\\/logo\\\/image\\\/\"},\"sameAs\":[\"https:\\\/\\\/www.facebook.com\\\/terjesbiler\\\/\",\"https:\\\/\\\/www.instagram.com\\\/terjesbiler\\\/\",\"https:\\\/\\\/www.pinteres.com\\\/terjebjrnstad\\\/terjes-biler\\\/\"]}]}<\/script>\n<!-- \/ Yoast SEO plugin. -->","yoast_head_json":{"title":"Mazda MX-5 gen. 3 - Terjes biler","robots":{"index":"index","follow":"follow","max-snippet":"max-snippet:-1","max-image-preview":"max-image-preview:large","max-video-preview":"max-video-preview:-1"},"canonical":"https:\/\/terjebjornstad.com\/no\/mazda-mx-5-gen-3\/","og_locale":"nb_NO","og_type":"article","og_title":"Mazda MX-5 gen. 3 - Terjes biler","og_description":"Jeg tok bildene av MX-5 (3. generasjon) p\u00e5 Norsk Sportsvogn Klubbs store v\u00e5rm\u00f8nstring p\u00e5 Fornebu. MX-5 (Miata) var veldig godt representert. Dette er popul\u00e6re, folkelige sportsbiler, &#8211; som har alle kvaliteter man kan forvente av en sportsbil. &nbsp;","og_url":"https:\/\/terjebjornstad.com\/no\/mazda-mx-5-gen-3\/","og_site_name":"Terjes biler","article_publisher":"https:\/\/www.facebook.com\/terjesbiler\/","article_modified_time":"2024-08-28T12:51:06+00:00","og_image":[{"url":"https:\/\/terjebjornstad.com\/no\/wp-content\/uploads\/2017\/05\/mx400.png","type":"","width":"","height":""}],"twitter_card":"summary_large_image","twitter_misc":{"Ansl. lesetid":"1 minutt"},"schema":{"@context":"https:\/\/schema.org","@graph":[{"@type":"WebPage","@id":"https:\/\/terjebjornstad.com\/no\/mazda-mx-5-gen-3\/","url":"https:\/\/terjebjornstad.com\/no\/mazda-mx-5-gen-3\/","name":"Mazda MX-5 gen. 3 - Terjes biler","isPartOf":{"@id":"https:\/\/terjebjornstad.com\/no\/#website"},"primaryImageOfPage":{"@id":"https:\/\/terjebjornstad.com\/no\/mazda-mx-5-gen-3\/#primaryimage"},"image":{"@id":"https:\/\/terjebjornstad.com\/no\/mazda-mx-5-gen-3\/#primaryimage"},"thumbnailUrl":"https:\/\/terjebjornstad.com\/no\/wp-content\/uploads\/2017\/05\/mx400.png","datePublished":"2017-05-29T22:58:56+00:00","dateModified":"2024-08-28T12:51:06+00:00","breadcrumb":{"@id":"https:\/\/terjebjornstad.com\/no\/mazda-mx-5-gen-3\/#breadcrumb"},"inLanguage":"nb-NO","potentialAction":[{"@type":"ReadAction","target":["https:\/\/terjebjornstad.com\/no\/mazda-mx-5-gen-3\/"]}]},{"@type":"ImageObject","inLanguage":"nb-NO","@id":"https:\/\/terjebjornstad.com\/no\/mazda-mx-5-gen-3\/#primaryimage","url":"https:\/\/i0.wp.com\/terjebjornstad.com\/no\/wp-content\/uploads\/2017\/05\/mx400.png?fit=686%2C457&ssl=1","contentUrl":"https:\/\/i0.wp.com\/terjebjornstad.com\/no\/wp-content\/uploads\/2017\/05\/mx400.png?fit=686%2C457&ssl=1","width":686,"height":457,"caption":"Mazda MX-5 gen. 3."},{"@type":"BreadcrumbList","@id":"https:\/\/terjebjornstad.com\/no\/mazda-mx-5-gen-3\/#breadcrumb","itemListElement":[{"@type":"ListItem","position":1,"name":"Hjem","item":"https:\/\/terjebjornstad.com\/no\/"},{"@type":"ListItem","position":2,"name":"Mazda MX-5 gen. 3"}]},{"@type":"WebSite","@id":"https:\/\/terjebjornstad.com\/no\/#website","url":"https:\/\/terjebjornstad.com\/no\/","name":"Terjes biler","description":"HONEST ABOUT CARS","publisher":{"@id":"https:\/\/terjebjornstad.com\/no\/#organization"},"alternateName":"Terjebjornstad.com","potentialAction":[{"@type":"SearchAction","target":{"@type":"EntryPoint","urlTemplate":"https:\/\/terjebjornstad.com\/no\/?s={search_term_string}"},"query-input":{"@type":"PropertyValueSpecification","valueRequired":true,"valueName":"search_term_string"}}],"inLanguage":"nb-NO"},{"@type":"Organization","@id":"https:\/\/terjebjornstad.com\/no\/#organization","name":"Terje Bj\u00f8rnstad ENK","url":"https:\/\/terjebjornstad.com\/no\/","logo":{"@type":"ImageObject","inLanguage":"nb-NO","@id":"https:\/\/terjebjornstad.com\/no\/#\/schema\/logo\/image\/","url":"https:\/\/i0.wp.com\/terjebjornstad.com\/no\/wp-content\/uploads\/2026\/02\/terjesbiler2024-960x354-1.png?fit=960%2C354&ssl=1","contentUrl":"https:\/\/i0.wp.com\/terjebjornstad.com\/no\/wp-content\/uploads\/2026\/02\/terjesbiler2024-960x354-1.png?fit=960%2C354&ssl=1","width":960,"height":354,"caption":"Terje Bj\u00f8rnstad ENK"},"image":{"@id":"https:\/\/terjebjornstad.com\/no\/#\/schema\/logo\/image\/"},"sameAs":["https:\/\/www.facebook.com\/terjesbiler\/","https:\/\/www.instagram.com\/terjesbiler\/","https:\/\/www.pinteres.com\/terjebjrnstad\/terjes-biler\/"]}]}},"jetpack_sharing_enabled":true,"jetpack_shortlink":"https:\/\/wp.me\/P48zYA-2Nh","jetpack-related-posts":[{"id":10736,"url":"https:\/\/terjebjornstad.com\/no\/mazda-mx-5-gen-4\/","url_meta":{"origin":10743,"position":0},"title":"Mazda MX-5 gen. 4","author":"Terje Bj\u00f8rnstad","date":"29\/05\/2017","format":false,"excerpt":"Jeg tok bildene av MX-5 p\u00e5 Norsk Sportsvogn Klubbs store v\u00e5rm\u00f8nstring p\u00e5 Fornebu. MX-5 (Miata) var veldig godt representert. Dette er popul\u00e6re, folkelige sportsbiler, - som har alle kvaliteter man kan forvente av en sportsbil. \u00a0","rel":"","context":"Liknende innlegg","block_context":{"text":"Liknende innlegg","link":""},"img":{"alt_text":"","src":"https:\/\/i0.wp.com\/terjebjornstad.com\/no\/wp-content\/uploads\/2021\/07\/mx500-686x457-1.png?resize=350%2C200&ssl=1","width":350,"height":200,"srcset":"https:\/\/i0.wp.com\/terjebjornstad.com\/no\/wp-content\/uploads\/2021\/07\/mx500-686x457-1.png?resize=350%2C200&ssl=1 1x, https:\/\/i0.wp.com\/terjebjornstad.com\/no\/wp-content\/uploads\/2021\/07\/mx500-686x457-1.png?resize=525%2C300&ssl=1 1.5x"},"classes":[]},{"id":21055,"url":"https:\/\/terjebjornstad.com\/no\/mazda-mx-5-gen-1\/","url_meta":{"origin":10743,"position":1},"title":"Mazda MX-5 gen. 2","author":"Terje Bj\u00f8rnstad","date":"31\/12\/2018","format":false,"excerpt":"Modellhistorikk Den andre modellen av MX-5 arvet mye av sjarmen fra den f\u00f8rste, samtidig som den fremst\u00e5r som mer moderne. Den ble produsert fra og med modell\u00e5r 1999 til og med 2005. Fra modell\u00e5ret 2001 fikk modellen en liten facelift med endringer av interi\u00f8ret, frontlys og endringer av profilene nederst\u2026","rel":"","context":"Liknende innlegg","block_context":{"text":"Liknende innlegg","link":""},"img":{"alt_text":"","src":"https:\/\/i0.wp.com\/terjebjornstad.com\/no\/wp-content\/uploads\/2018\/12\/mazda-mx-5-mk1-720x480.png?fit=720%2C480&ssl=1&resize=350%2C200","width":350,"height":200,"srcset":"https:\/\/i0.wp.com\/terjebjornstad.com\/no\/wp-content\/uploads\/2018\/12\/mazda-mx-5-mk1-720x480.png?fit=720%2C480&ssl=1&resize=350%2C200 1x, https:\/\/i0.wp.com\/terjebjornstad.com\/no\/wp-content\/uploads\/2018\/12\/mazda-mx-5-mk1-720x480.png?fit=720%2C480&ssl=1&resize=525%2C300 1.5x, https:\/\/i0.wp.com\/terjebjornstad.com\/no\/wp-content\/uploads\/2018\/12\/mazda-mx-5-mk1-720x480.png?fit=720%2C480&ssl=1&resize=700%2C400 2x"},"classes":[]},{"id":9037,"url":"https:\/\/terjebjornstad.com\/no\/mazda\/","url_meta":{"origin":10743,"position":2},"title":"Selskapet ble stiftet i 1920\u2026","author":"Terje Bj\u00f8rnstad","date":"15\/01\/2017","format":false,"excerpt":"Selskapet ble stiftet i 1920 som en korkfabrikk. Det var f\u00f8rst i 1960 at bilproduksjonen kom i gang, da med s\u00e5kalte \"kei cars\". Mazda har markert seg som den f\u00f8rste (og eneste) produsent som har lykkes med Wankel-teknologien. Mellom 1974 til 2015 var Mazda i partnerskap med Ford.","rel":"","context":"Liknende innlegg","block_context":{"text":"Liknende innlegg","link":""},"img":{"alt_text":"","src":"https:\/\/i0.wp.com\/terjebjornstad.com\/no\/wp-content\/uploads\/2023\/04\/mazda-logo-300x200-1.jpg?resize=350%2C200&ssl=1","width":350,"height":200},"classes":[]},{"id":22897,"url":"https:\/\/terjebjornstad.com\/no\/bmw-z3\/","url_meta":{"origin":10743,"position":3},"title":"BMW Z3","author":"Terje Bj\u00f8rnstad","date":"15\/04\/2019","format":false,"excerpt":"BMW Z3 er en roadster sportsbil basert p\u00e5 BMW's E36-serie. BMW's MX-5\/Miata utfordrer BMW Z3 er etterf\u00f8lgeren etter Z1. I forhold til Z1 ble Z3 mer konvensjonell, - basert p\u00e5 datidens 3-serie plattform E36 og motorisering. Z3 fikk stor popularitet, ikke minst i Norge, fordi man kunne f\u00e5 den med\u2026","rel":"","context":"Liknende innlegg","block_context":{"text":"Liknende innlegg","link":""},"img":{"alt_text":"","src":"https:\/\/i0.wp.com\/terjebjornstad.com\/no\/wp-content\/uploads\/2019\/04\/bmw-z3-1080x720.png?fit=1080%2C720&ssl=1&resize=350%2C200","width":350,"height":200,"srcset":"https:\/\/i0.wp.com\/terjebjornstad.com\/no\/wp-content\/uploads\/2019\/04\/bmw-z3-1080x720.png?fit=1080%2C720&ssl=1&resize=350%2C200 1x, https:\/\/i0.wp.com\/terjebjornstad.com\/no\/wp-content\/uploads\/2019\/04\/bmw-z3-1080x720.png?fit=1080%2C720&ssl=1&resize=525%2C300 1.5x, https:\/\/i0.wp.com\/terjebjornstad.com\/no\/wp-content\/uploads\/2019\/04\/bmw-z3-1080x720.png?fit=1080%2C720&ssl=1&resize=700%2C400 2x, https:\/\/i0.wp.com\/terjebjornstad.com\/no\/wp-content\/uploads\/2019\/04\/bmw-z3-1080x720.png?fit=1080%2C720&ssl=1&resize=1050%2C600 3x"},"classes":[]},{"id":24961,"url":"https:\/\/terjebjornstad.com\/no\/fiat-barchetta\/","url_meta":{"origin":10743,"position":4},"title":"Fiat Barchetta","author":"Terje Bj\u00f8rnstad","date":"14\/07\/2019","format":false,"excerpt":"Sportsbil under 100 000 Italiensk sportsbil for godt under 100 000 - regn med 50 000 pluss frakt og fiks. Modellen ble produsert mellom 1995 til 2005. De siste to \u00e5rene i en facelifted utgave med st\u00f8rre grill, samt nye st\u00f8tfangere foran og bak. Barchetta betyr \"liten b\u00e5t\" p\u00e5 italiensk.\u2026","rel":"","context":"Liknende innlegg","block_context":{"text":"Liknende innlegg","link":""},"img":{"alt_text":"","src":"https:\/\/i0.wp.com\/terjebjornstad.com\/no\/wp-content\/uploads\/2019\/07\/fiat-barchetta-1080x720.png?fit=1080%2C720&ssl=1&resize=350%2C200","width":350,"height":200,"srcset":"https:\/\/i0.wp.com\/terjebjornstad.com\/no\/wp-content\/uploads\/2019\/07\/fiat-barchetta-1080x720.png?fit=1080%2C720&ssl=1&resize=350%2C200 1x, https:\/\/i0.wp.com\/terjebjornstad.com\/no\/wp-content\/uploads\/2019\/07\/fiat-barchetta-1080x720.png?fit=1080%2C720&ssl=1&resize=525%2C300 1.5x, https:\/\/i0.wp.com\/terjebjornstad.com\/no\/wp-content\/uploads\/2019\/07\/fiat-barchetta-1080x720.png?fit=1080%2C720&ssl=1&resize=700%2C400 2x, https:\/\/i0.wp.com\/terjebjornstad.com\/no\/wp-content\/uploads\/2019\/07\/fiat-barchetta-1080x720.png?fit=1080%2C720&ssl=1&resize=1050%2C600 3x"},"classes":[]},{"id":126,"url":"https:\/\/terjebjornstad.com\/no\/hyundai\/","url_meta":{"origin":10743,"position":5},"title":"Hyundai","author":"Terje Bj\u00f8rnstad","date":"01\/01\/2013","format":false,"excerpt":"Hyundai ble introdusert i Norge i begynnelsen p\u00e5 1990-tallet av Kolberg Motor som ogs\u00e5 var norsk hovedimport\u00f8r av Mazda. Hyundai og Mazda delte s\u00e5ledes i flere \u00e5r forhandlernett. I dag er det Hyundai Motor Company som selv st\u00e5r for den norske importen. 2013: Mens bilindustrien over hele verden arbeider i\u2026","rel":"","context":"Liknende innlegg","block_context":{"text":"Liknende innlegg","link":""},"img":{"alt_text":"hyu","src":"https:\/\/i0.wp.com\/terjebjornstad.com\/no\/wp-content\/uploads\/2013\/01\/hyu.png?resize=350%2C200&ssl=1","width":350,"height":200},"classes":[]}],"_links":{"self":[{"href":"https:\/\/terjebjornstad.com\/no\/wp-json\/wp\/v2\/pages\/10743","targetHints":{"allow":["GET"]}}],"collection":[{"href":"https:\/\/terjebjornstad.com\/no\/wp-json\/wp\/v2\/pages"}],"about":[{"href":"https:\/\/terjebjornstad.com\/no\/wp-json\/wp\/v2\/types\/page"}],"author":[{"embeddable":true,"href":"https:\/\/terjebjornstad.com\/no\/wp-json\/wp\/v2\/users\/1"}],"replies":[{"embeddable":true,"href":"https:\/\/terjebjornstad.com\/no\/wp-json\/wp\/v2\/comments?post=10743"}],"version-history":[{"count":3,"href":"https:\/\/terjebjornstad.com\/no\/wp-json\/wp\/v2\/pages\/10743\/revisions"}],"predecessor-version":[{"id":74753,"href":"https:\/\/terjebjornstad.com\/no\/wp-json\/wp\/v2\/pages\/10743\/revisions\/74753"}],"wp:attachment":[{"href":"https:\/\/terjebjornstad.com\/no\/wp-json\/wp\/v2\/media?parent=10743"}],"curies":[{"name":"wp","href":"https:\/\/api.w.org\/{rel}","templated":true}]}}