{"id":10719,"date":"2017-05-26T15:04:49","date_gmt":"2017-05-26T15:04:49","guid":{"rendered":"http:\/\/terjebjornstad.com\/no\/?page_id=10719"},"modified":"2026-03-03T22:57:25","modified_gmt":"2026-03-03T21:57:25","slug":"kia-soul-ev","status":"publish","type":"page","link":"https:\/\/terjebjornstad.com\/no\/kia-soul-ev\/","title":{"rendered":""},"content":{"rendered":"<div class=\"copy_teb\"><center>Du blir automatisk omdirigert til:<\/p>\n<figure id=\"attachment_10700\" aria-describedby=\"caption-attachment-10700\" style=\"width: 300px\" class=\"wp-caption aligncenter\"><a href=\"https:\/\/terjebjornstad.com\/no\/2017\/05\/26\/kia-soul-ev\/\"><img data-recalc-dims=\"1\" loading=\"lazy\" decoding=\"async\" data-attachment-id=\"10700\" data-permalink=\"https:\/\/terjebjornstad.com\/no\/2017\/05\/26\/kia-soul-ev\/kia-soul-ev-1\/\" data-orig-file=\"https:\/\/i0.wp.com\/terjebjornstad.com\/no\/wp-content\/uploads\/2017\/05\/kia-soul-ev-1.png?fit=686%2C425&amp;ssl=1\" data-orig-size=\"686,425\" data-comments-opened=\"1\" data-image-meta=\"{&quot;aperture&quot;:&quot;0&quot;,&quot;credit&quot;:&quot;&quot;,&quot;camera&quot;:&quot;&quot;,&quot;caption&quot;:&quot;&quot;,&quot;created_timestamp&quot;:&quot;0&quot;,&quot;copyright&quot;:&quot;&quot;,&quot;focal_length&quot;:&quot;0&quot;,&quot;iso&quot;:&quot;0&quot;,&quot;shutter_speed&quot;:&quot;0&quot;,&quot;title&quot;:&quot;&quot;,&quot;orientation&quot;:&quot;0&quot;}\" data-image-title=\"kia-soul-ev-1\" data-image-description=\"\" data-image-caption=\"&lt;p&gt;&lt;em&gt;KIA Soul EV.&lt;\/em&gt;&lt;br \/&gt;I praksis samme rekkevidde som Leaf 30KW. Den er kvikk og behagelig. Morsom \u00e5 kj\u00f8re.&lt;\/p&gt;\n\" data-large-file=\"https:\/\/i0.wp.com\/terjebjornstad.com\/no\/wp-content\/uploads\/2017\/05\/kia-soul-ev-1.png?fit=686%2C425&amp;ssl=1\" src=\"https:\/\/i0.wp.com\/terjebjornstad.com\/no\/wp-content\/uploads\/2017\/05\/kia-soul-ev-1-1.jpg?resize=300%2C186&#038;ssl=1\" alt=\"\" width=\"300\" height=\"186\" class=\"size-medium wp-image-10700\" \/><\/a><figcaption id=\"caption-attachment-10700\" class=\"wp-caption-text\">KIA Soul EV<\/figcaption><\/figure>\n<h6><\/h6>\n<p>\t\t<meta http-equiv=\"refresh\" content=\"5; url=https:\/\/terjebjornstad.com\/no\/2017\/05\/26\/kia-soul-ev\/\">\n\t\t\t\tPlease wait while you are redirected...or <a href=\"https:\/\/terjebjornstad.com\/no\/2017\/05\/26\/kia-soul-ev\/\">Click Here<\/a> if you do not want to wait.\n\t\t\t\t<br \/>\n<\/center><\/p>\n<h6><\/h6>\n<\/div>\n","protected":false},"excerpt":{"rendered":"<p>Du blir automatisk omdirigert til:<\/p>\n","protected":false},"author":1,"featured_media":0,"parent":0,"menu_order":0,"comment_status":"closed","ping_status":"closed","template":"","meta":{"_monsterinsights_skip_tracking":false,"_monsterinsights_sitenote_active":false,"_monsterinsights_sitenote_note":"","_monsterinsights_sitenote_category":0,"jetpack_post_was_ever_published":false,"footnotes":""},"class_list":["post-10719","page","type-page","status-publish","hentry"],"yoast_head":"<!-- This site is optimized with the Yoast SEO plugin v27.5 - https:\/\/yoast.com\/product\/yoast-seo-wordpress\/ -->\n<title>- Terjes biler<\/title>\n<meta name=\"robots\" content=\"index, follow, max-snippet:-1, max-image-preview:large, max-video-preview:-1\" \/>\n<link rel=\"canonical\" href=\"https:\/\/terjebjornstad.com\/no\/kia-soul-ev\/\" \/>\n<meta property=\"og:locale\" content=\"nb_NO\" \/>\n<meta property=\"og:type\" content=\"article\" \/>\n<meta property=\"og:title\" content=\"- Terjes biler\" \/>\n<meta property=\"og:description\" content=\"Du blir automatisk omdirigert til:\" \/>\n<meta property=\"og:url\" content=\"https:\/\/terjebjornstad.com\/no\/kia-soul-ev\/\" \/>\n<meta property=\"og:site_name\" content=\"Terjes biler\" \/>\n<meta property=\"article:publisher\" content=\"https:\/\/www.facebook.com\/terjesbiler\/\" \/>\n<meta property=\"article:modified_time\" content=\"2026-03-03T21:57:25+00:00\" \/>\n<meta property=\"og:image\" content=\"https:\/\/terjebjornstad.com\/no\/wp-content\/uploads\/2017\/05\/kia-soul-ev-1-1.jpg\" \/>\n<meta name=\"twitter:card\" content=\"summary_large_image\" \/>\n<meta name=\"twitter:label1\" content=\"Ansl. lesetid\" \/>\n\t<meta name=\"twitter:data1\" content=\"1 minutt\" \/>\n<script type=\"application\/ld+json\" class=\"yoast-schema-graph\">{\"@context\":\"https:\\\/\\\/schema.org\",\"@graph\":[{\"@type\":\"WebPage\",\"@id\":\"https:\\\/\\\/terjebjornstad.com\\\/no\\\/kia-soul-ev\\\/\",\"url\":\"https:\\\/\\\/terjebjornstad.com\\\/no\\\/kia-soul-ev\\\/\",\"name\":\"- Terjes biler\",\"isPartOf\":{\"@id\":\"https:\\\/\\\/terjebjornstad.com\\\/no\\\/#website\"},\"primaryImageOfPage\":{\"@id\":\"https:\\\/\\\/terjebjornstad.com\\\/no\\\/kia-soul-ev\\\/#primaryimage\"},\"image\":{\"@id\":\"https:\\\/\\\/terjebjornstad.com\\\/no\\\/kia-soul-ev\\\/#primaryimage\"},\"thumbnailUrl\":\"https:\\\/\\\/terjebjornstad.com\\\/no\\\/wp-content\\\/uploads\\\/2017\\\/05\\\/kia-soul-ev-1-1.jpg\",\"datePublished\":\"2017-05-26T15:04:49+00:00\",\"dateModified\":\"2026-03-03T21:57:25+00:00\",\"inLanguage\":\"nb-NO\",\"potentialAction\":[{\"@type\":\"ReadAction\",\"target\":[\"https:\\\/\\\/terjebjornstad.com\\\/no\\\/kia-soul-ev\\\/\"]}]},{\"@type\":\"ImageObject\",\"inLanguage\":\"nb-NO\",\"@id\":\"https:\\\/\\\/terjebjornstad.com\\\/no\\\/kia-soul-ev\\\/#primaryimage\",\"url\":\"https:\\\/\\\/i0.wp.com\\\/terjebjornstad.com\\\/no\\\/wp-content\\\/uploads\\\/2017\\\/05\\\/kia-soul-ev-1-1.jpg?fit=686%2C425&ssl=1\",\"contentUrl\":\"https:\\\/\\\/i0.wp.com\\\/terjebjornstad.com\\\/no\\\/wp-content\\\/uploads\\\/2017\\\/05\\\/kia-soul-ev-1-1.jpg?fit=686%2C425&ssl=1\",\"width\":686,\"height\":425,\"caption\":\"KIA Soul\"},{\"@type\":\"WebSite\",\"@id\":\"https:\\\/\\\/terjebjornstad.com\\\/no\\\/#website\",\"url\":\"https:\\\/\\\/terjebjornstad.com\\\/no\\\/\",\"name\":\"Terjes biler\",\"description\":\"HONEST ABOUT CARS\",\"publisher\":{\"@id\":\"https:\\\/\\\/terjebjornstad.com\\\/no\\\/#organization\"},\"alternateName\":\"Terjebjornstad.com\",\"potentialAction\":[{\"@type\":\"SearchAction\",\"target\":{\"@type\":\"EntryPoint\",\"urlTemplate\":\"https:\\\/\\\/terjebjornstad.com\\\/no\\\/?s={search_term_string}\"},\"query-input\":{\"@type\":\"PropertyValueSpecification\",\"valueRequired\":true,\"valueName\":\"search_term_string\"}}],\"inLanguage\":\"nb-NO\"},{\"@type\":\"Organization\",\"@id\":\"https:\\\/\\\/terjebjornstad.com\\\/no\\\/#organization\",\"name\":\"Terje Bj\u00f8rnstad ENK\",\"url\":\"https:\\\/\\\/terjebjornstad.com\\\/no\\\/\",\"logo\":{\"@type\":\"ImageObject\",\"inLanguage\":\"nb-NO\",\"@id\":\"https:\\\/\\\/terjebjornstad.com\\\/no\\\/#\\\/schema\\\/logo\\\/image\\\/\",\"url\":\"https:\\\/\\\/i0.wp.com\\\/terjebjornstad.com\\\/no\\\/wp-content\\\/uploads\\\/2026\\\/02\\\/terjesbiler2024-960x354-1.png?fit=960%2C354&ssl=1\",\"contentUrl\":\"https:\\\/\\\/i0.wp.com\\\/terjebjornstad.com\\\/no\\\/wp-content\\\/uploads\\\/2026\\\/02\\\/terjesbiler2024-960x354-1.png?fit=960%2C354&ssl=1\",\"width\":960,\"height\":354,\"caption\":\"Terje Bj\u00f8rnstad ENK\"},\"image\":{\"@id\":\"https:\\\/\\\/terjebjornstad.com\\\/no\\\/#\\\/schema\\\/logo\\\/image\\\/\"},\"sameAs\":[\"https:\\\/\\\/www.facebook.com\\\/terjesbiler\\\/\",\"https:\\\/\\\/www.instagram.com\\\/terjesbiler\\\/\",\"https:\\\/\\\/www.pinteres.com\\\/terjebjrnstad\\\/terjes-biler\\\/\"]}]}<\/script>\n<!-- \/ Yoast SEO plugin. -->","yoast_head_json":{"title":"- Terjes biler","robots":{"index":"index","follow":"follow","max-snippet":"max-snippet:-1","max-image-preview":"max-image-preview:large","max-video-preview":"max-video-preview:-1"},"canonical":"https:\/\/terjebjornstad.com\/no\/kia-soul-ev\/","og_locale":"nb_NO","og_type":"article","og_title":"- Terjes biler","og_description":"Du blir automatisk omdirigert til:","og_url":"https:\/\/terjebjornstad.com\/no\/kia-soul-ev\/","og_site_name":"Terjes biler","article_publisher":"https:\/\/www.facebook.com\/terjesbiler\/","article_modified_time":"2026-03-03T21:57:25+00:00","og_image":[{"url":"https:\/\/terjebjornstad.com\/no\/wp-content\/uploads\/2017\/05\/kia-soul-ev-1-1.jpg","type":"","width":"","height":""}],"twitter_card":"summary_large_image","twitter_misc":{"Ansl. lesetid":"1 minutt"},"schema":{"@context":"https:\/\/schema.org","@graph":[{"@type":"WebPage","@id":"https:\/\/terjebjornstad.com\/no\/kia-soul-ev\/","url":"https:\/\/terjebjornstad.com\/no\/kia-soul-ev\/","name":"- Terjes biler","isPartOf":{"@id":"https:\/\/terjebjornstad.com\/no\/#website"},"primaryImageOfPage":{"@id":"https:\/\/terjebjornstad.com\/no\/kia-soul-ev\/#primaryimage"},"image":{"@id":"https:\/\/terjebjornstad.com\/no\/kia-soul-ev\/#primaryimage"},"thumbnailUrl":"https:\/\/terjebjornstad.com\/no\/wp-content\/uploads\/2017\/05\/kia-soul-ev-1-1.jpg","datePublished":"2017-05-26T15:04:49+00:00","dateModified":"2026-03-03T21:57:25+00:00","inLanguage":"nb-NO","potentialAction":[{"@type":"ReadAction","target":["https:\/\/terjebjornstad.com\/no\/kia-soul-ev\/"]}]},{"@type":"ImageObject","inLanguage":"nb-NO","@id":"https:\/\/terjebjornstad.com\/no\/kia-soul-ev\/#primaryimage","url":"https:\/\/i0.wp.com\/terjebjornstad.com\/no\/wp-content\/uploads\/2017\/05\/kia-soul-ev-1-1.jpg?fit=686%2C425&ssl=1","contentUrl":"https:\/\/i0.wp.com\/terjebjornstad.com\/no\/wp-content\/uploads\/2017\/05\/kia-soul-ev-1-1.jpg?fit=686%2C425&ssl=1","width":686,"height":425,"caption":"KIA Soul"},{"@type":"WebSite","@id":"https:\/\/terjebjornstad.com\/no\/#website","url":"https:\/\/terjebjornstad.com\/no\/","name":"Terjes biler","description":"HONEST ABOUT CARS","publisher":{"@id":"https:\/\/terjebjornstad.com\/no\/#organization"},"alternateName":"Terjebjornstad.com","potentialAction":[{"@type":"SearchAction","target":{"@type":"EntryPoint","urlTemplate":"https:\/\/terjebjornstad.com\/no\/?s={search_term_string}"},"query-input":{"@type":"PropertyValueSpecification","valueRequired":true,"valueName":"search_term_string"}}],"inLanguage":"nb-NO"},{"@type":"Organization","@id":"https:\/\/terjebjornstad.com\/no\/#organization","name":"Terje Bj\u00f8rnstad ENK","url":"https:\/\/terjebjornstad.com\/no\/","logo":{"@type":"ImageObject","inLanguage":"nb-NO","@id":"https:\/\/terjebjornstad.com\/no\/#\/schema\/logo\/image\/","url":"https:\/\/i0.wp.com\/terjebjornstad.com\/no\/wp-content\/uploads\/2026\/02\/terjesbiler2024-960x354-1.png?fit=960%2C354&ssl=1","contentUrl":"https:\/\/i0.wp.com\/terjebjornstad.com\/no\/wp-content\/uploads\/2026\/02\/terjesbiler2024-960x354-1.png?fit=960%2C354&ssl=1","width":960,"height":354,"caption":"Terje Bj\u00f8rnstad ENK"},"image":{"@id":"https:\/\/terjebjornstad.com\/no\/#\/schema\/logo\/image\/"},"sameAs":["https:\/\/www.facebook.com\/terjesbiler\/","https:\/\/www.instagram.com\/terjesbiler\/","https:\/\/www.pinteres.com\/terjebjrnstad\/terjes-biler\/"]}]}},"jetpack_sharing_enabled":true,"jetpack_shortlink":"https:\/\/wp.me\/P48zYA-2MT","jetpack-related-posts":[{"id":6973,"url":"https:\/\/terjebjornstad.com\/no\/kia\/","url_meta":{"origin":10719,"position":0},"title":"Kia er en ganske ung\u2026","author":"Terje Bj\u00f8rnstad","date":"28\/08\/2016","format":false,"excerpt":"Kia er en ganske ung bilprodusent som . De begynte \u00e5 produsere biler p\u00e5 lisens fra begynnelsen av 60-\u00e5rene. Den f\u00f8rste Kia-modellen var Kia Pride - som egentlig var en re-badged Mazda 121. I 1998 gikk selskapet konkurs og ble hjulpet opp av Hyundai som kj\u00f8pte 51% i Kia. I\u2026","rel":"","context":"Liknende innlegg","block_context":{"text":"Liknende innlegg","link":""},"img":{"alt_text":"","src":"https:\/\/i0.wp.com\/terjebjornstad.com\/no\/wp-content\/uploads\/2023\/03\/kia-logo-300x200-1.jpg?resize=350%2C200&ssl=1","width":350,"height":200},"classes":[]},{"id":14294,"url":"https:\/\/terjebjornstad.com\/no\/kia-picanto-sr7\/","url_meta":{"origin":10719,"position":1},"title":"Du blir automatisk omdirigert til:","author":"Terje Bj\u00f8rnstad","date":"23\/12\/2017","format":false,"excerpt":"Du blir automatisk omdirigert til:","rel":"","context":"Liknende innlegg","block_context":{"text":"Liknende innlegg","link":""},"img":{"alt_text":"","src":"https:\/\/i0.wp.com\/terjebjornstad.com\/no\/wp-content\/uploads\/2017\/12\/kia-picanto-5-686-300x200.png?resize=350%2C200&ssl=1","width":350,"height":200},"classes":[]},{"id":6970,"url":"https:\/\/terjebjornstad.com\/no\/2017-kia-niro\/","url_meta":{"origin":10719,"position":2},"title":"KIA Niro","author":"Terje Bj\u00f8rnstad","date":"28\/08\/2016","format":false,"excerpt":"Jeg tok et par hastige bilder av KIA Niro p\u00e5 en bilutstilling p\u00e5 Aker Brygge i Oslo. Det var f\u00f8rste gang jeg s\u00e5 Niro. Dette er en hybridbil med samme hybrid-drivverk som man kan f\u00e5 i Hyundai Ioniq. Jeg likte bilen, fordi den har en form som gj\u00f8r den brukbar\u2026","rel":"","context":"Liknende innlegg","block_context":{"text":"Liknende innlegg","link":""},"img":{"alt_text":"2017 Kia Niro (Oslo NO, 2016).","src":"https:\/\/i0.wp.com\/terjebjornstad.com\/no\/wp-content\/uploads\/2016\/08\/kia-niro-10.png?resize=350%2C200&ssl=1","width":350,"height":200,"srcset":"https:\/\/i0.wp.com\/terjebjornstad.com\/no\/wp-content\/uploads\/2016\/08\/kia-niro-10.png?resize=350%2C200&ssl=1 1x, https:\/\/i0.wp.com\/terjebjornstad.com\/no\/wp-content\/uploads\/2016\/08\/kia-niro-10.png?resize=525%2C300&ssl=1 1.5x"},"classes":[]},{"id":35348,"url":"https:\/\/terjebjornstad.com\/no\/bobiler\/american-dream-trailers\/","url_meta":{"origin":10719,"position":3},"title":"American Dream Trailers","author":"Terje Bj\u00f8rnstad","date":"06\/10\/2020","format":false,"excerpt":"Dette m\u00e5 v\u00e6re den cooleste campingvogna du kan hekte bak p\u00e5 veteranbilen din. Mon tro om den kunne passet til en Tesla ogs\u00e5? \u00a0 Cool men ikke stor Det er ikke hver dag vi kommer over en American Dream Classic Camping Trailer. Denne vogna er faktisk flunkende ny, bygget i\u2026","rel":"","context":"Liknende innlegg","block_context":{"text":"Liknende innlegg","link":""},"img":{"alt_text":"","src":"https:\/\/i0.wp.com\/terjebjornstad.com\/no\/wp-content\/uploads\/2016\/10\/american-dream-5.png?fit=686%2C598&ssl=1&resize=350%2C200","width":350,"height":200,"srcset":"https:\/\/i0.wp.com\/terjebjornstad.com\/no\/wp-content\/uploads\/2016\/10\/american-dream-5.png?fit=686%2C598&ssl=1&resize=350%2C200 1x, https:\/\/i0.wp.com\/terjebjornstad.com\/no\/wp-content\/uploads\/2016\/10\/american-dream-5.png?fit=686%2C598&ssl=1&resize=525%2C300 1.5x"},"classes":[]},{"id":30637,"url":"https:\/\/terjebjornstad.com\/no\/bildekatalogen\/","url_meta":{"origin":10719,"position":4},"title":"Bilmerker Alfa Romeo&nbsp;&nbsp;&nbsp;&nbsp;&nbsp;&nbsp;&nbsp; Alpine&nbsp;&nbsp;&nbsp;&nbsp;&nbsp;&nbsp;&nbsp; Alvis&nbsp;&nbsp;&nbsp;&nbsp;&nbsp;&nbsp;&nbsp;\u2026","author":"Terje Bj\u00f8rnstad","date":"18\/02\/2020","format":false,"excerpt":"Bilmerker Alfa Romeo\u00a0\u00a0\u00a0\u00a0\u00a0\u00a0\u00a0 Alpine\u00a0\u00a0\u00a0\u00a0\u00a0\u00a0\u00a0 Alvis\u00a0\u00a0\u00a0\u00a0\u00a0\u00a0\u00a0 AMC\/Rambler\u00a0\u00a0\u00a0\u00a0\u00a0\u00a0\u00a0 Aston Martin\u00a0\u00a0\u00a0\u00a0\u00a0\u00a0\u00a0 Audi\u00a0\u00a0\u00a0\u00a0\u00a0\u00a0\u00a0 Austin\u00a0\u00a0\u00a0\u00a0\u00a0\u00a0\u00a0 Autobianchi\u00a0\u00a0\u00a0\u00a0\u00a0\u00a0\u00a0 Bentley\u00a0\u00a0\u00a0\u00a0\u00a0\u00a0\u00a0 BMW\u00a0\u00a0\u00a0\u00a0\u00a0\u00a0\u00a0 Bristol\u00a0\u00a0\u00a0\u00a0\u00a0\u00a0\u00a0 Bugatti\u00a0\u00a0\u00a0\u00a0\u00a0\u00a0\u00a0 Buick\u00a0\u00a0\u00a0\u00a0\u00a0\u00a0\u00a0 Cadillac\u00a0\u00a0\u00a0\u00a0\u00a0\u00a0\u00a0 Caterham\u00a0\u00a0\u00a0\u00a0\u00a0\u00a0\u00a0 Chevrolet\u00a0\u00a0\u00a0\u00a0\u00a0\u00a0\u00a0 Chrysler\u00a0\u00a0\u00a0\u00a0\u00a0\u00a0\u00a0 Citro\u00ebn\/DS\u00a0\u00a0\u00a0\u00a0\u00a0\u00a0\u00a0 DAF\u00a0\u00a0\u00a0\u00a0\u00a0\u00a0\u00a0 DeLorean\u00a0\u00a0\u00a0\u00a0\u00a0\u00a0\u00a0 DeTomaso\u00a0\u00a0\u00a0\u00a0\u00a0\u00a0\u00a0 DKW\u00a0\u00a0\u00a0\u00a0\u00a0\u00a0\u00a0 Dodge\u00a0\u00a0\u00a0\u00a0\u00a0\u00a0\u00a0 Donkervoort\u00a0\u00a0\u00a0\u00a0\u00a0\u00a0\u00a0 Ferrari\u00a0\u00a0\u00a0\u00a0\u00a0\u00a0\u00a0 Fiat\u00a0\u00a0\u00a0\u00a0\u00a0\u00a0\u00a0 Fisker\/Karma\u00a0\u00a0\u00a0\u00a0\u00a0\u00a0\u00a0 Ford\u00a0\u00a0\u00a0\u00a0\u00a0\u00a0\u00a0 Gordon Keeble\u00a0\u00a0\u00a0\u00a0\u00a0\u00a0\u00a0 Hispano-Suiza\u00a0\u00a0\u00a0\u00a0\u00a0\u00a0\u00a0 Honda\u00a0\u00a0\u00a0\u00a0\u00a0\u00a0\u00a0 Hummer\u00a0\u00a0\u00a0\u00a0\u00a0\u00a0\u00a0 Hyundai\u00a0\u00a0\u00a0\u00a0\u00a0\u00a0\u00a0 Iso\u00a0\u00a0\u00a0\u00a0\u00a0\u00a0\u00a0 Isuzu\u00a0\u00a0\u00a0\u00a0\u00a0\u00a0\u00a0 Jaguar\u00a0\u00a0\u00a0\u00a0\u00a0\u00a0\u00a0 Jeep\u00a0\u00a0\u00a0\u00a0\u00a0\u00a0\u00a0 Kaiser-Frazer\u00a0\u00a0\u00a0\u00a0\u00a0\u00a0\u00a0 KIA\u00a0\u00a0\u00a0\u00a0\u00a0\u00a0\u00a0 Lamborghini\u00a0\u00a0\u00a0\u00a0\u00a0\u00a0\u00a0 Lancia\u00a0\u00a0\u00a0\u00a0\u00a0\u00a0\u00a0 Land Rover\u00a0\u00a0\u00a0\u00a0\u00a0\u00a0\u00a0 Lexus\u00a0\u00a0\u00a0\u00a0\u00a0\u00a0\u00a0 Lincoln\u00a0\u00a0\u00a0\u00a0\u00a0\u00a0\u00a0 Lotus\u00a0\u00a0\u00a0\u00a0\u00a0\u00a0\u00a0\u2026","rel":"","context":"Liknende innlegg","block_context":{"text":"Liknende innlegg","link":""},"img":{"alt_text":"bilmerker","src":"https:\/\/i0.wp.com\/terjebjornstad.com\/no\/wp-content\/uploads\/2024\/09\/bilkatalogen-1-wiii-1.png?resize=350%2C200&ssl=1","width":350,"height":200},"classes":[]},{"id":7095,"url":"https:\/\/terjebjornstad.com\/no\/hyundai-2\/","url_meta":{"origin":10719,"position":5},"title":"Hyundai Motor Company ble stiftet\u2026","author":"Terje Bj\u00f8rnstad","date":"29\/08\/2016","format":false,"excerpt":"Hyundai Motor Company ble stiftet i 1967 og produserte Ford Cortina parallelt med Ford, UK. Deres f\u00f8rste egenutviklede bil var Pony, som ogs\u00e5 fant veien til Norge. Hyundai eier en andel i KIA og de to selskapene samarbeider med ny teknologi. Hyundai har i dag et forsprang med hensyn til\u2026","rel":"","context":"Liknende innlegg","block_context":{"text":"Liknende innlegg","link":""},"img":{"alt_text":"","src":"https:\/\/i0.wp.com\/terjebjornstad.com\/no\/wp-content\/uploads\/2023\/03\/hyundai-logo-300x200-1.jpg?resize=350%2C200&ssl=1","width":350,"height":200},"classes":[]}],"_links":{"self":[{"href":"https:\/\/terjebjornstad.com\/no\/wp-json\/wp\/v2\/pages\/10719","targetHints":{"allow":["GET"]}}],"collection":[{"href":"https:\/\/terjebjornstad.com\/no\/wp-json\/wp\/v2\/pages"}],"about":[{"href":"https:\/\/terjebjornstad.com\/no\/wp-json\/wp\/v2\/types\/page"}],"author":[{"embeddable":true,"href":"https:\/\/terjebjornstad.com\/no\/wp-json\/wp\/v2\/users\/1"}],"replies":[{"embeddable":true,"href":"https:\/\/terjebjornstad.com\/no\/wp-json\/wp\/v2\/comments?post=10719"}],"version-history":[{"count":8,"href":"https:\/\/terjebjornstad.com\/no\/wp-json\/wp\/v2\/pages\/10719\/revisions"}],"predecessor-version":[{"id":90675,"href":"https:\/\/terjebjornstad.com\/no\/wp-json\/wp\/v2\/pages\/10719\/revisions\/90675"}],"wp:attachment":[{"href":"https:\/\/terjebjornstad.com\/no\/wp-json\/wp\/v2\/media?parent=10719"}],"curies":[{"name":"wp","href":"https:\/\/api.w.org\/{rel}","templated":true}]}}